{"id":2044,"date":"2021-07-23T09:13:05","date_gmt":"2021-07-23T07:13:05","guid":{"rendered":"https:\/\/www.mecasoft.be\/politique-de-confidentialite\/"},"modified":"2021-12-15T16:32:16","modified_gmt":"2021-12-15T15:32:16","slug":"privacybeleid","status":"publish","type":"page","link":"https:\/\/www.mecasoft.be\/nl\/privacybeleid\/","title":{"rendered":"Privacybeleid"},"content":{"rendered":"<div class=\"wpb-content-wrapper\"><p>[vc_row][vc_column][vc_column_text]<\/p>\n<h1>Verklaring gegevensbescherming<\/h1>\n<p>&nbsp;<\/p>\n<ol>\n<li><strong> Wie zijn wij?<\/strong><\/li>\n<\/ol>\n<p>&nbsp;<\/p>\n<p><strong>Mecasoft<\/strong><\/p>\n<p>Uiterst precieze bewerking van metalen onderdelen.<\/p>\n<p>&nbsp;<\/p>\n<p><strong>Opdracht<\/strong><\/p>\n<p>Voldoen aan de strengste eisen van de toonaangevende sectoren.<\/p>\n<p>&nbsp;<\/p>\n<p><strong>Contact<\/strong><\/p>\n<p>Mecasoft<\/p>\n<p>Rue de la Molign\u00e9e 60 5537 ANHEE Belgi\u00eb<\/p>\n<p>+32 82 61 16 12<\/p>\n<p>contact@mecasoft.be<\/p>\n<p>0429.711.384<\/p>\n<p>&nbsp;<\/p>\n<p>Mecasoft verbindt zich ertoe de geldende wetgeving in Belgi\u00eb en in Europa na te leven en stelt alles in het werk om elk ongeoorloofd of onrechtmatig gebruik van uw persoonsgegevens te voorkomen. Daartoe gebruiken wij passende procedures en systemen om ervoor te zorgen dat enkel bevoegde personen toegang hebben tot uw informatie. Verder willen wij u er nog op wijzen dat deze personen in het kader van hun functie gebonden zijn door een geheimhoudingsplicht.<\/p>\n<p>&nbsp;<\/p>\n<ol start=\"2\">\n<li><strong> Waarom verwerken wij uw persoonsgegevens?<\/strong><\/li>\n<\/ol>\n<p>&nbsp;<\/p>\n<p><strong>2.1. VERSPREIDEN EN VERZAMELEN VAN INFORMATIE EN VERWERKEN VAN DOSSIERS<\/strong><\/p>\n<p>&nbsp;<\/p>\n<p><strong>2.1.1 BEANTWOORDEN VAN VRAGEN VIA HET CONTACTFORMULIER<\/strong><\/p>\n<p>&nbsp;<\/p>\n<p>Wettelijke verplichting<\/p>\n<p>Wij verwerken deze persoonsgegevens om de (informatie)veiligheid en de goede werking van onze organisatie te waarborgen.<\/p>\n<p>&nbsp;<\/p>\n<table width=\"683\">\n<tbody>\n<tr>\n<td width=\"195\"><strong>Welke persoonsgegevens?<\/strong><\/td>\n<td width=\"189\"><strong>Hoe komen we aan deze gegevens?<\/strong><\/td>\n<td width=\"126\"><strong>Hoe lang?<\/strong><\/td>\n<td width=\"172\"><strong>Met wie worden deze gegevens gedeeld?<\/strong><\/td>\n<\/tr>\n<tr>\n<td width=\"195\">Identificatiegegevens, contactdetails en gegevens betreffende de vraag, de informatie of de bestelling<\/td>\n<td width=\"189\">Rechtstreeks van de betrokkene(n) OF onrechtstreeks van een of meerdere andere personen<\/td>\n<td width=\"126\">3 jaar na laatste contact<\/td>\n<td width=\"172\">Onderaannemers die instaan voor onze ICT-infrastructuur<\/td>\n<\/tr>\n<\/tbody>\n<\/table>\n<p>&nbsp;<\/p>\n<p>Indirect van een of meerdere andere personen: in sommige gevallen ontvangen wij een verzoek van iemand anders en dit betekent dat wij over persoonsgegevens van een of meerdere andere personen kunnen beschikken.<\/p>\n<p>&nbsp;<\/p>\n<p><strong>2.1.2. VERWERKING VAN EEN BESTELLING<\/strong><\/p>\n<p>&nbsp;<\/p>\n<p>Wettelijke verplichting<\/p>\n<p>Wij verwerken deze persoonsgegevens om de (informatie)veiligheid en de goede werking van onze organisatie te waarborgen.<\/p>\n<p>&nbsp;<\/p>\n<table width=\"709\">\n<tbody>\n<tr>\n<td width=\"189\"><strong>Welke persoonsgegevens?<\/strong><\/td>\n<td width=\"189\"><strong>Hoe komen we aan deze gegevens?<\/strong><\/td>\n<td width=\"142\"><strong>Hoe lang?<\/strong><\/td>\n<td width=\"189\"><strong>Met wie worden deze gegevens gedeeld?<\/strong><\/td>\n<\/tr>\n<tr>\n<td width=\"189\">Identificatiegegevens, contactdetails en gegevens betreffende de vraag, de informatie of de bestelling<\/td>\n<td width=\"189\">Rechtstreeks van de betrokkene(n) OF onrechtstreeks van een of meerdere andere personen<\/td>\n<td width=\"142\">3 jaar na laatste contact<\/td>\n<td width=\"189\">Onderaannemers die instaan voor onze ICT-infrastructuur<\/td>\n<\/tr>\n<\/tbody>\n<\/table>\n<p>&nbsp;<\/p>\n<p>Indirect van een of meerdere andere personen: in sommige gevallen ontvangen wij een verzoek van iemand anders en dit betekent dat wij over persoonsgegevens van een of meerdere andere personen kunnen beschikken.<\/p>\n<p>&nbsp;<\/p>\n<p><strong>2.1.3. UITOEFENING VAN DE RECHTEN VAN BETROKKENEN IN VERBAND MET DE VERWERKING DOOR MECASOFT<\/strong><\/p>\n<p>&nbsp;<\/p>\n<p>Wettelijke verplichting<br \/>\nWij verwerken deze persoonsgegevens omdat wij ze nodig hebben om onze wettelijk bepaalde taken uit te voeren<\/p>\n<p>&nbsp;<\/p>\n<table width=\"699\">\n<tbody>\n<tr>\n<td width=\"214\"><strong>Welke persoonsgegevens?<\/strong><\/td>\n<td width=\"180\"><strong>Hoe komen we aan deze gegevens?<\/strong><\/td>\n<td width=\"142\"><strong>Hoe lang?<\/strong><\/td>\n<td width=\"164\"><strong>Met wie worden deze gegevens gedeeld?<\/strong><\/td>\n<\/tr>\n<tr>\n<td width=\"214\">Identificatiegegevens, contactdetails en gegevens betreffende de vraag, de informatie of de bestelling<\/td>\n<td width=\"180\">Rechtstreeks van de betrokkene<\/td>\n<td width=\"142\">1 jaar nadat het dossier is afgesloten<\/td>\n<td width=\"164\">Onderaannemers die instaan voor onze ICT-infrastructuur<\/td>\n<\/tr>\n<\/tbody>\n<\/table>\n<p>&nbsp;<\/p>\n<p><strong>2.2. Beheer van de organisatie<\/strong><\/p>\n<p>&nbsp;<\/p>\n<p><strong>2.2.1. WEBSITE<\/strong><\/p>\n<p>&nbsp;<\/p>\n<p>Wanneer u onze website bezoekt, verwerken wij bepaalde persoonsgegevens zoals IP-adressen en cookies om de goede werking en de veiligheid van onze website te garanderen.<\/p>\n<p>De verwerking van de aldus verkregen persoonsgegevens is gebaseerd op het gerechtvaardigde belang van de veiligheid en de goede werking van onze website en op uw toestemming wat de analyse van het gebruik van onze website betreft. Behalve voor noodzakelijke cookies, vragen wij altijd om uw toestemming. Hieronder vindt u een overzicht van de cookies die op onze website worden gebruikt.<\/p>\n<p>&nbsp;<\/p>\n<p><strong>Cookies<\/strong><\/p>\n<p>Een cookie is een klein tekstbestand dat op uw computer kan worden opgeslagen wanneer u websites bezoekt. Informatie wordt opgeslagen in een tekstbestand, zoals uw taalkeuze voor een website. Wanneer u de website later opnieuw bezoekt, wordt deze cookie teruggestuurd naar de website in kwestie. Op die manier herkent de website uw browser en kan hij bijvoorbeeld uw taalkeuze onthouden.<\/p>\n<p>Cookies hebben meestal ook een vervaldatum. Sommige cookies worden bijvoorbeeld automatisch gewist wanneer u uw browser sluit (zogenaamde sessiecookies), terwijl andere voor langere tijd op uw computer blijven staan, soms zelfs tot u ze handmatig verwijdert (zogenaamde permanente cookies).<\/p>\n<p>&nbsp;<\/p>\n<p>Open het toestemmingsvenster<\/p>\n<p>&nbsp;<\/p>\n<p><strong>Waarom gebruiken wij cookies?<\/strong><\/p>\n<p>Mecasoft, beheerder van deze website, gebruikt drie soorten cookies op www.mecasoft.be:<\/p>\n<ul>\n<li>essenti\u00eble cookies;<\/li>\n<li>functionele cookies;<\/li>\n<li>analytische cookies.<\/li>\n<\/ul>\n<p>&nbsp;<\/p>\n<p>Om de inhoud van zijn website te beheren, plaatst Mecasoft essenti\u00eble en functionele cookies. Deze cookies zijn noodzakelijk voor de goede werking van deze website. Deze cookies kunt u niet weigeren als u onze website wilt bezoeken.<\/p>\n<p>&nbsp;<\/p>\n<p>Mecasoft gebruikt ook &#8220;Google Analytics&#8221; voor analytische doeleinden. Dit analyse-instrument plaatst cookies die wij gebruiken om het bezoek (verkeer) aan de website te kwantificeren. Zo kunnen we zien hoe vaak een bepaalde pagina is gelezen. Wij gebruiken deze informatie enkel om de inhoud van onze website te verbeteren of als basis voor een nieuwe campagne over een bepaald onderwerp dat van groot belang is. Het gebruik van deze cookies voor analysedoeleinden is onderworpen aan uw voorafgaande toestemming. Deze cookies worden dus alleen met uw toestemming op uw apparaat ge\u00efnstalleerd.<\/p>\n<p>&nbsp;<\/p>\n<p><strong>Lijst van analytische cookies<\/strong><\/p>\n<p>Onderstaande cookies kunt u weigeren als u op onze website wilt surfen.<\/p>\n<p>&nbsp;<\/p>\n<table width=\"662\">\n<tbody>\n<tr>\n<td width=\"217\"><strong>Naam<\/strong><\/td>\n<td width=\"104\"><strong>Deadline<\/strong><\/td>\n<td width=\"340\"><strong>Doelstelling<\/strong><\/td>\n<\/tr>\n<tr>\n<td width=\"217\">ga = Google Universal Analytics<\/td>\n<td width=\"104\">2 jaar<\/td>\n<td width=\"340\">Unieke gebruikers onderscheiden door een willekeurig gegenereerd nummer als klantidentificatie toe te kennen<\/td>\n<\/tr>\n<tr>\n<td width=\"217\">_gat = Google Universal Analytics<\/td>\n<td width=\"104\">1 minuut<\/p>\n<p>&nbsp;<\/td>\n<td width=\"340\">Het aantal vragen verminderen<\/td>\n<\/tr>\n<tr>\n<td width=\"217\">_gid = Google Universal Analytics<\/td>\n<td width=\"104\">24 uur<\/td>\n<td width=\"340\">Een unieke waarde voor elke bezochte pagina opslaan en bijwerken<\/td>\n<\/tr>\n<\/tbody>\n<\/table>\n<p>&nbsp;<\/p>\n<p>&nbsp;<\/p>\n<p><strong>Hoe kan ik zien welke cookies er op mijn apparaat staan en hoe verwijder ik ze?<\/strong><\/p>\n<p>Als u wilt weten welke cookies op uw apparaat zijn ge\u00efnstalleerd of als u ze wilt verwijderen, kunt u een instelling in uw browser gebruiken. Meer informatie over hoe u dit kunt doen, vindt u via onderstaande links.<\/p>\n<p>&nbsp;<\/p>\n<table width=\"984\">\n<tbody>\n<tr>\n<td width=\"151\"><strong>Firefox<\/strong><\/td>\n<td width=\"151\"><strong>Chroom<\/strong><\/td>\n<td width=\"151\"><strong>Safari<\/strong><\/td>\n<td width=\"151\"><strong>Internet Explorer<\/strong><\/td>\n<\/tr>\n<tr>\n<td width=\"151\"><a href=\"https:\/\/support.mozilla.org\/nl\/kb\/cookies-informatie-websites-computer-opgeslagen\">Firefox<\/a><\/td>\n<td width=\"151\"><a href=\"https:\/\/support.google.com\/chrome\/answer\/95647?hl=nl\">Chroom<\/a><\/td>\n<td width=\"151\"><a href=\"https:\/\/support.apple.com\/nl-be\/guide\/safari\/sfri11471\/mac\">Safari<\/a><\/td>\n<td width=\"151\"><a href=\"https:\/\/support.microsoft.com\/nl-nl\/windows\/cookies-verwijderen-en-beheren-168dab11-0753-043d-7c16-ede5947fc64d\">Internet Explorer<\/a><\/td>\n<\/tr>\n<tr>\n<td width=\"151\">Firefox (mobiel)<\/td>\n<td width=\"151\"><a href=\"https:\/\/support.google.com\/chrome\/answer\/95647?hl=nl&amp;co=GENIE.Platform=Android&amp;oco=1\">Chrome (mobiel)<\/a><\/td>\n<td width=\"151\"><a href=\"https:\/\/support.apple.com\/nl-be\/HT201265\">Safari (mobiel)<\/a><\/td>\n<td width=\"151\"><a href=\"https:\/\/support.microsoft.com\/nl-nl\/microsoft-edge\/cookies-verwijderen-in-microsoft-edge-63947406-40ac-c3b8-57b9-2a946a29ae09\">Microsoft Edge<\/a><\/td>\n<\/tr>\n<\/tbody>\n<\/table>\n<p>&nbsp;<\/p>\n<p>Gebruikt u een andere browser? Controleer of de procedure voor uw browser op de website <a href=\"http:\/\/www.allaboutcookies.org\/manage-cookies\">www.allaboutcookies.org\/manage-cookies<\/a> staat. Deze website is enkel beschikbaar in het Engels.<\/p>\n<p>&nbsp;<\/p>\n<p><strong>2.2.2. EXTERNE LINKS<\/strong><\/p>\n<p>&nbsp;<\/p>\n<p>Op de website van Mecasoft staan externe links om bepaalde informatie te documenteren. De activering van deze links valt onder de verantwoordelijkheid van de gebruiker. Wij raden u echter aan de privacyverklaring en het cookiebeleid van de betrokken website te raadplegen.<\/p>\n<p>&nbsp;<\/p>\n<p><strong>2.2.3. NIEUWSBRIEF<\/strong><\/p>\n<p>&nbsp;<\/p>\n<p>Toestemming<br \/>\nWij verwerken deze persoonsgegevens om de (informatie)beveiliging en de goede werking van onze organisatie te waarborgen.<\/p>\n<p>&nbsp;<\/p>\n<table width=\"699\">\n<tbody>\n<tr>\n<td width=\"189\"><strong>Welke persoonsgegevens?<\/strong><\/td>\n<td width=\"198\"><strong>Hoe komen we aan deze gegevens?<\/strong><\/td>\n<td width=\"130\"><strong>Hoe lang?<\/strong><\/td>\n<td width=\"182\"><strong>Met wie worden deze gegevens gedeeld?<\/strong><\/td>\n<\/tr>\n<tr>\n<td width=\"189\">Identificatie- en contactgegevens<\/p>\n<p>&nbsp;<\/td>\n<td width=\"198\">Rechtstreeks van de betrokkene<\/td>\n<td width=\"130\">Tot de intrekking van de toestemming<\/p>\n<p>&nbsp;<\/td>\n<td width=\"182\">Onderaannemers die instaan voor onze ICT-infrastructuur<\/td>\n<\/tr>\n<\/tbody>\n<\/table>\n<p>&nbsp;<\/p>\n<p>Op voorwaarde dat u vooraf uw uitdrukkelijke toestemming hebt gegeven, mogen wij u per e-mail nieuwsbrieven sturen. Indien u onze nieuwsbrieven echter niet meer wenst te ontvangen, kunt u zich hiervoor op elk moment uitschrijven via de daartoe voorziene uitschrijfoptie.<\/p>\n<p>&nbsp;<\/p>\n<ol start=\"3\">\n<li><strong> Wat zijn uw rechten en hoe kunt u ze uitoefenen?<\/strong><\/li>\n<\/ol>\n<p>&nbsp;<\/p>\n<p>Als u een klacht, vraag of bezorgdheid hebt over de manier waarop wij uw persoonsgegevens gebruiken, kunt u contact met ons opnemen.<\/p>\n<p>&nbsp;<\/p>\n<p>Mecasoft<\/p>\n<p>Rue de la Molign\u00e9e 60<br \/>\n5537 ANHEE<br \/>\nBelgi\u00eb<\/p>\n<p>+32 82 61 16 12<\/p>\n<p>contact@mecasoft.be<\/p>\n<p>Als u contact met ons opneemt om uw rechten uit te oefenen, zullen wij binnen 1 maand reageren. In uitzonderlijke gevallen kan deze termijn worden verlengd (tot maximaal 3 maanden), maar wij zullen u binnen 1 maand de reden hiervoor meedelen. Of u uw rechten al dan niet kunt uitoefenen, hangt af van de verwerking en de rechtsgrondslag.<\/p>\n<p>&nbsp;<\/p>\n<p>Zorg er altijd voor dat u duidelijk aangeeft welk recht u wenst uit te oefenen en hoe u de informatie wenst te ontvangen (bv. per e-mail, per post, mondeling &#8230;). Houdt er rekening mee dat wij in sommige gevallen aanvullende informatie nodig hebben. We willen er zeker van zijn dat we de juiste persoon helpen.<\/p>\n<p>&nbsp;<\/p>\n<p><strong>3.1. RECHT VAN TOEGANG<\/strong><\/p>\n<p>U hebt het recht ons te vragen welke persoonsgegevens wij over u bewaren. Wij kunnen u gratis een kopie bezorgen, maar dit is niet voor alle documenten mogelijk. Wij willen ook de rechten en vrijheden van anderen in acht nemen.<\/p>\n<p>&nbsp;<\/p>\n<p><strong>3.2. RECHT OP CORRECTIE<\/strong><\/p>\n<p>Denkt u dat uw gegevens niet accuraat of up-to-date zijn? U hebt het recht ons te vragen deze te corrigeren.<\/p>\n<p>&nbsp;<\/p>\n<p><strong>3.3. RECHT VAN BEZWAAR<\/strong><\/p>\n<p>U hebt het recht ons te vragen de verwerking van uw persoonsgegevens stop te zetten.<\/p>\n<p>&nbsp;<\/p>\n<p><strong>3.4. RECHT OP BEPERKING VAN DE VERWERKING<\/strong><\/p>\n<p>U kunt ons vragen de verwerking van uw persoonsgegevens te beperken, bijvoorbeeld wanneer wij de juistheid van uw persoonsgegevens controleren.<\/p>\n<p>&nbsp;<\/p>\n<p><strong>3.5. RECHT OM TE WORDEN VERGETEN OF GEWIST<\/strong><\/p>\n<p>U hebt het recht ons te vragen uw persoonsgegevens te wissen. Indien wij wettelijk verplicht zijn bepaalde persoonsgegevens te bewaren, kunnen wij niet aan dit verzoek voldoen.<\/p>\n<p>&nbsp;<\/p>\n<p><strong>3.6. RECHT OM UW TOESTEMMING IN TE TREKKEN<\/strong><\/p>\n<p>In geval van verwerking van persoonsgegevens op basis van uw toestemming, kan deze toestemming worden ingetrokken.<\/p>\n<p>&nbsp;<\/p>\n<p><strong>3.7. RECHT OM EEN KLACHT IN TE DIENEN BIJ DE TOEZICHTHOUDENDE AUTORITEIT<\/strong><\/p>\n<p>Indien u van mening bent dat de verwerking van uw persoonsgegevens een inbreuk vormt op de EU-verordening inzake gegevensbescherming, hebt u het recht een klacht in te dienen bij een toezichthoudende autoriteit.<\/p>\n<p>&nbsp;<\/p>\n<p>Gegevensbeschermingsautoriteit<\/p>\n<p>Drukpersstraat 35<\/p>\n<p>1000 Brussel<\/p>\n<p>&nbsp;<\/p>\n<ol start=\"4\">\n<li><strong> Toepassingsgebied van het privacybeleid<\/strong><\/li>\n<\/ol>\n<p>&nbsp;<\/p>\n<p>Tenzij anders vermeld, is dit privacybeleid bedoeld om te worden toegepast op alle websites, applicaties, tools, enz. van Mecasoft en op alle diensten die wij aanbieden en waarnaar expliciet wordt verwezen.<\/p>\n<p>&nbsp;<\/p>\n<p>Houd er rekening mee dat ons privacybeleid in de loop van de tijd kan veranderen. Elke wijziging is dan onmiddellijk van toepassing zodra zij is bekendgemaakt. Daarom nodigen wij u uit het beleid regelmatig te raadplegen.<\/p>\n<p>&nbsp;<\/p>\n<p>Behalve wanneer dit wettelijk verplicht is of wanneer de bekendmaking van uw gegevens noodzakelijk is om uw verzoek te behandelen of om onze taken uit te voeren zoals beschreven in punt 3 (bekendmaking aan overheidsinstanties, bekendmaking aan onze onderaannemers, enz.), geven wij geen van uw persoonsgegevens door aan derden zonder uw voorafgaande toestemming. Wanneer wij uw gegevens delen met andere entiteiten, zorgen wij er bovendien altijd voor dat wij alleen die persoonsgegevens bekendmaken die strikt noodzakelijk zijn om het doel van de verwerking die op u betrekking heeft, te bereiken.[\/vc_column_text][\/vc_column][\/vc_row]<\/p>\n<\/div>","protected":false},"excerpt":{"rendered":"<p>[vc_row][vc_column][vc_column_text] Verklaring gegevensbescherming &nbsp; Wie zijn wij? &nbsp; Mecasoft Uiterst precieze bewerking van metalen onderdelen. &nbsp; Opdracht Voldoen aan de strengste eisen van de toonaangevende sectoren. &nbsp; Contact Mecasoft Rue de la Molign\u00e9e 60 5537 ANHEE Belgi\u00eb +32 82 61 16 12 contact@mecasoft.be 0429.711.384 &nbsp; Mecasoft verbindt zich ertoe de geldende wetgeving in Belgi\u00eb en&hellip;<\/p>\n","protected":false},"author":1,"featured_media":0,"parent":0,"menu_order":101,"comment_status":"closed","ping_status":"closed","template":"","meta":{"footnotes":""},"class_list":["post-2044","page","type-page","status-publish","hentry","description-off"],"yoast_head":"<!-- This site is optimized with the Yoast SEO plugin v26.8 - https:\/\/yoast.com\/product\/yoast-seo-wordpress\/ -->\n<title>Gegevensbescherming | Mecasoft<\/title>\n<meta name=\"description\" content=\"Lees meer over ons privacybeleid met betrekking tot de bescherming van uw gegevens.\" \/>\n<meta name=\"robots\" content=\"index, follow, max-snippet:-1, max-image-preview:large, max-video-preview:-1\" \/>\n<link rel=\"canonical\" href=\"https:\/\/www.mecasoft.be\/nl\/privacybeleid\/\" \/>\n<meta property=\"og:locale\" content=\"nl_NL\" \/>\n<meta property=\"og:type\" content=\"article\" \/>\n<meta property=\"og:title\" content=\"Gegevensbescherming | Mecasoft\" \/>\n<meta property=\"og:description\" content=\"Lees meer over ons privacybeleid met betrekking tot de bescherming van uw gegevens.\" \/>\n<meta property=\"og:url\" content=\"https:\/\/www.mecasoft.be\/nl\/privacybeleid\/\" \/>\n<meta property=\"og:site_name\" content=\"Mecasoft\" \/>\n<meta property=\"article:modified_time\" content=\"2021-12-15T15:32:16+00:00\" \/>\n<meta name=\"twitter:card\" content=\"summary_large_image\" \/>\n<meta name=\"twitter:label1\" content=\"Geschatte leestijd\" \/>\n\t<meta name=\"twitter:data1\" content=\"9 minuten\" \/>\n<script type=\"application\/ld+json\" class=\"yoast-schema-graph\">{\"@context\":\"https:\/\/schema.org\",\"@graph\":[{\"@type\":\"WebPage\",\"@id\":\"https:\/\/www.mecasoft.be\/nl\/privacybeleid\/\",\"url\":\"https:\/\/www.mecasoft.be\/nl\/privacybeleid\/\",\"name\":\"Gegevensbescherming | Mecasoft\",\"isPartOf\":{\"@id\":\"https:\/\/www.mecasoft.be\/#website\"},\"datePublished\":\"2021-07-23T07:13:05+00:00\",\"dateModified\":\"2021-12-15T15:32:16+00:00\",\"description\":\"Lees meer over ons privacybeleid met betrekking tot de bescherming van uw gegevens.\",\"breadcrumb\":{\"@id\":\"https:\/\/www.mecasoft.be\/nl\/privacybeleid\/#breadcrumb\"},\"inLanguage\":\"nl-NL\",\"potentialAction\":[{\"@type\":\"ReadAction\",\"target\":[\"https:\/\/www.mecasoft.be\/nl\/privacybeleid\/\"]}]},{\"@type\":\"BreadcrumbList\",\"@id\":\"https:\/\/www.mecasoft.be\/nl\/privacybeleid\/#breadcrumb\",\"itemListElement\":[{\"@type\":\"ListItem\",\"position\":1,\"name\":\"Accueil\",\"item\":\"https:\/\/www.mecasoft.be\/nl\/\"},{\"@type\":\"ListItem\",\"position\":2,\"name\":\"Privacybeleid\"}]},{\"@type\":\"WebSite\",\"@id\":\"https:\/\/www.mecasoft.be\/#website\",\"url\":\"https:\/\/www.mecasoft.be\/\",\"name\":\"Mecasoft\",\"description\":\"\",\"publisher\":{\"@id\":\"https:\/\/www.mecasoft.be\/#organization\"},\"potentialAction\":[{\"@type\":\"SearchAction\",\"target\":{\"@type\":\"EntryPoint\",\"urlTemplate\":\"https:\/\/www.mecasoft.be\/?s={search_term_string}\"},\"query-input\":{\"@type\":\"PropertyValueSpecification\",\"valueRequired\":true,\"valueName\":\"search_term_string\"}}],\"inLanguage\":\"nl-NL\"},{\"@type\":\"Organization\",\"@id\":\"https:\/\/www.mecasoft.be\/#organization\",\"name\":\"Mecasoft - Usinage de haute pr\u00e9cision\",\"url\":\"https:\/\/www.mecasoft.be\/\",\"logo\":{\"@type\":\"ImageObject\",\"inLanguage\":\"nl-NL\",\"@id\":\"https:\/\/www.mecasoft.be\/#\/schema\/logo\/image\/\",\"url\":\"https:\/\/www.mecasoft.be\/wp-content\/uploads\/2021\/07\/mecasoft-520.png\",\"contentUrl\":\"https:\/\/www.mecasoft.be\/wp-content\/uploads\/2021\/07\/mecasoft-520.png\",\"width\":520,\"height\":160,\"caption\":\"Mecasoft - Usinage de haute pr\u00e9cision\"},\"image\":{\"@id\":\"https:\/\/www.mecasoft.be\/#\/schema\/logo\/image\/\"}}]}<\/script>\n<!-- \/ Yoast SEO plugin. -->","yoast_head_json":{"title":"Gegevensbescherming | Mecasoft","description":"Lees meer over ons privacybeleid met betrekking tot de bescherming van uw gegevens.","robots":{"index":"index","follow":"follow","max-snippet":"max-snippet:-1","max-image-preview":"max-image-preview:large","max-video-preview":"max-video-preview:-1"},"canonical":"https:\/\/www.mecasoft.be\/nl\/privacybeleid\/","og_locale":"nl_NL","og_type":"article","og_title":"Gegevensbescherming | Mecasoft","og_description":"Lees meer over ons privacybeleid met betrekking tot de bescherming van uw gegevens.","og_url":"https:\/\/www.mecasoft.be\/nl\/privacybeleid\/","og_site_name":"Mecasoft","article_modified_time":"2021-12-15T15:32:16+00:00","twitter_card":"summary_large_image","twitter_misc":{"Geschatte leestijd":"9 minuten"},"schema":{"@context":"https:\/\/schema.org","@graph":[{"@type":"WebPage","@id":"https:\/\/www.mecasoft.be\/nl\/privacybeleid\/","url":"https:\/\/www.mecasoft.be\/nl\/privacybeleid\/","name":"Gegevensbescherming | Mecasoft","isPartOf":{"@id":"https:\/\/www.mecasoft.be\/#website"},"datePublished":"2021-07-23T07:13:05+00:00","dateModified":"2021-12-15T15:32:16+00:00","description":"Lees meer over ons privacybeleid met betrekking tot de bescherming van uw gegevens.","breadcrumb":{"@id":"https:\/\/www.mecasoft.be\/nl\/privacybeleid\/#breadcrumb"},"inLanguage":"nl-NL","potentialAction":[{"@type":"ReadAction","target":["https:\/\/www.mecasoft.be\/nl\/privacybeleid\/"]}]},{"@type":"BreadcrumbList","@id":"https:\/\/www.mecasoft.be\/nl\/privacybeleid\/#breadcrumb","itemListElement":[{"@type":"ListItem","position":1,"name":"Accueil","item":"https:\/\/www.mecasoft.be\/nl\/"},{"@type":"ListItem","position":2,"name":"Privacybeleid"}]},{"@type":"WebSite","@id":"https:\/\/www.mecasoft.be\/#website","url":"https:\/\/www.mecasoft.be\/","name":"Mecasoft","description":"","publisher":{"@id":"https:\/\/www.mecasoft.be\/#organization"},"potentialAction":[{"@type":"SearchAction","target":{"@type":"EntryPoint","urlTemplate":"https:\/\/www.mecasoft.be\/?s={search_term_string}"},"query-input":{"@type":"PropertyValueSpecification","valueRequired":true,"valueName":"search_term_string"}}],"inLanguage":"nl-NL"},{"@type":"Organization","@id":"https:\/\/www.mecasoft.be\/#organization","name":"Mecasoft - Usinage de haute pr\u00e9cision","url":"https:\/\/www.mecasoft.be\/","logo":{"@type":"ImageObject","inLanguage":"nl-NL","@id":"https:\/\/www.mecasoft.be\/#\/schema\/logo\/image\/","url":"https:\/\/www.mecasoft.be\/wp-content\/uploads\/2021\/07\/mecasoft-520.png","contentUrl":"https:\/\/www.mecasoft.be\/wp-content\/uploads\/2021\/07\/mecasoft-520.png","width":520,"height":160,"caption":"Mecasoft - Usinage de haute pr\u00e9cision"},"image":{"@id":"https:\/\/www.mecasoft.be\/#\/schema\/logo\/image\/"}}]}},"jetpack_sharing_enabled":true,"_links":{"self":[{"href":"https:\/\/www.mecasoft.be\/nl\/wp-json\/wp\/v2\/pages\/2044","targetHints":{"allow":["GET"]}}],"collection":[{"href":"https:\/\/www.mecasoft.be\/nl\/wp-json\/wp\/v2\/pages"}],"about":[{"href":"https:\/\/www.mecasoft.be\/nl\/wp-json\/wp\/v2\/types\/page"}],"author":[{"embeddable":true,"href":"https:\/\/www.mecasoft.be\/nl\/wp-json\/wp\/v2\/users\/1"}],"replies":[{"embeddable":true,"href":"https:\/\/www.mecasoft.be\/nl\/wp-json\/wp\/v2\/comments?post=2044"}],"version-history":[{"count":3,"href":"https:\/\/www.mecasoft.be\/nl\/wp-json\/wp\/v2\/pages\/2044\/revisions"}],"predecessor-version":[{"id":2048,"href":"https:\/\/www.mecasoft.be\/nl\/wp-json\/wp\/v2\/pages\/2044\/revisions\/2048"}],"wp:attachment":[{"href":"https:\/\/www.mecasoft.be\/nl\/wp-json\/wp\/v2\/media?parent=2044"}],"curies":[{"name":"wp","href":"https:\/\/api.w.org\/{rel}","templated":true}]}}