{"id":2573,"date":"2021-07-23T11:36:05","date_gmt":"2021-07-23T09:36:05","guid":{"rendered":"https:\/\/www.mecasoft.be\/services\/"},"modified":"2024-05-02T12:05:57","modified_gmt":"2024-05-02T10:05:57","slug":"services","status":"publish","type":"page","link":"https:\/\/www.mecasoft.be\/en\/services\/","title":{"rendered":"Services"},"content":{"rendered":"<div class=\"wpb-content-wrapper\"><p>[vc_row css_animation=&#8221;fadeIn&#8221; bg_type=&#8221;image&#8221; parallax_style=&#8221;vcpb-default&#8221; bg_image_new=&#8221;id^6101|url^https:\/\/www.mecasoft.be\/wp-content\/uploads\/2024\/05\/MECASOFT-Bureau-etudes-mecaniques.jpg|caption^null|alt^null|title^MECASOFT-Bureau-etudes-mecaniques|description^null&#8221; bg_image_repeat=&#8221;no-repeat&#8221; css=&#8221;.vc_custom_1714643807151{margin-bottom: 20px !important;padding-top: 250px !important;padding-right: 30px !important;padding-bottom: 0px !important;padding-left: 30px !important;}&#8221;][vc_column width=&#8221;2\/3&#8243; css=&#8221;.vc_custom_1714643959103{padding: 30px !important;background-color: rgba(227,12,20,0.8) !important;*background-color: rgb(227,12,20) !important;}&#8221;][vc_column_text css=&#8221;.vc_custom_1643297549392{margin-bottom: 20px !important;}&#8221; el_class=&#8221;custom-white&#8221;]<\/p>\n<h2>Mechanical techniques design office<\/h2>\n<p>[\/vc_column_text]<style type=\"text\/css\" data-type=\"the7_shortcodes-inline-css\">#default-btn-42c79381899ca61505ccab4fcd73ce3c {\n  border-radius: 0px;\n  font-size: 18px;\n  line-height: 20px;\n}\n.btn-shadow#default-btn-42c79381899ca61505ccab4fcd73ce3c {\n  box-shadow: 0 1px 6px rgba(0,0,0,0.12);\n  transition: box-shadow 0.2s ease-out, opacity 0.45s;\n}\n.btn-shadow#default-btn-42c79381899ca61505ccab4fcd73ce3c:hover {\n  box-shadow: 0 5px 11px 0 rgba(0,0,0,0.18), 0 4px 15px 0 rgba(0,0,0,0.15);\n}\n.btn-3d#default-btn-42c79381899ca61505ccab4fcd73ce3c {\n  box-shadow: 0px 2px 0px 0px #141355;\n}\n.btn-3d#default-btn-42c79381899ca61505ccab4fcd73ce3c:hover {\n  box-shadow: 0px 2px 0px 0px #971c20;\n}\n.btn-flat#default-btn-42c79381899ca61505ccab4fcd73ce3c {\n  box-shadow: none;\n}\n.btn-flat#default-btn-42c79381899ca61505ccab4fcd73ce3c:hover {\n  box-shadow: none;\n}\n#default-btn-42c79381899ca61505ccab4fcd73ce3c.ico-right-side > i {\n  margin-right: 0px;\n  margin-left: 8px;\n}\n#default-btn-42c79381899ca61505ccab4fcd73ce3c > i {\n  margin-right: 8px;\n  font-size: 12px;\n}\n#default-btn-42c79381899ca61505ccab4fcd73ce3c:not(:hover) {\n  border-width: 0px;\n  background: #0f0e97 !important;\n  padding: 15px 24px 15px 24px;\n}\n#default-btn-42c79381899ca61505ccab4fcd73ce3c:hover {\n  border-width: 0px;\n  background: #e30d14 !important;\n  padding: 15px 24px 15px 24px;\n}\n#default-btn-42c79381899ca61505ccab4fcd73ce3c.ico-right-side > i {\n  margin-right: 0px;\n  margin-left: 8px;\n}\n#default-btn-42c79381899ca61505ccab4fcd73ce3c > i {\n  margin-right: 8px;\n}<\/style><a href=\"https:\/\/www.mecasoft.be\/en\/services\/mechanical-techniques-design-office\/\" class=\"default-btn-shortcode dt-btn fadeInUp animate-element animation-builder link-hover-off btn-inline-left btn-flat \" id=\"default-btn-42c79381899ca61505ccab4fcd73ce3c\" title=\"Mechanical techniques design office\"><span>Read more<\/span><\/a>[\/vc_column][\/vc_row][vc_row css_animation=&#8221;fadeIn&#8221; bg_type=&#8221;image&#8221; parallax_style=&#8221;vcpb-default&#8221; bg_image_new=&#8221;id^6097|url^https:\/\/www.mecasoft.be\/wp-content\/uploads\/2024\/05\/MECASOFT-Usinage-haute-precision.jpg|caption^null|alt^null|title^MECASOFT&#8211;Usinage-haute-precision|description^null&#8221; bg_image_repeat=&#8221;no-repeat&#8221; css=&#8221;.vc_custom_1714643854019{margin-bottom: 20px !important;padding-top: 250px !important;padding-right: 30px !important;padding-bottom: 0px !important;padding-left: 30px !important;}&#8221;][vc_column width=&#8221;2\/3&#8243; css=&#8221;.vc_custom_1714644020050{padding: 30px !important;background-color: rgba(227,12,20,0.8) !important;*background-color: rgb(227,12,20) !important;}&#8221;][vc_column_text css=&#8221;.vc_custom_1643297586791{margin-bottom: 20px !important;}&#8221; el_class=&#8221;custom-white&#8221;]<\/p>\n<h2>High precision machining<\/h2>\n<p>[\/vc_column_text]<style type=\"text\/css\" data-type=\"the7_shortcodes-inline-css\">#default-btn-ea3b47f0dbd4182b2463003d0b71c8f7 {\n  border-radius: 0px;\n  font-size: 18px;\n  line-height: 20px;\n}\n.btn-shadow#default-btn-ea3b47f0dbd4182b2463003d0b71c8f7 {\n  box-shadow: 0 1px 6px rgba(0,0,0,0.12);\n  transition: box-shadow 0.2s ease-out, opacity 0.45s;\n}\n.btn-shadow#default-btn-ea3b47f0dbd4182b2463003d0b71c8f7:hover {\n  box-shadow: 0 5px 11px 0 rgba(0,0,0,0.18), 0 4px 15px 0 rgba(0,0,0,0.15);\n}\n.btn-3d#default-btn-ea3b47f0dbd4182b2463003d0b71c8f7 {\n  box-shadow: 0px 2px 0px 0px #141355;\n}\n.btn-3d#default-btn-ea3b47f0dbd4182b2463003d0b71c8f7:hover {\n  box-shadow: 0px 2px 0px 0px #971c20;\n}\n.btn-flat#default-btn-ea3b47f0dbd4182b2463003d0b71c8f7 {\n  box-shadow: none;\n}\n.btn-flat#default-btn-ea3b47f0dbd4182b2463003d0b71c8f7:hover {\n  box-shadow: none;\n}\n#default-btn-ea3b47f0dbd4182b2463003d0b71c8f7.ico-right-side > i {\n  margin-right: 0px;\n  margin-left: 8px;\n}\n#default-btn-ea3b47f0dbd4182b2463003d0b71c8f7 > i {\n  margin-right: 8px;\n  font-size: 12px;\n}\n#default-btn-ea3b47f0dbd4182b2463003d0b71c8f7:not(:hover) {\n  border-width: 0px;\n  background: #0f0e97 !important;\n  padding: 15px 24px 15px 24px;\n}\n#default-btn-ea3b47f0dbd4182b2463003d0b71c8f7:hover {\n  border-width: 0px;\n  background: #e30d14 !important;\n  padding: 15px 24px 15px 24px;\n}\n#default-btn-ea3b47f0dbd4182b2463003d0b71c8f7.ico-right-side > i {\n  margin-right: 0px;\n  margin-left: 8px;\n}\n#default-btn-ea3b47f0dbd4182b2463003d0b71c8f7 > i {\n  margin-right: 8px;\n}<\/style><a href=\"https:\/\/www.mecasoft.be\/en\/services\/high-precision-machining\/\" class=\"default-btn-shortcode dt-btn fadeInUp animate-element animation-builder link-hover-off btn-inline-left btn-flat \" id=\"default-btn-ea3b47f0dbd4182b2463003d0b71c8f7\" title=\"High precision machining\"><span>Read more<\/span><\/a>[\/vc_column][\/vc_row][vc_row css_animation=&#8221;fadeIn&#8221; bg_type=&#8221;image&#8221; parallax_style=&#8221;vcpb-default&#8221; bg_image_new=&#8221;id^6105|url^https:\/\/www.mecasoft.be\/wp-content\/uploads\/2024\/05\/MECASOFT-controle-qualite.jpg|caption^null|alt^null|title^MECASOFT-controle-qualite|description^null&#8221; bg_image_repeat=&#8221;no-repeat&#8221; css=&#8221;.vc_custom_1714643901617{margin-bottom: 20px !important;padding-top: 250px !important;padding-right: 30px !important;padding-bottom: 0px !important;padding-left: 30px !important;}&#8221;][vc_column width=&#8221;2\/3&#8243; css=&#8221;.vc_custom_1714644041939{padding: 30px !important;background-color: rgba(227,12,20,0.8) !important;*background-color: rgb(227,12,20) !important;}&#8221;][vc_column_text css=&#8221;.vc_custom_1643297617786{margin-bottom: 20px !important;}&#8221; el_class=&#8221;custom-white&#8221;]<\/p>\n<h2>Quality Control<\/h2>\n<p>[\/vc_column_text]<style type=\"text\/css\" data-type=\"the7_shortcodes-inline-css\">#default-btn-62a76a57a32b78a2e874d1d43b3ad046 {\n  border-radius: 0px;\n  font-size: 18px;\n  line-height: 20px;\n}\n.btn-shadow#default-btn-62a76a57a32b78a2e874d1d43b3ad046 {\n  box-shadow: 0 1px 6px rgba(0,0,0,0.12);\n  transition: box-shadow 0.2s ease-out, opacity 0.45s;\n}\n.btn-shadow#default-btn-62a76a57a32b78a2e874d1d43b3ad046:hover {\n  box-shadow: 0 5px 11px 0 rgba(0,0,0,0.18), 0 4px 15px 0 rgba(0,0,0,0.15);\n}\n.btn-3d#default-btn-62a76a57a32b78a2e874d1d43b3ad046 {\n  box-shadow: 0px 2px 0px 0px #141355;\n}\n.btn-3d#default-btn-62a76a57a32b78a2e874d1d43b3ad046:hover {\n  box-shadow: 0px 2px 0px 0px #971c20;\n}\n.btn-flat#default-btn-62a76a57a32b78a2e874d1d43b3ad046 {\n  box-shadow: none;\n}\n.btn-flat#default-btn-62a76a57a32b78a2e874d1d43b3ad046:hover {\n  box-shadow: none;\n}\n#default-btn-62a76a57a32b78a2e874d1d43b3ad046.ico-right-side > i {\n  margin-right: 0px;\n  margin-left: 8px;\n}\n#default-btn-62a76a57a32b78a2e874d1d43b3ad046 > i {\n  margin-right: 8px;\n  font-size: 12px;\n}\n#default-btn-62a76a57a32b78a2e874d1d43b3ad046:not(:hover) {\n  border-width: 0px;\n  background: #0f0e97 !important;\n  padding: 15px 24px 15px 24px;\n}\n#default-btn-62a76a57a32b78a2e874d1d43b3ad046:hover {\n  border-width: 0px;\n  background: #e30d14 !important;\n  padding: 15px 24px 15px 24px;\n}\n#default-btn-62a76a57a32b78a2e874d1d43b3ad046.ico-right-side > i {\n  margin-right: 0px;\n  margin-left: 8px;\n}\n#default-btn-62a76a57a32b78a2e874d1d43b3ad046 > i {\n  margin-right: 8px;\n}<\/style><a href=\"https:\/\/www.mecasoft.be\/en\/services\/quality-control\/\" class=\"default-btn-shortcode dt-btn fadeInUp animate-element animation-builder link-hover-off btn-inline-left btn-flat \" id=\"default-btn-62a76a57a32b78a2e874d1d43b3ad046\" title=\"Quality Control\"><span>Read more<\/span><\/a>[\/vc_column][\/vc_row]<\/p>\n<\/div>","protected":false},"excerpt":{"rendered":"<p>[vc_row css_animation=&#8221;fadeIn&#8221; bg_type=&#8221;image&#8221; parallax_style=&#8221;vcpb-default&#8221; bg_image_new=&#8221;id^6101|url^https:\/\/www.mecasoft.be\/wp-content\/uploads\/2024\/05\/MECASOFT-Bureau-etudes-mecaniques.jpg|caption^null|alt^null|title^MECASOFT-Bureau-etudes-mecaniques|description^null&#8221; bg_image_repeat=&#8221;no-repeat&#8221; css=&#8221;.vc_custom_1714643807151{margin-bottom: 20px !important;padding-top: 250px !important;padding-right: 30px !important;padding-bottom: 0px !important;padding-left: 30px !important;}&#8221;][vc_column width=&#8221;2\/3&#8243; css=&#8221;.vc_custom_1714643959103{padding: 30px !important;background-color: rgba(227,12,20,0.8) !important;*background-color: rgb(227,12,20) !important;}&#8221;][vc_column_text css=&#8221;.vc_custom_1643297549392{margin-bottom: 20px !important;}&#8221; el_class=&#8221;custom-white&#8221;] Mechanical techniques design office [\/vc_column_text][\/vc_column][\/vc_row][vc_row css_animation=&#8221;fadeIn&#8221; bg_type=&#8221;image&#8221; parallax_style=&#8221;vcpb-default&#8221; bg_image_new=&#8221;id^6097|url^https:\/\/www.mecasoft.be\/wp-content\/uploads\/2024\/05\/MECASOFT-Usinage-haute-precision.jpg|caption^null|alt^null|title^MECASOFT&#8211;Usinage-haute-precision|description^null&#8221; bg_image_repeat=&#8221;no-repeat&#8221; css=&#8221;.vc_custom_1714643854019{margin-bottom: 20px !important;padding-top: 250px !important;padding-right: 30px !important;padding-bottom: 0px !important;padding-left: 30px !important;}&#8221;][vc_column width=&#8221;2\/3&#8243; css=&#8221;.vc_custom_1714644020050{padding: 30px !important;background-color: rgba(227,12,20,0.8)&hellip;<\/p>\n","protected":false},"author":1,"featured_media":0,"parent":0,"menu_order":3,"comment_status":"closed","ping_status":"closed","template":"","meta":{"footnotes":""},"class_list":["post-2573","page","type-page","status-publish","hentry","description-off"],"yoast_head":"<!-- This site is optimized with the Yoast SEO plugin v26.8 - https:\/\/yoast.com\/product\/yoast-seo-wordpress\/ -->\n<title>Services et conseils en usinage de pointe | Mecasoft<\/title>\n<meta name=\"description\" content=\"Accompagne les projets d&#039;usinage m\u00e9canique de A \u00e0 Z : \u00e9laboration avec le bureau d&#039;\u00e9tudes, d\u00e9coupe haute pr\u00e9cision et contr\u00f4le qualit\u00e9.\" \/>\n<meta name=\"robots\" content=\"index, follow, max-snippet:-1, max-image-preview:large, max-video-preview:-1\" \/>\n<link rel=\"canonical\" href=\"https:\/\/www.mecasoft.be\/en\/services\/\" \/>\n<meta property=\"og:locale\" content=\"en_US\" \/>\n<meta property=\"og:type\" content=\"article\" \/>\n<meta property=\"og:title\" content=\"Services et conseils en usinage de pointe | Mecasoft\" \/>\n<meta property=\"og:description\" content=\"Accompagne les projets d&#039;usinage m\u00e9canique de A \u00e0 Z : \u00e9laboration avec le bureau d&#039;\u00e9tudes, d\u00e9coupe haute pr\u00e9cision et contr\u00f4le qualit\u00e9.\" \/>\n<meta property=\"og:url\" content=\"https:\/\/www.mecasoft.be\/en\/services\/\" \/>\n<meta property=\"og:site_name\" content=\"Mecasoft\" \/>\n<meta property=\"article:modified_time\" content=\"2024-05-02T10:05:57+00:00\" \/>\n<meta name=\"twitter:card\" content=\"summary_large_image\" \/>\n<meta name=\"twitter:label1\" content=\"Est. reading time\" \/>\n\t<meta name=\"twitter:data1\" content=\"1 minute\" \/>\n<script type=\"application\/ld+json\" class=\"yoast-schema-graph\">{\"@context\":\"https:\/\/schema.org\",\"@graph\":[{\"@type\":\"WebPage\",\"@id\":\"https:\/\/www.mecasoft.be\/en\/services\/\",\"url\":\"https:\/\/www.mecasoft.be\/en\/services\/\",\"name\":\"Services et conseils en usinage de pointe | Mecasoft\",\"isPartOf\":{\"@id\":\"https:\/\/www.mecasoft.be\/#website\"},\"datePublished\":\"2021-07-23T09:36:05+00:00\",\"dateModified\":\"2024-05-02T10:05:57+00:00\",\"description\":\"Accompagne les projets d'usinage m\u00e9canique de A \u00e0 Z : \u00e9laboration avec le bureau d'\u00e9tudes, d\u00e9coupe haute pr\u00e9cision et contr\u00f4le qualit\u00e9.\",\"breadcrumb\":{\"@id\":\"https:\/\/www.mecasoft.be\/en\/services\/#breadcrumb\"},\"inLanguage\":\"en-US\",\"potentialAction\":[{\"@type\":\"ReadAction\",\"target\":[\"https:\/\/www.mecasoft.be\/en\/services\/\"]}]},{\"@type\":\"BreadcrumbList\",\"@id\":\"https:\/\/www.mecasoft.be\/en\/services\/#breadcrumb\",\"itemListElement\":[{\"@type\":\"ListItem\",\"position\":1,\"name\":\"Accueil\",\"item\":\"https:\/\/www.mecasoft.be\/en\/\"},{\"@type\":\"ListItem\",\"position\":2,\"name\":\"Services\"}]},{\"@type\":\"WebSite\",\"@id\":\"https:\/\/www.mecasoft.be\/#website\",\"url\":\"https:\/\/www.mecasoft.be\/\",\"name\":\"Mecasoft\",\"description\":\"\",\"publisher\":{\"@id\":\"https:\/\/www.mecasoft.be\/#organization\"},\"potentialAction\":[{\"@type\":\"SearchAction\",\"target\":{\"@type\":\"EntryPoint\",\"urlTemplate\":\"https:\/\/www.mecasoft.be\/?s={search_term_string}\"},\"query-input\":{\"@type\":\"PropertyValueSpecification\",\"valueRequired\":true,\"valueName\":\"search_term_string\"}}],\"inLanguage\":\"en-US\"},{\"@type\":\"Organization\",\"@id\":\"https:\/\/www.mecasoft.be\/#organization\",\"name\":\"Mecasoft - Usinage de haute pr\u00e9cision\",\"url\":\"https:\/\/www.mecasoft.be\/\",\"logo\":{\"@type\":\"ImageObject\",\"inLanguage\":\"en-US\",\"@id\":\"https:\/\/www.mecasoft.be\/#\/schema\/logo\/image\/\",\"url\":\"https:\/\/www.mecasoft.be\/wp-content\/uploads\/2021\/07\/mecasoft-520.png\",\"contentUrl\":\"https:\/\/www.mecasoft.be\/wp-content\/uploads\/2021\/07\/mecasoft-520.png\",\"width\":520,\"height\":160,\"caption\":\"Mecasoft - Usinage de haute pr\u00e9cision\"},\"image\":{\"@id\":\"https:\/\/www.mecasoft.be\/#\/schema\/logo\/image\/\"}}]}<\/script>\n<!-- \/ Yoast SEO plugin. -->","yoast_head_json":{"title":"Services et conseils en usinage de pointe | Mecasoft","description":"Accompagne les projets d'usinage m\u00e9canique de A \u00e0 Z : \u00e9laboration avec le bureau d'\u00e9tudes, d\u00e9coupe haute pr\u00e9cision et contr\u00f4le qualit\u00e9.","robots":{"index":"index","follow":"follow","max-snippet":"max-snippet:-1","max-image-preview":"max-image-preview:large","max-video-preview":"max-video-preview:-1"},"canonical":"https:\/\/www.mecasoft.be\/en\/services\/","og_locale":"en_US","og_type":"article","og_title":"Services et conseils en usinage de pointe | Mecasoft","og_description":"Accompagne les projets d'usinage m\u00e9canique de A \u00e0 Z : \u00e9laboration avec le bureau d'\u00e9tudes, d\u00e9coupe haute pr\u00e9cision et contr\u00f4le qualit\u00e9.","og_url":"https:\/\/www.mecasoft.be\/en\/services\/","og_site_name":"Mecasoft","article_modified_time":"2024-05-02T10:05:57+00:00","twitter_card":"summary_large_image","twitter_misc":{"Est. reading time":"1 minute"},"schema":{"@context":"https:\/\/schema.org","@graph":[{"@type":"WebPage","@id":"https:\/\/www.mecasoft.be\/en\/services\/","url":"https:\/\/www.mecasoft.be\/en\/services\/","name":"Services et conseils en usinage de pointe | Mecasoft","isPartOf":{"@id":"https:\/\/www.mecasoft.be\/#website"},"datePublished":"2021-07-23T09:36:05+00:00","dateModified":"2024-05-02T10:05:57+00:00","description":"Accompagne les projets d'usinage m\u00e9canique de A \u00e0 Z : \u00e9laboration avec le bureau d'\u00e9tudes, d\u00e9coupe haute pr\u00e9cision et contr\u00f4le qualit\u00e9.","breadcrumb":{"@id":"https:\/\/www.mecasoft.be\/en\/services\/#breadcrumb"},"inLanguage":"en-US","potentialAction":[{"@type":"ReadAction","target":["https:\/\/www.mecasoft.be\/en\/services\/"]}]},{"@type":"BreadcrumbList","@id":"https:\/\/www.mecasoft.be\/en\/services\/#breadcrumb","itemListElement":[{"@type":"ListItem","position":1,"name":"Accueil","item":"https:\/\/www.mecasoft.be\/en\/"},{"@type":"ListItem","position":2,"name":"Services"}]},{"@type":"WebSite","@id":"https:\/\/www.mecasoft.be\/#website","url":"https:\/\/www.mecasoft.be\/","name":"Mecasoft","description":"","publisher":{"@id":"https:\/\/www.mecasoft.be\/#organization"},"potentialAction":[{"@type":"SearchAction","target":{"@type":"EntryPoint","urlTemplate":"https:\/\/www.mecasoft.be\/?s={search_term_string}"},"query-input":{"@type":"PropertyValueSpecification","valueRequired":true,"valueName":"search_term_string"}}],"inLanguage":"en-US"},{"@type":"Organization","@id":"https:\/\/www.mecasoft.be\/#organization","name":"Mecasoft - Usinage de haute pr\u00e9cision","url":"https:\/\/www.mecasoft.be\/","logo":{"@type":"ImageObject","inLanguage":"en-US","@id":"https:\/\/www.mecasoft.be\/#\/schema\/logo\/image\/","url":"https:\/\/www.mecasoft.be\/wp-content\/uploads\/2021\/07\/mecasoft-520.png","contentUrl":"https:\/\/www.mecasoft.be\/wp-content\/uploads\/2021\/07\/mecasoft-520.png","width":520,"height":160,"caption":"Mecasoft - Usinage de haute pr\u00e9cision"},"image":{"@id":"https:\/\/www.mecasoft.be\/#\/schema\/logo\/image\/"}}]}},"jetpack_sharing_enabled":true,"_links":{"self":[{"href":"https:\/\/www.mecasoft.be\/en\/wp-json\/wp\/v2\/pages\/2573","targetHints":{"allow":["GET"]}}],"collection":[{"href":"https:\/\/www.mecasoft.be\/en\/wp-json\/wp\/v2\/pages"}],"about":[{"href":"https:\/\/www.mecasoft.be\/en\/wp-json\/wp\/v2\/types\/page"}],"author":[{"embeddable":true,"href":"https:\/\/www.mecasoft.be\/en\/wp-json\/wp\/v2\/users\/1"}],"replies":[{"embeddable":true,"href":"https:\/\/www.mecasoft.be\/en\/wp-json\/wp\/v2\/comments?post=2573"}],"version-history":[{"count":5,"href":"https:\/\/www.mecasoft.be\/en\/wp-json\/wp\/v2\/pages\/2573\/revisions"}],"predecessor-version":[{"id":6115,"href":"https:\/\/www.mecasoft.be\/en\/wp-json\/wp\/v2\/pages\/2573\/revisions\/6115"}],"wp:attachment":[{"href":"https:\/\/www.mecasoft.be\/en\/wp-json\/wp\/v2\/media?parent=2573"}],"curies":[{"name":"wp","href":"https:\/\/api.w.org\/{rel}","templated":true}]}}