{"id":1922,"date":"2021-07-23T11:36:28","date_gmt":"2021-07-23T09:36:28","guid":{"rendered":"https:\/\/www.mecasoft.be\/techniques-usinage\/"},"modified":"2024-05-02T14:20:55","modified_gmt":"2024-05-02T12:20:55","slug":"bearbeitungstechniken","status":"publish","type":"page","link":"https:\/\/www.mecasoft.be\/de\/bearbeitungstechniken\/","title":{"rendered":"Bearbeitungstechniken"},"content":{"rendered":"<div class=\"wpb-content-wrapper\"><p>[vc_row][vc_column][vc_column_text]<\/p>\n<h1 style=\"text-align: center;\">Bearbeitungstechniken<\/h1>\n<p>[\/vc_column_text][vc_column_text]<\/p>\n<p style=\"text-align: center;\">Wir bieten die <strong>Bearbeitung von mechanischen Teilen nach allen <\/strong>auf dem Markt bekannten <strong>traditionellen Techniken <\/strong>an. Auf diese Weise k\u00f6nnen wir <strong>jedes Projekt zum Schneiden von leitf\u00e4higen Metallen und Keramiken in seiner Gesamtheit<\/strong> \u00fcbernehmen. Dank dieser breiten Angebotspalette k\u00f6nnen wir mit allen Industriezweigen zusammenarbeiten, insbesondere jenen mit einem hohen Anforderungsniveau.<\/p>\n<p>[\/vc_column_text][\/vc_column][\/vc_row][vc_row css_animation=&#8220;fadeIn&#8220; bg_type=&#8220;image&#8220; parallax_style=&#8220;vcpb-default&#8220; bg_image_new=&#8220;id^6150|url^https:\/\/www.mecasoft.be\/wp-content\/uploads\/2024\/05\/MECASOFT-electroerosion.jpg|caption^null|alt^null|title^MECASOFT-electroerosion|description^null&#8220; bg_image_repeat=&#8220;no-repeat&#8220; css=&#8220;.vc_custom_1714652372809{margin-bottom: 20px !important;padding-top: 30px !important;padding-right: 30px !important;padding-bottom: 0px !important;padding-left: 30px !important;}&#8220;][vc_column width=&#8220;2\/3&#8243; css=&#8220;.vc_custom_1714652452449{padding: 30px !important;background-color: rgba(227,13,20,0.8) !important;*background-color: rgb(227,13,20) !important;}&#8220;][vc_column_text css=&#8220;.vc_custom_1639486741334{margin-bottom: 20px !important;}&#8220; el_class=&#8220;custom-white&#8220;]<\/p>\n<h2>Elektroerosion<\/h2>\n<p>[\/vc_column_text][vc_column_text el_class=&#8220;custom-white&#8220;]Mecasoft ist seit \u00fcber 40 Jahren insbesondere auf das <strong>Schneiden durch Elektroerosion<\/strong> spezialisiert. Dank der hochmodernen Ausr\u00fcstung unseres Maschinenparks und dem Talent unseres Teams beherrscht das Unternehmen die <strong>drei wichtigsten Verfahren der Elektroerosion: Draht-, Senk- und Bohrerodieren<\/strong>.<\/p>\n<p>Diese Bearbeitungstechnik bietet ein sehr hohes <strong>Ma\u00df an Pr\u00e4zision bei der Bearbeitung von mechanischen Teilen f\u00fcr die <a href=\"https:\/\/www.mecasoft.be\/de\/branchen\/\">anspruchsvollsten Industriezweige<\/a><\/strong>. Sie erm\u00f6glicht uns auch die Bearbeitung jedes leitf\u00e4higen Materials, unabh\u00e4ngig von seiner H\u00e4rte und ohne Materialabriss.[\/vc_column_text]<style type=\"text\/css\" data-type=\"the7_shortcodes-inline-css\">#default-btn-278acc57e5afcbea4cd2d147bf3c08cf {\n  border-radius: 0px;\n  font-size: 16px;\n  line-height: 18px;\n}\n.btn-shadow#default-btn-278acc57e5afcbea4cd2d147bf3c08cf {\n  box-shadow: 0 1px 6px rgba(0,0,0,0.12);\n  transition: box-shadow 0.2s ease-out, opacity 0.45s;\n}\n.btn-shadow#default-btn-278acc57e5afcbea4cd2d147bf3c08cf:hover {\n  box-shadow: 0 5px 11px 0 rgba(0,0,0,0.18), 0 4px 15px 0 rgba(0,0,0,0.15);\n}\n.btn-3d#default-btn-278acc57e5afcbea4cd2d147bf3c08cf {\n  box-shadow: 0px 2px 0px 0px #e0e0e0;\n}\n.btn-3d#default-btn-278acc57e5afcbea4cd2d147bf3c08cf:hover {\n  box-shadow: 0px 2px 0px 0px #e0e0e0;\n}\n.btn-flat#default-btn-278acc57e5afcbea4cd2d147bf3c08cf {\n  box-shadow: none;\n}\n.btn-flat#default-btn-278acc57e5afcbea4cd2d147bf3c08cf:hover {\n  box-shadow: none;\n}\n#default-btn-278acc57e5afcbea4cd2d147bf3c08cf.ico-right-side > i {\n  margin-right: 0px;\n  margin-left: 8px;\n}\n#default-btn-278acc57e5afcbea4cd2d147bf3c08cf > i {\n  margin-right: 8px;\n  font-size: 12px;\n}\n#default-btn-278acc57e5afcbea4cd2d147bf3c08cf:not(:hover) {\n  border-width: 0px;\n  color: #0f0a97;\n  background: #ffffff !important;\n  padding: 12px 18px 12px 18px;\n}\n#default-btn-278acc57e5afcbea4cd2d147bf3c08cf:not(:hover) * {\n  color: #0f0a97;\n}\n#default-btn-278acc57e5afcbea4cd2d147bf3c08cf:hover {\n  border-width: 0px;\n  color: #1d1dfc;\n  background: #ffffff !important;\n  padding: 12px 18px 12px 18px;\n}\n#default-btn-278acc57e5afcbea4cd2d147bf3c08cf:hover * {\n  color: #1d1dfc;\n}\n#default-btn-278acc57e5afcbea4cd2d147bf3c08cf.ico-right-side > i {\n  margin-right: 0px;\n  margin-left: 8px;\n}\n#default-btn-278acc57e5afcbea4cd2d147bf3c08cf > i {\n  margin-right: 8px;\n}<\/style><a href=\"https:\/\/www.mecasoft.be\/de\/bearbeitungstechniken\/elektroerosion\/\" class=\"default-btn-shortcode dt-btn fadeInUp animate-element animation-builder link-hover-off btn-inline-left btn-flat \" id=\"default-btn-278acc57e5afcbea4cd2d147bf3c08cf\" title=\"Elektroerosion\"><span>Entdecken Sie diese Technik<\/span><\/a>[\/vc_column][vc_column width=&#8220;1\/3&#8243;][\/vc_column][\/vc_row][vc_row css_animation=&#8220;fadeIn&#8220; bg_type=&#8220;image&#8220; parallax_style=&#8220;vcpb-default&#8220; bg_image_new=&#8220;id^6154|url^https:\/\/www.mecasoft.be\/wp-content\/uploads\/2024\/05\/MECASOFT-Micromecanique.jpg|caption^null|alt^null|title^MECASOFT-Micromecanique|description^null&#8220; bg_image_repeat=&#8220;no-repeat&#8220; css=&#8220;.vc_custom_1714652383893{margin-bottom: 20px !important;padding-top: 30px !important;padding-right: 30px !important;padding-bottom: 30px !important;padding-left: 30px !important;}&#8220;][vc_column width=&#8220;2\/3&#8243; css=&#8220;.vc_custom_1714652393095{padding: 30px !important;background-color: rgba(227,13,20,0.8) !important;*background-color: rgb(227,13,20) !important;}&#8220;][vc_column_text css=&#8220;.vc_custom_1639486881016{margin-bottom: 20px !important;}&#8220; el_class=&#8220;custom-white&#8220;]<\/p>\n<h2><span lang=\"FR\">Mikromechanik<\/span><\/h2>\n<p>[\/vc_column_text][vc_column_text el_class=&#8220;custom-white&#8220;]Mecasoft ist einer der <strong>anerkannten Marktf\u00fchrer im Bereich der Mikromechanik<\/strong>. Ob einzelne Bearbeitungsst\u00fccke oder Serien, in Bereichen, in denen h\u00f6chste Pr\u00e4zision erforderlich ist oder das herk\u00f6mmliche Erodieren nicht mehr ausreicht, schneiden wir Produkte nach den <strong>Verfahren Mikro-Drahtschneiden, Mikro-Bohren und Mikro-Fr\u00e4sen<\/strong>.<\/p>\n<p>Bei der Herstellung dieser Teile erm\u00f6glicht uns der Einsatz dieser verschiedenen Techniken das <strong>Schneiden von Mikrol\u00f6chern <\/strong>sowie von<strong> sehr komplexen Formen <\/strong>und die Herstellung<strong> von 3D-Mustern<\/strong> oder<strong> Texturen<\/strong> auf der Oberfl\u00e4che des Produkts. Dar\u00fcber hinaus sind wir einer der europ\u00e4ischen Spezialisten, die das 5-achsige 3D-Mikrofr\u00e4sen mit Elektroden von bis zu 20 \u00b5m sowie das 5-achsige Mikro-Drahtschneiden durch Elektroerosion mit einem Drahtdurchmesser von 20 \u00b5m beherrschen.[\/vc_column_text]<style type=\"text\/css\" data-type=\"the7_shortcodes-inline-css\">#default-btn-c1bb2f9ed93c26a2d06ad30b740fe817 {\n  border-radius: 0px;\n  font-size: 16px;\n  line-height: 18px;\n}\n.btn-shadow#default-btn-c1bb2f9ed93c26a2d06ad30b740fe817 {\n  box-shadow: 0 1px 6px rgba(0,0,0,0.12);\n  transition: box-shadow 0.2s ease-out, opacity 0.45s;\n}\n.btn-shadow#default-btn-c1bb2f9ed93c26a2d06ad30b740fe817:hover {\n  box-shadow: 0 5px 11px 0 rgba(0,0,0,0.18), 0 4px 15px 0 rgba(0,0,0,0.15);\n}\n.btn-3d#default-btn-c1bb2f9ed93c26a2d06ad30b740fe817 {\n  box-shadow: 0px 2px 0px 0px #e0e0e0;\n}\n.btn-3d#default-btn-c1bb2f9ed93c26a2d06ad30b740fe817:hover {\n  box-shadow: 0px 2px 0px 0px #e0e0e0;\n}\n.btn-flat#default-btn-c1bb2f9ed93c26a2d06ad30b740fe817 {\n  box-shadow: none;\n}\n.btn-flat#default-btn-c1bb2f9ed93c26a2d06ad30b740fe817:hover {\n  box-shadow: none;\n}\n#default-btn-c1bb2f9ed93c26a2d06ad30b740fe817.ico-right-side > i {\n  margin-right: 0px;\n  margin-left: 8px;\n}\n#default-btn-c1bb2f9ed93c26a2d06ad30b740fe817 > i {\n  margin-right: 8px;\n  font-size: 12px;\n}\n#default-btn-c1bb2f9ed93c26a2d06ad30b740fe817:not(:hover) {\n  border-width: 0px;\n  color: #0f0a97;\n  background: #ffffff !important;\n  padding: 12px 18px 12px 18px;\n}\n#default-btn-c1bb2f9ed93c26a2d06ad30b740fe817:not(:hover) * {\n  color: #0f0a97;\n}\n#default-btn-c1bb2f9ed93c26a2d06ad30b740fe817:hover {\n  border-width: 0px;\n  color: #1d1dfc;\n  background: #ffffff !important;\n  padding: 12px 18px 12px 18px;\n}\n#default-btn-c1bb2f9ed93c26a2d06ad30b740fe817:hover * {\n  color: #1d1dfc;\n}\n#default-btn-c1bb2f9ed93c26a2d06ad30b740fe817.ico-right-side > i {\n  margin-right: 0px;\n  margin-left: 8px;\n}\n#default-btn-c1bb2f9ed93c26a2d06ad30b740fe817 > i {\n  margin-right: 8px;\n}<\/style><a href=\"https:\/\/www.mecasoft.be\/de\/bearbeitungstechniken\/mikromechanik\/\" class=\"default-btn-shortcode dt-btn fadeInUp animate-element animation-builder link-hover-off btn-inline-left btn-flat \" id=\"default-btn-c1bb2f9ed93c26a2d06ad30b740fe817\" title=\"Mikromechanik\"><span>Entdecken Sie diese Technik<\/span><\/a>[\/vc_column][vc_column width=&#8220;1\/3&#8243;][\/vc_column][\/vc_row][vc_row css_animation=&#8220;fadeIn&#8220; bg_type=&#8220;image&#8220; parallax_style=&#8220;vcpb-default&#8220; bg_image_new=&#8220;id^6146|url^https:\/\/www.mecasoft.be\/wp-content\/uploads\/2024\/05\/MECASOFT-autres.jpg|caption^null|alt^null|title^MECASOFT-autres|description^null&#8220; bg_image_repeat=&#8220;no-repeat&#8220; css=&#8220;.vc_custom_1714652403209{margin-bottom: 60px !important;padding-top: 30px !important;padding-right: 30px !important;padding-bottom: 30px !important;padding-left: 30px !important;}&#8220;][vc_column width=&#8220;2\/3&#8243; css=&#8220;.vc_custom_1714652412229{padding: 30px !important;background-color: rgba(227,13,20,0.8) !important;*background-color: rgb(227,13,20) !important;}&#8220;][vc_column_text css=&#8220;.vc_custom_1639486914476{margin-bottom: 20px !important;}&#8220; el_class=&#8220;custom-white&#8220;]<\/p>\n<h2>Andere Bearbeitungstechniken<\/h2>\n<p>[\/vc_column_text][vc_column_text el_class=&#8220;custom-white&#8220;]Mecasoft verf\u00fcgt nicht nur \u00fcber einen <strong>vielf\u00e4ltigen Maschinenpark<\/strong>, sondern auch \u00fcber ein Netzwerk von spezialisierten und vertrauensw\u00fcrdigen Fachleuten. Deshalb sind wir immer in der Lage, Ihnen die f\u00fcr Ihr Projekt am besten geeignete Bearbeitungstechnik oder eine Kombination von Techniken vorzuschlagen, wenn die Situation dies erfordert: <strong>Traditionelle Bearbeitungsverfahren (Fr\u00e4sen, Bohren, Drehen, etc.), 5-achsiges CNC-Fr\u00e4sen, Laserschneiden, Additive Manufacturing, etc.<\/strong>[\/vc_column_text]<style type=\"text\/css\" data-type=\"the7_shortcodes-inline-css\">#default-btn-eaa70e9100bbb94d6910503f908efc06 {\n  border-radius: 0px;\n  font-size: 16px;\n  line-height: 18px;\n}\n.btn-shadow#default-btn-eaa70e9100bbb94d6910503f908efc06 {\n  box-shadow: 0 1px 6px rgba(0,0,0,0.12);\n  transition: box-shadow 0.2s ease-out, opacity 0.45s;\n}\n.btn-shadow#default-btn-eaa70e9100bbb94d6910503f908efc06:hover {\n  box-shadow: 0 5px 11px 0 rgba(0,0,0,0.18), 0 4px 15px 0 rgba(0,0,0,0.15);\n}\n.btn-3d#default-btn-eaa70e9100bbb94d6910503f908efc06 {\n  box-shadow: 0px 2px 0px 0px #e0e0e0;\n}\n.btn-3d#default-btn-eaa70e9100bbb94d6910503f908efc06:hover {\n  box-shadow: 0px 2px 0px 0px #e0e0e0;\n}\n.btn-flat#default-btn-eaa70e9100bbb94d6910503f908efc06 {\n  box-shadow: none;\n}\n.btn-flat#default-btn-eaa70e9100bbb94d6910503f908efc06:hover {\n  box-shadow: none;\n}\n#default-btn-eaa70e9100bbb94d6910503f908efc06.ico-right-side > i {\n  margin-right: 0px;\n  margin-left: 8px;\n}\n#default-btn-eaa70e9100bbb94d6910503f908efc06 > i {\n  margin-right: 8px;\n  font-size: 12px;\n}\n#default-btn-eaa70e9100bbb94d6910503f908efc06:not(:hover) {\n  border-width: 0px;\n  color: #0f0a97;\n  background: #ffffff !important;\n  padding: 12px 18px 12px 18px;\n}\n#default-btn-eaa70e9100bbb94d6910503f908efc06:not(:hover) * {\n  color: #0f0a97;\n}\n#default-btn-eaa70e9100bbb94d6910503f908efc06:hover {\n  border-width: 0px;\n  color: #1d1dfc;\n  background: #ffffff !important;\n  padding: 12px 18px 12px 18px;\n}\n#default-btn-eaa70e9100bbb94d6910503f908efc06:hover * {\n  color: #1d1dfc;\n}\n#default-btn-eaa70e9100bbb94d6910503f908efc06.ico-right-side > i {\n  margin-right: 0px;\n  margin-left: 8px;\n}\n#default-btn-eaa70e9100bbb94d6910503f908efc06 > i {\n  margin-right: 8px;\n}<\/style><a href=\"https:\/\/www.mecasoft.be\/de\/bearbeitungstechniken\/anderen-bearbeitungstechniken\/\" class=\"default-btn-shortcode dt-btn fadeInUp animate-element animation-builder link-hover-off btn-inline-left btn-flat \" id=\"default-btn-eaa70e9100bbb94d6910503f908efc06\" title=\"Anderen Bearbeitungstechniken\"><span>Entdecken Sie diese Technik<\/span><\/a>[\/vc_column][vc_column width=&#8220;1\/3&#8243;][\/vc_column][\/vc_row][vc_row content_placement=&#8220;middle&#8220; bg_type=&#8220;bg_color&#8220; bg_override=&#8220;ex-full&#8220; css=&#8220;.vc_custom_1628170142166{padding-top: 30px !important;padding-bottom: 80px !important;}&#8220; bg_color_value=&#8220;#e30c14&#8243;][vc_column][vc_column_text el_class=&#8220;custom-white&#8220;]<\/p>\n<h3 style=\"text-align: center;\">Mecasoft steht Ihnen zur Seite!<\/h3>\n<p style=\"text-align: center;\">Wir unterst\u00fctzen Sie mit unserem mechanischen <strong>Planungsb\u00fcro<\/strong>, in dem wir Ihre Anfrage gemeinsam mit Ihnen analysieren und Ihnen eine L\u00f6sung vorschlagen, bis hin zur <strong>Qualit\u00e4tssicherung<\/strong> Ihres Endprodukts und dem <strong>hochpr\u00e4zisen Zuschnitt<\/strong> Ihrer Bearbeitungsteile.<\/p>\n<p>[\/vc_column_text]<style type=\"text\/css\" data-type=\"the7_shortcodes-inline-css\">#default-btn-6270b0d58fd5bd8f8dd88f7bce87c3a8 {\n  border-radius: 1px;\n  font-size: 22px;\n  line-height: 24px;\n}\n.btn-shadow#default-btn-6270b0d58fd5bd8f8dd88f7bce87c3a8 {\n  box-shadow: 0 1px 6px rgba(0,0,0,0.12);\n  transition: box-shadow 0.2s ease-out, opacity 0.45s;\n}\n.btn-shadow#default-btn-6270b0d58fd5bd8f8dd88f7bce87c3a8:hover {\n  box-shadow: 0 5px 11px 0 rgba(0,0,0,0.18), 0 4px 15px 0 rgba(0,0,0,0.15);\n}\n.btn-3d#default-btn-6270b0d58fd5bd8f8dd88f7bce87c3a8 {\n  box-shadow: 0px 2px 0px 0px #e0e0e0;\n}\n.btn-3d#default-btn-6270b0d58fd5bd8f8dd88f7bce87c3a8:hover {\n  box-shadow: 0px 2px 0px 0px #e0e0e0;\n}\n.btn-flat#default-btn-6270b0d58fd5bd8f8dd88f7bce87c3a8 {\n  box-shadow: none;\n}\n.btn-flat#default-btn-6270b0d58fd5bd8f8dd88f7bce87c3a8:hover {\n  box-shadow: none;\n}\n#default-btn-6270b0d58fd5bd8f8dd88f7bce87c3a8.ico-right-side > i {\n  margin-right: 0px;\n  margin-left: 8px;\n}\n#default-btn-6270b0d58fd5bd8f8dd88f7bce87c3a8 > i {\n  margin-right: 8px;\n  font-size: 12px;\n}\n#default-btn-6270b0d58fd5bd8f8dd88f7bce87c3a8:not(:hover) {\n  border-width: 0px;\n  color: #0f0a97;\n  background: #ffffff !important;\n  padding: 15px 24px 15px 24px;\n}\n#default-btn-6270b0d58fd5bd8f8dd88f7bce87c3a8:not(:hover) * {\n  color: #0f0a97;\n}\n#default-btn-6270b0d58fd5bd8f8dd88f7bce87c3a8:hover {\n  border-width: 0px;\n  color: #1d1dfc;\n  background: #ffffff !important;\n  padding: 15px 24px 15px 24px;\n}\n#default-btn-6270b0d58fd5bd8f8dd88f7bce87c3a8:hover * {\n  color: #1d1dfc;\n}\n#default-btn-6270b0d58fd5bd8f8dd88f7bce87c3a8.ico-right-side > i {\n  margin-right: 0px;\n  margin-left: 8px;\n}\n#default-btn-6270b0d58fd5bd8f8dd88f7bce87c3a8 > i {\n  margin-right: 8px;\n}<\/style><div class=\"btn-align-center\"><a href=\"https:\/\/www.mecasoft.be\/de\/dienste\/\" class=\"default-btn-shortcode dt-btn fadeInUp animate-element animation-builder link-hover-off btn-flat \" id=\"default-btn-6270b0d58fd5bd8f8dd88f7bce87c3a8\" title=\"Dienste\"><span>Entdecken Sie all unsere Dienstleistungen<\/span><\/a><\/div>[\/vc_column][\/vc_row]<\/p>\n<\/div>","protected":false},"excerpt":{"rendered":"<p>[vc_row][vc_column][vc_column_text] Bearbeitungstechniken [\/vc_column_text][vc_column_text] Wir bieten die Bearbeitung von mechanischen Teilen nach allen auf dem Markt bekannten traditionellen Techniken an. Auf diese Weise k\u00f6nnen wir jedes Projekt zum Schneiden von leitf\u00e4higen Metallen und Keramiken in seiner Gesamtheit \u00fcbernehmen. Dank dieser breiten Angebotspalette k\u00f6nnen wir mit allen Industriezweigen zusammenarbeiten, insbesondere jenen mit einem hohen Anforderungsniveau. [\/vc_column_text][\/vc_column][\/vc_row][vc_row css_animation=&#8220;fadeIn&#8220;&hellip;<\/p>\n","protected":false},"author":1,"featured_media":0,"parent":0,"menu_order":4,"comment_status":"closed","ping_status":"closed","template":"","meta":{"footnotes":""},"class_list":["post-1922","page","type-page","status-publish","hentry","description-off"],"yoast_head":"<!-- This site is optimized with the Yoast SEO plugin v26.8 - https:\/\/yoast.com\/product\/yoast-seo-wordpress\/ -->\n<title>Techniken zur Pr\u00e4zisionsbearbeitung von Metallteilen | Mecasoft<\/title>\n<meta name=\"description\" content=\"Experte f\u00fcr Pr\u00e4zisionsschneiden durch Elektroerosion (EDM), Techniken der Mikromechanik und andere Bearbeitungstechniken, darunter auch die klassischen.\" \/>\n<meta name=\"robots\" content=\"index, follow, max-snippet:-1, max-image-preview:large, max-video-preview:-1\" \/>\n<link rel=\"canonical\" href=\"https:\/\/www.mecasoft.be\/de\/bearbeitungstechniken\/\" \/>\n<meta property=\"og:locale\" content=\"de_DE\" \/>\n<meta property=\"og:type\" content=\"article\" \/>\n<meta property=\"og:title\" content=\"Techniken zur Pr\u00e4zisionsbearbeitung von Metallteilen | Mecasoft\" \/>\n<meta property=\"og:description\" content=\"Experte f\u00fcr Pr\u00e4zisionsschneiden durch Elektroerosion (EDM), Techniken der Mikromechanik und andere Bearbeitungstechniken, darunter auch die klassischen.\" \/>\n<meta property=\"og:url\" content=\"https:\/\/www.mecasoft.be\/de\/bearbeitungstechniken\/\" \/>\n<meta property=\"og:site_name\" content=\"Mecasoft\" \/>\n<meta property=\"article:modified_time\" content=\"2024-05-02T12:20:55+00:00\" \/>\n<meta name=\"twitter:card\" content=\"summary_large_image\" \/>\n<meta name=\"twitter:label1\" content=\"Gesch\u00e4tzte Lesezeit\" \/>\n\t<meta name=\"twitter:data1\" content=\"3\u00a0Minuten\" \/>\n<script type=\"application\/ld+json\" class=\"yoast-schema-graph\">{\"@context\":\"https:\/\/schema.org\",\"@graph\":[{\"@type\":\"WebPage\",\"@id\":\"https:\/\/www.mecasoft.be\/de\/bearbeitungstechniken\/\",\"url\":\"https:\/\/www.mecasoft.be\/de\/bearbeitungstechniken\/\",\"name\":\"Techniken zur Pr\u00e4zisionsbearbeitung von Metallteilen | Mecasoft\",\"isPartOf\":{\"@id\":\"https:\/\/www.mecasoft.be\/#website\"},\"datePublished\":\"2021-07-23T09:36:28+00:00\",\"dateModified\":\"2024-05-02T12:20:55+00:00\",\"description\":\"Experte f\u00fcr Pr\u00e4zisionsschneiden durch Elektroerosion (EDM), Techniken der Mikromechanik und andere Bearbeitungstechniken, darunter auch die klassischen.\",\"breadcrumb\":{\"@id\":\"https:\/\/www.mecasoft.be\/de\/bearbeitungstechniken\/#breadcrumb\"},\"inLanguage\":\"de\",\"potentialAction\":[{\"@type\":\"ReadAction\",\"target\":[\"https:\/\/www.mecasoft.be\/de\/bearbeitungstechniken\/\"]}]},{\"@type\":\"BreadcrumbList\",\"@id\":\"https:\/\/www.mecasoft.be\/de\/bearbeitungstechniken\/#breadcrumb\",\"itemListElement\":[{\"@type\":\"ListItem\",\"position\":1,\"name\":\"Accueil\",\"item\":\"https:\/\/www.mecasoft.be\/de\/\"},{\"@type\":\"ListItem\",\"position\":2,\"name\":\"Bearbeitungstechniken\"}]},{\"@type\":\"WebSite\",\"@id\":\"https:\/\/www.mecasoft.be\/#website\",\"url\":\"https:\/\/www.mecasoft.be\/\",\"name\":\"Mecasoft\",\"description\":\"\",\"publisher\":{\"@id\":\"https:\/\/www.mecasoft.be\/#organization\"},\"potentialAction\":[{\"@type\":\"SearchAction\",\"target\":{\"@type\":\"EntryPoint\",\"urlTemplate\":\"https:\/\/www.mecasoft.be\/?s={search_term_string}\"},\"query-input\":{\"@type\":\"PropertyValueSpecification\",\"valueRequired\":true,\"valueName\":\"search_term_string\"}}],\"inLanguage\":\"de\"},{\"@type\":\"Organization\",\"@id\":\"https:\/\/www.mecasoft.be\/#organization\",\"name\":\"Mecasoft - Usinage de haute pr\u00e9cision\",\"url\":\"https:\/\/www.mecasoft.be\/\",\"logo\":{\"@type\":\"ImageObject\",\"inLanguage\":\"de\",\"@id\":\"https:\/\/www.mecasoft.be\/#\/schema\/logo\/image\/\",\"url\":\"https:\/\/www.mecasoft.be\/wp-content\/uploads\/2021\/07\/mecasoft-520.png\",\"contentUrl\":\"https:\/\/www.mecasoft.be\/wp-content\/uploads\/2021\/07\/mecasoft-520.png\",\"width\":520,\"height\":160,\"caption\":\"Mecasoft - Usinage de haute pr\u00e9cision\"},\"image\":{\"@id\":\"https:\/\/www.mecasoft.be\/#\/schema\/logo\/image\/\"}}]}<\/script>\n<!-- \/ Yoast SEO plugin. -->","yoast_head_json":{"title":"Techniken zur Pr\u00e4zisionsbearbeitung von Metallteilen | Mecasoft","description":"Experte f\u00fcr Pr\u00e4zisionsschneiden durch Elektroerosion (EDM), Techniken der Mikromechanik und andere Bearbeitungstechniken, darunter auch die klassischen.","robots":{"index":"index","follow":"follow","max-snippet":"max-snippet:-1","max-image-preview":"max-image-preview:large","max-video-preview":"max-video-preview:-1"},"canonical":"https:\/\/www.mecasoft.be\/de\/bearbeitungstechniken\/","og_locale":"de_DE","og_type":"article","og_title":"Techniken zur Pr\u00e4zisionsbearbeitung von Metallteilen | Mecasoft","og_description":"Experte f\u00fcr Pr\u00e4zisionsschneiden durch Elektroerosion (EDM), Techniken der Mikromechanik und andere Bearbeitungstechniken, darunter auch die klassischen.","og_url":"https:\/\/www.mecasoft.be\/de\/bearbeitungstechniken\/","og_site_name":"Mecasoft","article_modified_time":"2024-05-02T12:20:55+00:00","twitter_card":"summary_large_image","twitter_misc":{"Gesch\u00e4tzte Lesezeit":"3\u00a0Minuten"},"schema":{"@context":"https:\/\/schema.org","@graph":[{"@type":"WebPage","@id":"https:\/\/www.mecasoft.be\/de\/bearbeitungstechniken\/","url":"https:\/\/www.mecasoft.be\/de\/bearbeitungstechniken\/","name":"Techniken zur Pr\u00e4zisionsbearbeitung von Metallteilen | Mecasoft","isPartOf":{"@id":"https:\/\/www.mecasoft.be\/#website"},"datePublished":"2021-07-23T09:36:28+00:00","dateModified":"2024-05-02T12:20:55+00:00","description":"Experte f\u00fcr Pr\u00e4zisionsschneiden durch Elektroerosion (EDM), Techniken der Mikromechanik und andere Bearbeitungstechniken, darunter auch die klassischen.","breadcrumb":{"@id":"https:\/\/www.mecasoft.be\/de\/bearbeitungstechniken\/#breadcrumb"},"inLanguage":"de","potentialAction":[{"@type":"ReadAction","target":["https:\/\/www.mecasoft.be\/de\/bearbeitungstechniken\/"]}]},{"@type":"BreadcrumbList","@id":"https:\/\/www.mecasoft.be\/de\/bearbeitungstechniken\/#breadcrumb","itemListElement":[{"@type":"ListItem","position":1,"name":"Accueil","item":"https:\/\/www.mecasoft.be\/de\/"},{"@type":"ListItem","position":2,"name":"Bearbeitungstechniken"}]},{"@type":"WebSite","@id":"https:\/\/www.mecasoft.be\/#website","url":"https:\/\/www.mecasoft.be\/","name":"Mecasoft","description":"","publisher":{"@id":"https:\/\/www.mecasoft.be\/#organization"},"potentialAction":[{"@type":"SearchAction","target":{"@type":"EntryPoint","urlTemplate":"https:\/\/www.mecasoft.be\/?s={search_term_string}"},"query-input":{"@type":"PropertyValueSpecification","valueRequired":true,"valueName":"search_term_string"}}],"inLanguage":"de"},{"@type":"Organization","@id":"https:\/\/www.mecasoft.be\/#organization","name":"Mecasoft - Usinage de haute pr\u00e9cision","url":"https:\/\/www.mecasoft.be\/","logo":{"@type":"ImageObject","inLanguage":"de","@id":"https:\/\/www.mecasoft.be\/#\/schema\/logo\/image\/","url":"https:\/\/www.mecasoft.be\/wp-content\/uploads\/2021\/07\/mecasoft-520.png","contentUrl":"https:\/\/www.mecasoft.be\/wp-content\/uploads\/2021\/07\/mecasoft-520.png","width":520,"height":160,"caption":"Mecasoft - Usinage de haute pr\u00e9cision"},"image":{"@id":"https:\/\/www.mecasoft.be\/#\/schema\/logo\/image\/"}}]}},"jetpack_sharing_enabled":true,"_links":{"self":[{"href":"https:\/\/www.mecasoft.be\/de\/wp-json\/wp\/v2\/pages\/1922","targetHints":{"allow":["GET"]}}],"collection":[{"href":"https:\/\/www.mecasoft.be\/de\/wp-json\/wp\/v2\/pages"}],"about":[{"href":"https:\/\/www.mecasoft.be\/de\/wp-json\/wp\/v2\/types\/page"}],"author":[{"embeddable":true,"href":"https:\/\/www.mecasoft.be\/de\/wp-json\/wp\/v2\/users\/1"}],"replies":[{"embeddable":true,"href":"https:\/\/www.mecasoft.be\/de\/wp-json\/wp\/v2\/comments?post=1922"}],"version-history":[{"count":7,"href":"https:\/\/www.mecasoft.be\/de\/wp-json\/wp\/v2\/pages\/1922\/revisions"}],"predecessor-version":[{"id":6162,"href":"https:\/\/www.mecasoft.be\/de\/wp-json\/wp\/v2\/pages\/1922\/revisions\/6162"}],"wp:attachment":[{"href":"https:\/\/www.mecasoft.be\/de\/wp-json\/wp\/v2\/media?parent=1922"}],"curies":[{"name":"wp","href":"https:\/\/api.w.org\/{rel}","templated":true}]}}