{"id":1906,"date":"2021-07-26T09:41:45","date_gmt":"2021-07-26T07:41:45","guid":{"rendered":"https:\/\/www.mecasoft.be\/services\/usinage-de-haute-precision\/"},"modified":"2024-05-02T12:29:45","modified_gmt":"2024-05-02T10:29:45","slug":"hochprazise-bearbeitung","status":"publish","type":"page","link":"https:\/\/www.mecasoft.be\/de\/dienste\/hochprazise-bearbeitung\/","title":{"rendered":"Hochpr\u00e4zise Bearbeitung"},"content":{"rendered":"<div class=\"wpb-content-wrapper\"><p>[vc_row content_placement=&#8220;middle&#8220; css=&#8220;.vc_custom_1628165662329{padding-top: 80px !important;padding-bottom: 30px !important;}&#8220;][vc_column][vc_column_text css_animation=&#8220;fadeIn&#8220;]<\/p>\n<p style=\"text-align: center;\">Mecasoft ist ein anerkannter Spezialist auf<strong> dem Gebiet der hochpr\u00e4zisen Bearbeitung<\/strong>.<\/p>\n<p style=\"text-align: center;\">Seit 40 Jahren vertrauen uns viele Branchen der <strong>Hightech-Industrie <\/strong>bei der Herstellung von <strong>mechanischen Teilen<\/strong> mit komplexen Profilen.<\/p>\n<p>[\/vc_column_text][\/vc_column][\/vc_row][vc_row content_placement=&#8220;middle&#8220; bg_type=&#8220;bg_color&#8220; bg_override=&#8220;ex-full&#8220; bg_color_value=&#8220;#f4f4f4&#8243; css=&#8220;.vc_custom_1628165124795{padding-top: 30px !important;padding-bottom: 80px !important;}&#8220;][vc_column][vc_row_inner content_placement=&#8220;middle&#8220; gap=&#8220;30&#8243;][vc_column_inner el_class=&#8220;custom-rel&#8220; width=&#8220;7\/12&#8243; css=&#8220;.vc_custom_1627626691371{padding-bottom: 40px !important;}&#8220;][vc_column_text css_animation=&#8220;fadeIn&#8220; css=&#8220;.vc_custom_1646663020522{margin-bottom: 20px !important;}&#8220;]<\/p>\n<h2>Unsere Techniken zur Bearbeitung von Metallbauteilen<\/h2>\n<p>Unsere Techniken erm\u00f6glichen es uns, den perfekten Kompromiss zwischen Wettbewerbsf\u00e4higkeit einerseits und hoher Pr\u00e4zision andererseits zu erreichen. In jeder Phase des Projekts bewerten wir gemeinsam die m\u00f6glichen Phasen, um Kosten und Qualit\u00e4t zu optimieren.<\/p>\n<p>Auf diese Weise werden die geeignetsten Techniken eingesetzt, z. B. je nach den gew\u00fcnschten Toleranzen, der Komplexit\u00e4t und der Gr\u00f6\u00dfe der Serie. F\u00fcr die anspruchsvollsten Arbeitsschritte bieten wir ein sehr hohes <strong>Ma\u00df an Pr\u00e4zision <\/strong>bei der Herstellung von Zerspanungsprodukten. Hierf\u00fcr nutzen wir insbesondere die <a href=\"https:\/\/www.mecasoft.be\/de\/bearbeitungstechniken\/elektroerosion\/\">Elektroerosion<\/a> in drei Verfahren: Draht-, Senk- und Bohrerodieren.[\/vc_column_text]<style type=\"text\/css\" data-type=\"the7_shortcodes-inline-css\">#default-btn-3a96df412a182793672c09e0df192d19.ico-right-side > i {\n  margin-right: 0px;\n  margin-left: 8px;\n}\n#default-btn-3a96df412a182793672c09e0df192d19 > i {\n  margin-right: 8px;\n}<\/style><a href=\"https:\/\/www.mecasoft.be\/de\/bearbeitungstechniken\/elektroerosion\/\" class=\"default-btn-shortcode dt-btn dt-btn-l fadeInUp animate-element animation-builder link-hover-off btn-inline-left  vc_custom_1639487320808\" id=\"default-btn-3a96df412a182793672c09e0df192d19\" title=\"Elektroerosion\"><span>Sehen Sie sich unsere Erodierverfahren an<\/span><\/a>[\/vc_column_inner][vc_column_inner width=&#8220;5\/12&#8243;][vc_single_image image=&#8220;1783&#8243; img_size=&#8220;600&#215;800&#8243; css_animation=&#8220;fadeIn&#8220; css=&#8220;&#8220;][\/vc_column_inner][\/vc_row_inner][vc_column_text css_animation=&#8220;fadeIn&#8220;]<\/p>\n<h3>Beherrschung der verschiedenen Techniken der Mikromechanik<\/h3>\n<p>F\u00fcr ultimative Pr\u00e4zision oder wenn das klassische Erodieren an seine Grenzen st\u00f6\u00dft, haben wir unser Know-how rund um die verschiedenen Varianten der<a href=\"http:\/\/microm\u00e9canique\"><strong> Mikromechanik<\/strong><\/a> entwickelt, wie z. B. <strong>Mikroschneiden<\/strong>, <strong>Mikrobohren<\/strong>, <strong>Mikrofr\u00e4sen<\/strong> und <strong>Mikrolochbohren<\/strong>. Damit ist Mecasoft <strong>einer der wenigen Spezialisten in Europa<\/strong>, der die Technik des <strong>5-achsigen 3D-Mikrofr\u00e4sens mittels Elektroerosion<\/strong> beherrscht.<\/p>\n<p>Die Besonderheiten jedes dieser Verfahren erm\u00f6glichen es uns, den unterschiedlichsten Anforderungen unserer Kunden gerecht zu werden. Diese profitieren einerseits von einem optimalen Kosten-Nutzen-Verh\u00e4ltnis durch die Wahl der geeignetsten Techniken und erhalten andererseits eine <strong>au\u00dfergew\u00f6hnliche intrinsische Qualit\u00e4t bei den heikelsten Schritten<\/strong>, sowohl beim Zuschnitt als auch bei der Oberfl\u00e4chenbeschaffenheit des Endprodukts.[\/vc_column_text][\/vc_column][\/vc_row][vc_row bg_type=&#8220;image&#8220; parallax_style=&#8220;vcpb-default&#8220; bg_image_new=&#8220;id^1781|url^https:\/\/www.mecasoft.be\/wp-content\/uploads\/2021\/10\/Service-usinage-002-Mecasoft-Roberty-Sebastien-5.jpg|caption^null|alt^null|title^Service-usinage-002-Mecasoft-Roberty-Sebastien-5|description^null&#8220; bg_image_repeat=&#8220;no-repeat&#8220; bg_override=&#8220;ex-full&#8220; el_class=&#8220;custom-blur&#8220;][vc_column css_animation=&#8220;fadeIn&#8220; width=&#8220;2\/3&#8243; css=&#8220;.vc_custom_1714645781558{padding-top: 80px !important;padding-right: 30px !important;padding-bottom: 150px !important;padding-left: 50px !important;background-color: rgba(15,14,150,0.5) !important;*background-color: rgb(15,14,150) !important;}&#8220; el_class=&#8220;custom-blur&#8220; offset=&#8220;vc_col-lg-offset-4 vc_col-md-offset-4 vc_col-sm-offset-4&#8243;][vc_column_text el_class=&#8220;custom-white&#8220;]<\/p>\n<h2>Wir stellen alle Arten von Metallteilen her<\/h2>\n<p>[\/vc_column_text][vc_column_text el_class=&#8220;custom-white&#8220;]Wir beherrschen das <strong>hochpr\u00e4zise Schneiden aller Arten von leitf\u00e4higen<\/strong>, selbst von sehr widerstandsf\u00e4higen und harten <strong>Materialien<\/strong>: Stahl, Titan, Aluminium, Edelstahl 316L, Kupfer, Inconel 605 oder 718, Titan- und Wolframkarbide, etc. Dank eines <strong>diversifizierten Bearbeitungsparks, insbesondere im Bereich EDM<\/strong>, bearbeiten wir kleine und gr\u00f6\u00dfere Teile, f\u00fcr die Entwicklung von <strong>Prototypen<\/strong>, f\u00fcr Einzel- <strong>oder Serienproduktion<\/strong> oder sogar <strong>industrielle Mengen<\/strong>.<\/p>\n<p><strong>So bietet<\/strong> Mecasoft <strong>das Schneiden, Bohren und die 3D-Oberfl\u00e4chentexturierung<\/strong> Ihrer mechanischen Teile mit einer Genauigkeit von bis zu einem Mikron an.<\/p>\n<p><strong>Sprechen Sie mit unserem Planungsb\u00fcro \u00fcber Ihr Projekt<\/strong>[\/vc_column_text]<style type=\"text\/css\" data-type=\"the7_shortcodes-inline-css\">#default-btn-c9dcf91d9ef0a26dd015eec06b884b24.ico-right-side > i {\n  margin-right: 0px;\n  margin-left: 8px;\n}\n#default-btn-c9dcf91d9ef0a26dd015eec06b884b24 > i {\n  margin-right: 8px;\n}<\/style><a href=\"https:\/\/www.mecasoft.be\/de\/kontakt\/\" class=\"default-btn-shortcode dt-btn dt-btn-l fadeInUp animate-element animation-builder link-hover-off btn-inline-left \" id=\"default-btn-c9dcf91d9ef0a26dd015eec06b884b24\" title=\"Kontakt\"><span>Kontaktieren Sie uns<\/span><\/a>[\/vc_column][\/vc_row][vc_row gap=&#8220;30&#8243; content_placement=&#8220;middle&#8220; css=&#8220;.vc_custom_1628168840991{padding-top: 30px !important;padding-bottom: 80px !important;}&#8220;][vc_column width=&#8220;5\/12&#8243;][vc_single_image image=&#8220;1751&#8243; img_size=&#8220;400&#215;600&#8243; css_animation=&#8220;fadeIn&#8220;][\/vc_column][vc_column width=&#8220;7\/12&#8243;][vc_column_text]<\/p>\n<h2>Die Beherrschung der Tools durch unser Expertenteam<\/h2>\n<p>Mecasoft besteht aus einem <strong>Team von Ingenieuren und Experten <\/strong>mit langj\u00e4hriger Erfahrung<strong> in der hochpr\u00e4zisen Bearbeitung<\/strong>. Jeder unserer Mitarbeiter verf\u00fcgt \u00fcber umfassende Kenntnisse der von uns verwendeten IT-Tools und der Eigenschaften der Ger\u00e4te, aus denen sich unser Maschinenpark zusammensetzt.<\/p>\n<p>Jeder von ihnen hat den internen Mecasoft-Trainingsparcours erfolgreich abgeschlossen. Dank seiner spezifischen Kenntnisse \u00fcber jedes Projekt kann der Mitarbeiter dann ein echtes <strong>Vertrauensverh\u00e4ltnis<\/strong> zu unserem Kunden aufbauen. Auf diese Weise und mithilfe unseres <a href=\"https:\/\/www.mecasoft.be\/de\/dienste\/planungsburo-fur-mechanische-techniken\/\">mechanischen Planungsb\u00fcros<\/a> schl\u00e4gt er immer die <strong>am besten f\u00fcr die Gestaltung des<\/strong> angestrebten <strong>Teils geeignete L\u00f6sung<\/strong> vor.<\/p>\n<p>Dar\u00fcber hinaus erm\u00f6glicht eine perfekte <strong>Beherrschung der Werkzeuge<\/strong>, ein Endergebnis zu erzielen, das dem erstellten Plan vollkommen entspricht und eine bemerkenswerte wirtschaftliche Optimierung aufweist, die von unseren Kunden gesch\u00e4tzt wird.[\/vc_column_text][\/vc_column][\/vc_row][vc_row bg_type=&#8220;image&#8220; parallax_style=&#8220;vcpb-default&#8220; bg_image_new=&#8220;id^833|url^https:\/\/www.mecasoft.be\/wp-content\/uploads\/2021\/10\/Institut-020-PICT0022.jpg|caption^null|alt^null|title^Institut-020-PICT0022|description^null&#8220; bg_image_repeat=&#8220;no-repeat&#8220; bg_override=&#8220;ex-full&#8220; el_class=&#8220;custom-blur&#8220;][vc_column css_animation=&#8220;fadeIn&#8220; width=&#8220;2\/3&#8243; css=&#8220;.vc_custom_1714645460193{padding-top: 80px !important;padding-right: 30px !important;padding-bottom: 150px !important;padding-left: 50px !important;background-color: rgba(255,255,255,0.8) !important;*background-color: rgb(255,255,255) !important;}&#8220;][vc_column_text]<\/p>\n<h2><span lang=\"DE\">Angewandte Pr\u00e4zision in Spitzenbereichen<\/span><\/h2>\n<p>[\/vc_column_text][vc_column_text]Dank unserer <strong>Maschinen<\/strong> und der perfekt beherrschten <strong>Schneidetechniken<\/strong> konnte unser Unternehmen zahlreiche Kooperationen in <a href=\"https:\/\/www.mecasoft.be\/de\/branchen\/\">Branchen<\/a> eingehen, in denen <strong>mechanische Werkzeuge mit einwandfreier Pr\u00e4zision<\/strong> ben\u00f6tigt werden.<strong> Dazu geh\u00f6ren Akteure aus der<\/strong> <strong><a href=\"https:\/\/www.mecasoft.be\/de\/branchen\/luft-und-raumfahrt\/\">Luft<\/a>&#8211;<\/strong> und <a href=\"https:\/\/www.mecasoft.be\/de\/branchen\/weltraumtechnik\/\"><strong>Raumfahrt<\/strong><\/a> oder dem <strong><a href=\"https:\/\/www.mecasoft.be\/de\/branchen\/medizin-chirurgie\/\">medizinischen<\/a> Sektor<\/strong>. Mecasoft ist n\u00e4mlich in der Lage, auf die Besonderheiten und Einschr\u00e4nkungen einzugehen, die f\u00fcr jeden dieser Hightech-Sektoren typisch sind.<\/p>\n<p>Sehen Sie sich die Liste mit einer beispielhaften Auswahl der Branchen an, f\u00fcr die wir maschinell bearbeitete Bauteile entwerfen und herstellen. Was auch immer <strong>Ihre Branche oder die Art Ihres Produkts ist, nehmen Sie Kontakt<\/strong> mit unserem Team auf \u2013 es wird mit Sicherheit eine L\u00f6sung f\u00fcr Ihre Anforderung finden.[\/vc_column_text]<style type=\"text\/css\" data-type=\"the7_shortcodes-inline-css\">#default-btn-c9dcf91d9ef0a26dd015eec06b884b24.ico-right-side > i {\n  margin-right: 0px;\n  margin-left: 8px;\n}\n#default-btn-c9dcf91d9ef0a26dd015eec06b884b24 > i {\n  margin-right: 8px;\n}<\/style><a href=\"https:\/\/www.mecasoft.be\/de\/kontakt\/\" class=\"default-btn-shortcode dt-btn dt-btn-l fadeInUp animate-element animation-builder link-hover-off btn-inline-left \" id=\"default-btn-c9dcf91d9ef0a26dd015eec06b884b24\" title=\"Kontakt\"><span>Kontaktieren Sie uns<\/span><\/a>[\/vc_column][\/vc_row]<\/p>\n<\/div>","protected":false},"excerpt":{"rendered":"<p>[vc_row content_placement=&#8220;middle&#8220; css=&#8220;.vc_custom_1628165662329{padding-top: 80px !important;padding-bottom: 30px !important;}&#8220;][vc_column][vc_column_text css_animation=&#8220;fadeIn&#8220;] Mecasoft ist ein anerkannter Spezialist auf dem Gebiet der hochpr\u00e4zisen Bearbeitung. Seit 40 Jahren vertrauen uns viele Branchen der Hightech-Industrie bei der Herstellung von mechanischen Teilen mit komplexen Profilen. [\/vc_column_text][\/vc_column][\/vc_row][vc_row content_placement=&#8220;middle&#8220; bg_type=&#8220;bg_color&#8220; bg_override=&#8220;ex-full&#8220; bg_color_value=&#8220;#f4f4f4&#8243; css=&#8220;.vc_custom_1628165124795{padding-top: 30px !important;padding-bottom: 80px !important;}&#8220;][vc_column][vc_row_inner content_placement=&#8220;middle&#8220; gap=&#8220;30&#8243;][vc_column_inner el_class=&#8220;custom-rel&#8220; width=&#8220;7\/12&#8243; css=&#8220;.vc_custom_1627626691371{padding-bottom: 40px !important;}&#8220;][vc_column_text css_animation=&#8220;fadeIn&#8220;&hellip;<\/p>\n","protected":false},"author":1,"featured_media":0,"parent":1902,"menu_order":2,"comment_status":"closed","ping_status":"closed","template":"","meta":{"footnotes":""},"class_list":["post-1906","page","type-page","status-publish","hentry","description-off"],"yoast_head":"<!-- This site is optimized with the Yoast SEO plugin v26.8 - https:\/\/yoast.com\/product\/yoast-seo-wordpress\/ -->\n<title>Hochpr\u00e4zise Bearbeitung von mechanischen Teilen und Bauteilen | Mecasoft<\/title>\n<meta name=\"description\" content=\"Mecasoft bietet die Bearbeitung von Metallteilen nach modernsten Techniken der Elektroerosion (EDM) und Mikromechanik f\u00fcr alle Branchen an.\" \/>\n<meta name=\"robots\" content=\"index, follow, max-snippet:-1, max-image-preview:large, max-video-preview:-1\" \/>\n<link rel=\"canonical\" href=\"https:\/\/www.mecasoft.be\/de\/dienste\/hochprazise-bearbeitung\/\" \/>\n<meta property=\"og:locale\" content=\"de_DE\" \/>\n<meta property=\"og:type\" content=\"article\" \/>\n<meta property=\"og:title\" content=\"Hochpr\u00e4zise Bearbeitung von mechanischen Teilen und Bauteilen | Mecasoft\" \/>\n<meta property=\"og:description\" content=\"Mecasoft bietet die Bearbeitung von Metallteilen nach modernsten Techniken der Elektroerosion (EDM) und Mikromechanik f\u00fcr alle Branchen an.\" \/>\n<meta property=\"og:url\" content=\"https:\/\/www.mecasoft.be\/de\/dienste\/hochprazise-bearbeitung\/\" \/>\n<meta property=\"og:site_name\" content=\"Mecasoft\" \/>\n<meta property=\"article:modified_time\" content=\"2024-05-02T10:29:45+00:00\" \/>\n<meta name=\"twitter:card\" content=\"summary_large_image\" \/>\n<meta name=\"twitter:label1\" content=\"Gesch\u00e4tzte Lesezeit\" \/>\n\t<meta name=\"twitter:data1\" content=\"4\u00a0Minuten\" \/>\n<script type=\"application\/ld+json\" class=\"yoast-schema-graph\">{\"@context\":\"https:\/\/schema.org\",\"@graph\":[{\"@type\":\"WebPage\",\"@id\":\"https:\/\/www.mecasoft.be\/de\/dienste\/hochprazise-bearbeitung\/\",\"url\":\"https:\/\/www.mecasoft.be\/de\/dienste\/hochprazise-bearbeitung\/\",\"name\":\"Hochpr\u00e4zise Bearbeitung von mechanischen Teilen und Bauteilen | Mecasoft\",\"isPartOf\":{\"@id\":\"https:\/\/www.mecasoft.be\/#website\"},\"datePublished\":\"2021-07-26T07:41:45+00:00\",\"dateModified\":\"2024-05-02T10:29:45+00:00\",\"description\":\"Mecasoft bietet die Bearbeitung von Metallteilen nach modernsten Techniken der Elektroerosion (EDM) und Mikromechanik f\u00fcr alle Branchen an.\",\"breadcrumb\":{\"@id\":\"https:\/\/www.mecasoft.be\/de\/dienste\/hochprazise-bearbeitung\/#breadcrumb\"},\"inLanguage\":\"de\",\"potentialAction\":[{\"@type\":\"ReadAction\",\"target\":[\"https:\/\/www.mecasoft.be\/de\/dienste\/hochprazise-bearbeitung\/\"]}]},{\"@type\":\"BreadcrumbList\",\"@id\":\"https:\/\/www.mecasoft.be\/de\/dienste\/hochprazise-bearbeitung\/#breadcrumb\",\"itemListElement\":[{\"@type\":\"ListItem\",\"position\":1,\"name\":\"Accueil\",\"item\":\"https:\/\/www.mecasoft.be\/de\/\"},{\"@type\":\"ListItem\",\"position\":2,\"name\":\"Dienste\",\"item\":\"https:\/\/www.mecasoft.be\/de\/dienste\/\"},{\"@type\":\"ListItem\",\"position\":3,\"name\":\"Hochpr\u00e4zise Bearbeitung\"}]},{\"@type\":\"WebSite\",\"@id\":\"https:\/\/www.mecasoft.be\/#website\",\"url\":\"https:\/\/www.mecasoft.be\/\",\"name\":\"Mecasoft\",\"description\":\"\",\"publisher\":{\"@id\":\"https:\/\/www.mecasoft.be\/#organization\"},\"potentialAction\":[{\"@type\":\"SearchAction\",\"target\":{\"@type\":\"EntryPoint\",\"urlTemplate\":\"https:\/\/www.mecasoft.be\/?s={search_term_string}\"},\"query-input\":{\"@type\":\"PropertyValueSpecification\",\"valueRequired\":true,\"valueName\":\"search_term_string\"}}],\"inLanguage\":\"de\"},{\"@type\":\"Organization\",\"@id\":\"https:\/\/www.mecasoft.be\/#organization\",\"name\":\"Mecasoft - Usinage de haute pr\u00e9cision\",\"url\":\"https:\/\/www.mecasoft.be\/\",\"logo\":{\"@type\":\"ImageObject\",\"inLanguage\":\"de\",\"@id\":\"https:\/\/www.mecasoft.be\/#\/schema\/logo\/image\/\",\"url\":\"https:\/\/www.mecasoft.be\/wp-content\/uploads\/2021\/07\/mecasoft-520.png\",\"contentUrl\":\"https:\/\/www.mecasoft.be\/wp-content\/uploads\/2021\/07\/mecasoft-520.png\",\"width\":520,\"height\":160,\"caption\":\"Mecasoft - Usinage de haute pr\u00e9cision\"},\"image\":{\"@id\":\"https:\/\/www.mecasoft.be\/#\/schema\/logo\/image\/\"}}]}<\/script>\n<!-- \/ Yoast SEO plugin. -->","yoast_head_json":{"title":"Hochpr\u00e4zise Bearbeitung von mechanischen Teilen und Bauteilen | Mecasoft","description":"Mecasoft bietet die Bearbeitung von Metallteilen nach modernsten Techniken der Elektroerosion (EDM) und Mikromechanik f\u00fcr alle Branchen an.","robots":{"index":"index","follow":"follow","max-snippet":"max-snippet:-1","max-image-preview":"max-image-preview:large","max-video-preview":"max-video-preview:-1"},"canonical":"https:\/\/www.mecasoft.be\/de\/dienste\/hochprazise-bearbeitung\/","og_locale":"de_DE","og_type":"article","og_title":"Hochpr\u00e4zise Bearbeitung von mechanischen Teilen und Bauteilen | Mecasoft","og_description":"Mecasoft bietet die Bearbeitung von Metallteilen nach modernsten Techniken der Elektroerosion (EDM) und Mikromechanik f\u00fcr alle Branchen an.","og_url":"https:\/\/www.mecasoft.be\/de\/dienste\/hochprazise-bearbeitung\/","og_site_name":"Mecasoft","article_modified_time":"2024-05-02T10:29:45+00:00","twitter_card":"summary_large_image","twitter_misc":{"Gesch\u00e4tzte Lesezeit":"4\u00a0Minuten"},"schema":{"@context":"https:\/\/schema.org","@graph":[{"@type":"WebPage","@id":"https:\/\/www.mecasoft.be\/de\/dienste\/hochprazise-bearbeitung\/","url":"https:\/\/www.mecasoft.be\/de\/dienste\/hochprazise-bearbeitung\/","name":"Hochpr\u00e4zise Bearbeitung von mechanischen Teilen und Bauteilen | Mecasoft","isPartOf":{"@id":"https:\/\/www.mecasoft.be\/#website"},"datePublished":"2021-07-26T07:41:45+00:00","dateModified":"2024-05-02T10:29:45+00:00","description":"Mecasoft bietet die Bearbeitung von Metallteilen nach modernsten Techniken der Elektroerosion (EDM) und Mikromechanik f\u00fcr alle Branchen an.","breadcrumb":{"@id":"https:\/\/www.mecasoft.be\/de\/dienste\/hochprazise-bearbeitung\/#breadcrumb"},"inLanguage":"de","potentialAction":[{"@type":"ReadAction","target":["https:\/\/www.mecasoft.be\/de\/dienste\/hochprazise-bearbeitung\/"]}]},{"@type":"BreadcrumbList","@id":"https:\/\/www.mecasoft.be\/de\/dienste\/hochprazise-bearbeitung\/#breadcrumb","itemListElement":[{"@type":"ListItem","position":1,"name":"Accueil","item":"https:\/\/www.mecasoft.be\/de\/"},{"@type":"ListItem","position":2,"name":"Dienste","item":"https:\/\/www.mecasoft.be\/de\/dienste\/"},{"@type":"ListItem","position":3,"name":"Hochpr\u00e4zise Bearbeitung"}]},{"@type":"WebSite","@id":"https:\/\/www.mecasoft.be\/#website","url":"https:\/\/www.mecasoft.be\/","name":"Mecasoft","description":"","publisher":{"@id":"https:\/\/www.mecasoft.be\/#organization"},"potentialAction":[{"@type":"SearchAction","target":{"@type":"EntryPoint","urlTemplate":"https:\/\/www.mecasoft.be\/?s={search_term_string}"},"query-input":{"@type":"PropertyValueSpecification","valueRequired":true,"valueName":"search_term_string"}}],"inLanguage":"de"},{"@type":"Organization","@id":"https:\/\/www.mecasoft.be\/#organization","name":"Mecasoft - Usinage de haute pr\u00e9cision","url":"https:\/\/www.mecasoft.be\/","logo":{"@type":"ImageObject","inLanguage":"de","@id":"https:\/\/www.mecasoft.be\/#\/schema\/logo\/image\/","url":"https:\/\/www.mecasoft.be\/wp-content\/uploads\/2021\/07\/mecasoft-520.png","contentUrl":"https:\/\/www.mecasoft.be\/wp-content\/uploads\/2021\/07\/mecasoft-520.png","width":520,"height":160,"caption":"Mecasoft - Usinage de haute pr\u00e9cision"},"image":{"@id":"https:\/\/www.mecasoft.be\/#\/schema\/logo\/image\/"}}]}},"jetpack_sharing_enabled":true,"_links":{"self":[{"href":"https:\/\/www.mecasoft.be\/de\/wp-json\/wp\/v2\/pages\/1906","targetHints":{"allow":["GET"]}}],"collection":[{"href":"https:\/\/www.mecasoft.be\/de\/wp-json\/wp\/v2\/pages"}],"about":[{"href":"https:\/\/www.mecasoft.be\/de\/wp-json\/wp\/v2\/types\/page"}],"author":[{"embeddable":true,"href":"https:\/\/www.mecasoft.be\/de\/wp-json\/wp\/v2\/users\/1"}],"replies":[{"embeddable":true,"href":"https:\/\/www.mecasoft.be\/de\/wp-json\/wp\/v2\/comments?post=1906"}],"version-history":[{"count":11,"href":"https:\/\/www.mecasoft.be\/de\/wp-json\/wp\/v2\/pages\/1906\/revisions"}],"predecessor-version":[{"id":6136,"href":"https:\/\/www.mecasoft.be\/de\/wp-json\/wp\/v2\/pages\/1906\/revisions\/6136"}],"up":[{"embeddable":true,"href":"https:\/\/www.mecasoft.be\/de\/wp-json\/wp\/v2\/pages\/1902"}],"wp:attachment":[{"href":"https:\/\/www.mecasoft.be\/de\/wp-json\/wp\/v2\/media?parent=1906"}],"curies":[{"name":"wp","href":"https:\/\/api.w.org\/{rel}","templated":true}]}}