{"id":1904,"date":"2021-07-26T09:41:30","date_gmt":"2021-07-26T07:41:30","guid":{"rendered":"https:\/\/www.mecasoft.be\/services\/bureau-detudes-mecaniques\/"},"modified":"2024-05-02T12:13:56","modified_gmt":"2024-05-02T10:13:56","slug":"planungsburo-fur-mechanische-techniken","status":"publish","type":"page","link":"https:\/\/www.mecasoft.be\/de\/dienste\/planungsburo-fur-mechanische-techniken\/","title":{"rendered":"Planungsb\u00fcro f\u00fcr mechanische Techniken"},"content":{"rendered":"<div class=\"wpb-content-wrapper\"><p>[vc_row content_placement=&#8220;middle&#8220; css=&#8220;.vc_custom_1628165662329{padding-top: 80px !important;padding-bottom: 30px !important;}&#8220;][vc_column][vc_column_text css_animation=&#8220;fadeIn&#8220;]<\/p>\n<p style=\"text-align: center;\">Wir begleiten Sie bei <strong>allen Schritten des Entwicklungsprozesses Ihrer Werkst\u00fccke, von den einfachsten bis zu den komplexesten<\/strong>. Dank unseres <strong>Planungsb\u00fcros<\/strong> mit einem Team von Ingenieuren und Spezialisten stellt Mecasoft sein Fachwissen in Ihren Dienst, von der \u00dcberlegung bis zur Konkretisierung Ihrer Projekte.<\/p>\n<p>[\/vc_column_text][\/vc_column][\/vc_row][vc_row content_placement=&#8220;middle&#8220; bg_type=&#8220;bg_color&#8220; bg_override=&#8220;ex-full&#8220; bg_color_value=&#8220;#f4f4f4&#8243; css=&#8220;.vc_custom_1628165124795{padding-top: 30px !important;padding-bottom: 80px !important;}&#8220;][vc_column][vc_row_inner content_placement=&#8220;middle&#8220; gap=&#8220;30&#8243;][vc_column_inner el_class=&#8220;custom-rel&#8220; width=&#8220;7\/12&#8243; css=&#8220;.vc_custom_1627626691371{padding-bottom: 40px !important;}&#8220;][vc_column_text css_animation=&#8220;fadeIn&#8220; css=&#8220;.vc_custom_1639474288102{margin-bottom: 20px !important;}&#8220;]<\/p>\n<h2>Unsere pers\u00f6nliche Beratung f\u00fcr Ihre Werkst\u00fccke<\/h2>\n<p>Unsere Aufgabe endet nicht mit dem Schneiden Ihrer Metallbauteile. Was die <strong>Zufriedenheit jedes einzelnen unserer Kunden<\/strong> garantiert, ist nicht nur die <a href=\"https:\/\/www.mecasoft.be\/de\/dienste\/qualitatskontrolle\/\"><strong>Qualit\u00e4t der Endprodukte<\/strong><\/a>, sondern auch unsere <strong>Beratung aus Expertenhand<\/strong> aus der Maschinenbaubranche zur Verbesserung von <strong>Budget<\/strong>, <strong>Zeit<\/strong> und <strong>Ertrag<\/strong>.<\/p>\n<p>Mit unserer langj\u00e4hrigen Erfahrung helfen wir Ihnen bei der Auswahl der effizientesten und wettbewerbsf\u00e4higsten L\u00f6sungen f\u00fcr die <strong>Konstruktion Ihrer Teile<\/strong>, die einzusetzenden <strong>Bearbeitungstechniken<\/strong> und die f\u00fcr Ihre Bed\u00fcrfnisse <strong>am besten geeigneten Materialien<\/strong>.[\/vc_column_text][\/vc_column_inner][vc_column_inner width=&#8220;5\/12&#8243;][vc_single_image image=&#8220;1765&#8243; img_size=&#8220;full&#8220; css_animation=&#8220;fadeIn&#8220;][\/vc_column_inner][\/vc_row_inner][vc_row_inner content_placement=&#8220;middle&#8220; gap=&#8220;30&#8243;][vc_column_inner width=&#8220;5\/12&#8243;][vc_single_image image=&#8220;1771&#8243; img_size=&#8220;full&#8220; css_animation=&#8220;fadeIn&#8220;][\/vc_column_inner][vc_column_inner el_class=&#8220;custom-rel&#8220; width=&#8220;7\/12&#8243; css=&#8220;.vc_custom_1627626691371{padding-bottom: 40px !important;}&#8220;][vc_column_text css_animation=&#8220;fadeIn&#8220;]<\/p>\n<h2>Eine parametrisierte Begleitung entsprechend der Phase Ihres Projekts<\/h2>\n<p>Wir beherrschen alle Schritte und begleiten Sie vom Prototyping bis zur Serienproduktion. Die anzuwendenden Methoden und die ben\u00f6tigten Werkzeuge f\u00fcr eine effiziente Bearbeitung Ihrer Bauteile werden je nach Fortschritt Ihres Projekts unterschiedlich sein.<\/p>\n<p>Von der Entwicklung von Prototypen zu deren Validierung bis hin zur Vorserienphase oder zur Serienproduktion (mit l\u00e4ngeren Unterbrechungen oder im Dauerbetrieb) unterst\u00fctzen wir Sie bei der Wahl des wirtschaftlichsten und leistungsf\u00e4higsten Wegs.<\/p>\n<p>Und falls Sie noch weitere Fragen zu einem der Schritte in Ihrem Projekt haben, setzt unser Unternehmen alles daran, sie zu beantworten![\/vc_column_text]<style type=\"text\/css\" data-type=\"the7_shortcodes-inline-css\">#default-btn-dc5299dbe02e08acd4fc4e7cbc13247d.ico-right-side > i {\n  margin-right: 0px;\n  margin-left: 8px;\n}\n#default-btn-dc5299dbe02e08acd4fc4e7cbc13247d > i {\n  margin-right: 8px;\n}<\/style><a href=\"https:\/\/www.mecasoft.be\/de\/bearbeitungstechniken\/\" class=\"default-btn-shortcode dt-btn dt-btn-l fadeInUp animate-element animation-builder link-hover-off btn-inline-left \" id=\"default-btn-dc5299dbe02e08acd4fc4e7cbc13247d\" title=\"Bearbeitungstechniken\"><span>Entdecken Sie unsere Bearbeitungstechniken<\/span><\/a>[\/vc_column_inner][\/vc_row_inner][\/vc_column][\/vc_row][vc_row bg_type=&#8220;image&#8220; parallax_style=&#8220;vcpb-default&#8220; bg_image_new=&#8220;id^903|url^https:\/\/www.mecasoft.be\/wp-content\/uploads\/2021\/10\/Service-BE-003Capture.jpg|caption^null|alt^null|title^Service-BE-003Capture|description^null&#8220; bg_image_repeat=&#8220;no-repeat&#8220; bg_override=&#8220;ex-full&#8220; el_class=&#8220;custom-blur&#8220;][vc_column css_animation=&#8220;fadeIn&#8220; width=&#8220;2\/3&#8243; css=&#8220;.vc_custom_1714644802689{padding-top: 80px !important;padding-right: 30px !important;padding-bottom: 150px !important;padding-left: 50px !important;background-color: rgba(15,14,150,0.5) !important;*background-color: rgb(15,14,150) !important;}&#8220; el_class=&#8220;custom-blur&#8220;][vc_column_text el_class=&#8220;custom-white&#8220;]<\/p>\n<h2><span lang=\"FR\">Unser Planungsb\u00fcro: Ihr Projekt in vollem Vertrauen<\/span><\/h2>\n<p>[\/vc_column_text][vc_column_text el_class=&#8220;custom-white&#8220;]<\/p>\n<ul>\n<li>Sie profitieren vom Wissen von <strong>Ingenieuren <\/strong>und<strong> Spezialisten<\/strong> f\u00fcr hochpr\u00e4zise Mechanik.<\/li>\n<li>Wir helfen Ihnen bei der Formulierung Ihrer Anfrage, analysieren aber Ihre genauen Bed\u00fcrfnisse und schlagen Ihnen unter den m\u00f6glichen Alternativen die <strong>besten L\u00f6sungen <\/strong><\/li>\n<li>Wir betrachten <strong>alle Phasen der Entwicklung<\/strong> Ihres Produkts, von der Ausarbeitung \u00fcber das Prototyping bis hin zur Produktion.<\/li>\n<li>Wir bieten Ihnen einen <strong>One-Stop-Shop<\/strong>, nach einem <strong>organisierten und effizienten Prozess<\/strong> w\u00e4hrend der gesamten Zusammenarbeit, wobei wir uns um eventuelle Schritte der Auslagerung k\u00fcmmern.<\/li>\n<li>Wir garantieren Ihnen die <strong>Pr\u00e4zision<\/strong> und <strong>Zuverl\u00e4ssigkeit<\/strong> des erzielten Endergebnisses.<\/li>\n<li><\/li>\n<\/ul>\n<p>[\/vc_column_text]<style type=\"text\/css\" data-type=\"the7_shortcodes-inline-css\">#default-btn-c9dcf91d9ef0a26dd015eec06b884b24.ico-right-side > i {\n  margin-right: 0px;\n  margin-left: 8px;\n}\n#default-btn-c9dcf91d9ef0a26dd015eec06b884b24 > i {\n  margin-right: 8px;\n}<\/style><a href=\"https:\/\/www.mecasoft.be\/de\/kontakt\/\" class=\"default-btn-shortcode dt-btn dt-btn-l fadeInUp animate-element animation-builder link-hover-off btn-inline-left \" id=\"default-btn-c9dcf91d9ef0a26dd015eec06b884b24\" title=\"Kontakt\"><span>Sprechen wir \u00fcber Ihr Projekt!<\/span><\/a>[\/vc_column][\/vc_row][vc_row bg_type=&#8220;bg_color&#8220; bg_override=&#8220;ex-full&#8220; css=&#8220;.vc_custom_1628165435584{padding-top: 60px !important;}&#8220; bg_color_value=&#8220;#f4f4f4&#8243;][vc_column][vc_column_text]<\/p>\n<h2 style=\"text-align: center;\">Unsere IT-Tools f\u00fcr die Gestaltung von mechanischen Teilen<\/h2>\n<p>[\/vc_column_text][vc_column_text]<\/p>\n<p style=\"text-align: center;\"><strong>IT-L\u00f6sungen<\/strong> bilden die Grundlage der bei Mecasoft eingesetzten Techniken. Sie erm\u00f6glichen es uns, die Machbarkeit jedes Projekts zu analysieren und einen <strong>detaillierten Plan<\/strong> zu erstellen.<strong> Anhand dieses Plans<\/strong> f\u00fchren wir die Bearbeitung systematisch, effizient und automatisiert mit den verschiedenen von uns angebotenen Techniken durch.<\/p>\n<p>[\/vc_column_text]<style type=\"text\/css\" data-type=\"the7_shortcodes-inline-css\">#default-btn-e998df025ebec1000bda0508cd4cd7e7.ico-right-side > i {\n  margin-right: 0px;\n  margin-left: 8px;\n}\n#default-btn-e998df025ebec1000bda0508cd4cd7e7 > i {\n  margin-right: 8px;\n}<\/style><div class=\"btn-align-center\"><a href=\"https:\/\/www.mecasoft.be\/de\/branchen\/\" class=\"default-btn-shortcode dt-btn dt-btn-l fadeInUp animate-element animation-builder link-hover-off  vc_custom_1639474438033\" id=\"default-btn-e998df025ebec1000bda0508cd4cd7e7\" title=\"Branchen\"><span>Sehen Sie sich unsere verschiedenen Branchen an<\/span><\/a><\/div>[\/vc_column][\/vc_row][vc_row bg_type=&#8220;grad&#8220; bg_override=&#8220;ex-full&#8220; css=&#8220;.vc_custom_1628165162114{padding-bottom: 80px !important;}&#8220; bg_grad=&#8220;background: -webkit-gradient(linear, left top, left bottom, color-stop(20%, #F4F4F4), color-stop(20%, #FFFFFF));background: -moz-linear-gradient(top,#F4F4F4 20%,#FFFFFF 20%);background: -webkit-linear-gradient(top,#F4F4F4 20%,#FFFFFF 20%);background: -o-linear-gradient(top,#F4F4F4 20%,#FFFFFF 20%);background: -ms-linear-gradient(top,#F4F4F4 20%,#FFFFFF 20%);background: linear-gradient(top,#F4F4F4 20%,#FFFFFF 20%);&#8220;][vc_column][vc_row_inner][vc_column_inner width=&#8220;1\/2&#8243;][vc_single_image image=&#8220;1373&#8243; img_size=&#8220;400&#215;600&#8243; css_animation=&#8220;fadeIn&#8220;][vc_column_text]<\/p>\n<h3>Computergest\u00fctztes Design (CAD)<\/h3>\n<p>Mit dem CAD-Verfahren integrieren wir Ihre Zeichnungen der zu bearbeitenden Bauteile oder erstellen sie f\u00fcr Sie. So erhalten wir einen <strong>vollst\u00e4ndigen 3D-Plan<\/strong>, mit dem wir die Details betrachten und alle einschr\u00e4nkenden Aspekte in Betracht ziehen k\u00f6nnen. Diese k\u00f6nnen also im Hinblick auf das <strong>Prototyping<\/strong> ber\u00fccksichtigt werden.<\/p>\n<p>CAD ist auch f\u00fcr die <strong>Serienproduktion<\/strong>\u00a0von entscheidender Bedeutung: In dieser Phase werden die Bauteile innerhalb des Materials angeordnet und optimiert. Dadurch sinkt die Menge sowie die Anzahl der notwendigen Arbeitsschritte und somit die Bearbeitungszeit. Auf diese Weise garantieren wir Ihnen das <strong>wirtschaftliche Optimum<\/strong>.[\/vc_column_text][\/vc_column_inner][vc_column_inner width=&#8220;1\/2&#8243;][vc_single_image image=&#8220;1371&#8243; img_size=&#8220;400&#215;600&#8243; css_animation=&#8220;fadeIn&#8220;][vc_column_text]<\/p>\n<h3>Computergest\u00fctztes Design und Herstellung (CAD\/CAM)<\/h3>\n<p>Das CAD\/CAM-Computertool verbindet die Arbeitsstationen, die die Profile und Konturen des zu bearbeitenden Produkts enthalten, mit dem Maschinenpark. Es ist also dieser <strong>Kontrollcomputer, der die Befehle f\u00fcr die Herstellung des Werkst\u00fccks<\/strong> durch die Maschine <strong>erteilt und steuert<\/strong>. Dieses Verfahren erm\u00f6glicht es uns, ein Endergebnis zu erzielen, das dem im Vorfeld erstellten Plan entspricht und dessen <a href=\"https:\/\/www.mecasoft.be\/de\/dienste\/hochprazise-bearbeitung\/\"><strong>Pr\u00e4zision perfekt auf den definierten Bedarf abgestimmt<\/strong><\/a> ist.[\/vc_column_text][\/vc_column_inner][\/vc_row_inner][\/vc_column][\/vc_row][vc_row bg_type=&#8220;image&#8220; parallax_style=&#8220;vcpb-default&#8220; bg_image_new=&#8220;id^430|url^https:\/\/www.mecasoft.be\/wp-content\/uploads\/2021\/08\/bureau-etudes7.jpg|caption^null|alt^null|title^bureau-etudes7|description^null&#8220; bg_image_repeat=&#8220;no-repeat&#8220; bg_override=&#8220;ex-full&#8220; el_class=&#8220;custom-blur&#8220;][vc_column css_animation=&#8220;fadeIn&#8220; width=&#8220;1\/2&#8243; css=&#8220;.vc_custom_1714644831024{padding-top: 80px !important;padding-right: 30px !important;padding-bottom: 150px !important;padding-left: 50px !important;background-color: rgba(255,255,255,0.8) !important;*background-color: rgb(255,255,255) !important;}&#8220;][vc_column_text]<\/p>\n<h2><span lang=\"FR\">Mecasoft-Qualit\u00e4t f\u00fcr jede Branche<\/span><\/h2>\n<p>[\/vc_column_text][vc_column_text]Unsere Ingenieure und Experten verf\u00fcgen \u00fcber langj\u00e4hrige Erfahrung im Bereich der hochpr\u00e4zisen Mechanik. Sie besitzen umfassende Materialkenntnisse und beherrschen die Techniken des Schneidens und Bohrens. Aus diesem Grund <strong>ist Mecasoft ein idealer Partner f\u00fcr jede Branche, die eine Hightech-Bearbeitung ben\u00f6tigt<\/strong>, sei es f\u00fcr Einzelst\u00fccke oder f\u00fcr die Serienfertigung.[\/vc_column_text]<style type=\"text\/css\" data-type=\"the7_shortcodes-inline-css\">#default-btn-1475388cfa8bb6ecbbf202ee960f66c9.ico-right-side > i {\n  margin-right: 0px;\n  margin-left: 8px;\n}\n#default-btn-1475388cfa8bb6ecbbf202ee960f66c9 > i {\n  margin-right: 8px;\n}<\/style><a href=\"https:\/\/www.mecasoft.be\/de\/branchen\/\" class=\"default-btn-shortcode dt-btn dt-btn-l fadeInUp animate-element animation-builder link-hover-off btn-inline-left \" id=\"default-btn-1475388cfa8bb6ecbbf202ee960f66c9\" title=\"Branchen\"><span>Unsere Branchen<\/span><\/a>[\/vc_column][\/vc_row]<\/p>\n<\/div>","protected":false},"excerpt":{"rendered":"<p>[vc_row content_placement=&#8220;middle&#8220; css=&#8220;.vc_custom_1628165662329{padding-top: 80px !important;padding-bottom: 30px !important;}&#8220;][vc_column][vc_column_text css_animation=&#8220;fadeIn&#8220;] Wir begleiten Sie bei allen Schritten des Entwicklungsprozesses Ihrer Werkst\u00fccke, von den einfachsten bis zu den komplexesten. Dank unseres Planungsb\u00fcros mit einem Team von Ingenieuren und Spezialisten stellt Mecasoft sein Fachwissen in Ihren Dienst, von der \u00dcberlegung bis zur Konkretisierung Ihrer Projekte. [\/vc_column_text][\/vc_column][\/vc_row][vc_row content_placement=&#8220;middle&#8220; bg_type=&#8220;bg_color&#8220; bg_override=&#8220;ex-full&#8220; bg_color_value=&#8220;#f4f4f4&#8243;&hellip;<\/p>\n","protected":false},"author":1,"featured_media":0,"parent":1902,"menu_order":1,"comment_status":"closed","ping_status":"closed","template":"","meta":{"footnotes":""},"class_list":["post-1904","page","type-page","status-publish","hentry","description-off"],"yoast_head":"<!-- This site is optimized with the Yoast SEO plugin v26.8 - https:\/\/yoast.com\/product\/yoast-seo-wordpress\/ -->\n<title>Mechanisches Planungsb\u00fcro f\u00fcr Werkst\u00fccke | Mecasoft<\/title>\n<meta name=\"description\" content=\"Beratung durch Experten und pers\u00f6nliche Betreuung in jeder Phase Ihres Projekts f\u00fcr mittels Elektroerosion oder mikromechanisch bearbeitete Werkst\u00fccke.\" \/>\n<meta name=\"robots\" content=\"index, follow, max-snippet:-1, max-image-preview:large, max-video-preview:-1\" \/>\n<link rel=\"canonical\" href=\"https:\/\/www.mecasoft.be\/de\/dienste\/planungsburo-fur-mechanische-techniken\/\" \/>\n<meta property=\"og:locale\" content=\"de_DE\" \/>\n<meta property=\"og:type\" content=\"article\" \/>\n<meta property=\"og:title\" content=\"Mechanisches Planungsb\u00fcro f\u00fcr Werkst\u00fccke | Mecasoft\" \/>\n<meta property=\"og:description\" content=\"Beratung durch Experten und pers\u00f6nliche Betreuung in jeder Phase Ihres Projekts f\u00fcr mittels Elektroerosion oder mikromechanisch bearbeitete Werkst\u00fccke.\" \/>\n<meta property=\"og:url\" content=\"https:\/\/www.mecasoft.be\/de\/dienste\/planungsburo-fur-mechanische-techniken\/\" \/>\n<meta property=\"og:site_name\" content=\"Mecasoft\" \/>\n<meta property=\"article:modified_time\" content=\"2024-05-02T10:13:56+00:00\" \/>\n<meta name=\"twitter:card\" content=\"summary_large_image\" \/>\n<meta name=\"twitter:label1\" content=\"Gesch\u00e4tzte Lesezeit\" \/>\n\t<meta name=\"twitter:data1\" content=\"5\u00a0Minuten\" \/>\n<script type=\"application\/ld+json\" class=\"yoast-schema-graph\">{\"@context\":\"https:\/\/schema.org\",\"@graph\":[{\"@type\":\"WebPage\",\"@id\":\"https:\/\/www.mecasoft.be\/de\/dienste\/planungsburo-fur-mechanische-techniken\/\",\"url\":\"https:\/\/www.mecasoft.be\/de\/dienste\/planungsburo-fur-mechanische-techniken\/\",\"name\":\"Mechanisches Planungsb\u00fcro f\u00fcr Werkst\u00fccke | Mecasoft\",\"isPartOf\":{\"@id\":\"https:\/\/www.mecasoft.be\/#website\"},\"datePublished\":\"2021-07-26T07:41:30+00:00\",\"dateModified\":\"2024-05-02T10:13:56+00:00\",\"description\":\"Beratung durch Experten und pers\u00f6nliche Betreuung in jeder Phase Ihres Projekts f\u00fcr mittels Elektroerosion oder mikromechanisch bearbeitete Werkst\u00fccke.\",\"breadcrumb\":{\"@id\":\"https:\/\/www.mecasoft.be\/de\/dienste\/planungsburo-fur-mechanische-techniken\/#breadcrumb\"},\"inLanguage\":\"de\",\"potentialAction\":[{\"@type\":\"ReadAction\",\"target\":[\"https:\/\/www.mecasoft.be\/de\/dienste\/planungsburo-fur-mechanische-techniken\/\"]}]},{\"@type\":\"BreadcrumbList\",\"@id\":\"https:\/\/www.mecasoft.be\/de\/dienste\/planungsburo-fur-mechanische-techniken\/#breadcrumb\",\"itemListElement\":[{\"@type\":\"ListItem\",\"position\":1,\"name\":\"Accueil\",\"item\":\"https:\/\/www.mecasoft.be\/de\/\"},{\"@type\":\"ListItem\",\"position\":2,\"name\":\"Dienste\",\"item\":\"https:\/\/www.mecasoft.be\/de\/dienste\/\"},{\"@type\":\"ListItem\",\"position\":3,\"name\":\"Planungsb\u00fcro f\u00fcr mechanische Techniken\"}]},{\"@type\":\"WebSite\",\"@id\":\"https:\/\/www.mecasoft.be\/#website\",\"url\":\"https:\/\/www.mecasoft.be\/\",\"name\":\"Mecasoft\",\"description\":\"\",\"publisher\":{\"@id\":\"https:\/\/www.mecasoft.be\/#organization\"},\"potentialAction\":[{\"@type\":\"SearchAction\",\"target\":{\"@type\":\"EntryPoint\",\"urlTemplate\":\"https:\/\/www.mecasoft.be\/?s={search_term_string}\"},\"query-input\":{\"@type\":\"PropertyValueSpecification\",\"valueRequired\":true,\"valueName\":\"search_term_string\"}}],\"inLanguage\":\"de\"},{\"@type\":\"Organization\",\"@id\":\"https:\/\/www.mecasoft.be\/#organization\",\"name\":\"Mecasoft - Usinage de haute pr\u00e9cision\",\"url\":\"https:\/\/www.mecasoft.be\/\",\"logo\":{\"@type\":\"ImageObject\",\"inLanguage\":\"de\",\"@id\":\"https:\/\/www.mecasoft.be\/#\/schema\/logo\/image\/\",\"url\":\"https:\/\/www.mecasoft.be\/wp-content\/uploads\/2021\/07\/mecasoft-520.png\",\"contentUrl\":\"https:\/\/www.mecasoft.be\/wp-content\/uploads\/2021\/07\/mecasoft-520.png\",\"width\":520,\"height\":160,\"caption\":\"Mecasoft - Usinage de haute pr\u00e9cision\"},\"image\":{\"@id\":\"https:\/\/www.mecasoft.be\/#\/schema\/logo\/image\/\"}}]}<\/script>\n<!-- \/ Yoast SEO plugin. -->","yoast_head_json":{"title":"Mechanisches Planungsb\u00fcro f\u00fcr Werkst\u00fccke | Mecasoft","description":"Beratung durch Experten und pers\u00f6nliche Betreuung in jeder Phase Ihres Projekts f\u00fcr mittels Elektroerosion oder mikromechanisch bearbeitete Werkst\u00fccke.","robots":{"index":"index","follow":"follow","max-snippet":"max-snippet:-1","max-image-preview":"max-image-preview:large","max-video-preview":"max-video-preview:-1"},"canonical":"https:\/\/www.mecasoft.be\/de\/dienste\/planungsburo-fur-mechanische-techniken\/","og_locale":"de_DE","og_type":"article","og_title":"Mechanisches Planungsb\u00fcro f\u00fcr Werkst\u00fccke | Mecasoft","og_description":"Beratung durch Experten und pers\u00f6nliche Betreuung in jeder Phase Ihres Projekts f\u00fcr mittels Elektroerosion oder mikromechanisch bearbeitete Werkst\u00fccke.","og_url":"https:\/\/www.mecasoft.be\/de\/dienste\/planungsburo-fur-mechanische-techniken\/","og_site_name":"Mecasoft","article_modified_time":"2024-05-02T10:13:56+00:00","twitter_card":"summary_large_image","twitter_misc":{"Gesch\u00e4tzte Lesezeit":"5\u00a0Minuten"},"schema":{"@context":"https:\/\/schema.org","@graph":[{"@type":"WebPage","@id":"https:\/\/www.mecasoft.be\/de\/dienste\/planungsburo-fur-mechanische-techniken\/","url":"https:\/\/www.mecasoft.be\/de\/dienste\/planungsburo-fur-mechanische-techniken\/","name":"Mechanisches Planungsb\u00fcro f\u00fcr Werkst\u00fccke | Mecasoft","isPartOf":{"@id":"https:\/\/www.mecasoft.be\/#website"},"datePublished":"2021-07-26T07:41:30+00:00","dateModified":"2024-05-02T10:13:56+00:00","description":"Beratung durch Experten und pers\u00f6nliche Betreuung in jeder Phase Ihres Projekts f\u00fcr mittels Elektroerosion oder mikromechanisch bearbeitete Werkst\u00fccke.","breadcrumb":{"@id":"https:\/\/www.mecasoft.be\/de\/dienste\/planungsburo-fur-mechanische-techniken\/#breadcrumb"},"inLanguage":"de","potentialAction":[{"@type":"ReadAction","target":["https:\/\/www.mecasoft.be\/de\/dienste\/planungsburo-fur-mechanische-techniken\/"]}]},{"@type":"BreadcrumbList","@id":"https:\/\/www.mecasoft.be\/de\/dienste\/planungsburo-fur-mechanische-techniken\/#breadcrumb","itemListElement":[{"@type":"ListItem","position":1,"name":"Accueil","item":"https:\/\/www.mecasoft.be\/de\/"},{"@type":"ListItem","position":2,"name":"Dienste","item":"https:\/\/www.mecasoft.be\/de\/dienste\/"},{"@type":"ListItem","position":3,"name":"Planungsb\u00fcro f\u00fcr mechanische Techniken"}]},{"@type":"WebSite","@id":"https:\/\/www.mecasoft.be\/#website","url":"https:\/\/www.mecasoft.be\/","name":"Mecasoft","description":"","publisher":{"@id":"https:\/\/www.mecasoft.be\/#organization"},"potentialAction":[{"@type":"SearchAction","target":{"@type":"EntryPoint","urlTemplate":"https:\/\/www.mecasoft.be\/?s={search_term_string}"},"query-input":{"@type":"PropertyValueSpecification","valueRequired":true,"valueName":"search_term_string"}}],"inLanguage":"de"},{"@type":"Organization","@id":"https:\/\/www.mecasoft.be\/#organization","name":"Mecasoft - Usinage de haute pr\u00e9cision","url":"https:\/\/www.mecasoft.be\/","logo":{"@type":"ImageObject","inLanguage":"de","@id":"https:\/\/www.mecasoft.be\/#\/schema\/logo\/image\/","url":"https:\/\/www.mecasoft.be\/wp-content\/uploads\/2021\/07\/mecasoft-520.png","contentUrl":"https:\/\/www.mecasoft.be\/wp-content\/uploads\/2021\/07\/mecasoft-520.png","width":520,"height":160,"caption":"Mecasoft - Usinage de haute pr\u00e9cision"},"image":{"@id":"https:\/\/www.mecasoft.be\/#\/schema\/logo\/image\/"}}]}},"jetpack_sharing_enabled":true,"_links":{"self":[{"href":"https:\/\/www.mecasoft.be\/de\/wp-json\/wp\/v2\/pages\/1904","targetHints":{"allow":["GET"]}}],"collection":[{"href":"https:\/\/www.mecasoft.be\/de\/wp-json\/wp\/v2\/pages"}],"about":[{"href":"https:\/\/www.mecasoft.be\/de\/wp-json\/wp\/v2\/types\/page"}],"author":[{"embeddable":true,"href":"https:\/\/www.mecasoft.be\/de\/wp-json\/wp\/v2\/users\/1"}],"replies":[{"embeddable":true,"href":"https:\/\/www.mecasoft.be\/de\/wp-json\/wp\/v2\/comments?post=1904"}],"version-history":[{"count":6,"href":"https:\/\/www.mecasoft.be\/de\/wp-json\/wp\/v2\/pages\/1904\/revisions"}],"predecessor-version":[{"id":6121,"href":"https:\/\/www.mecasoft.be\/de\/wp-json\/wp\/v2\/pages\/1904\/revisions\/6121"}],"up":[{"embeddable":true,"href":"https:\/\/www.mecasoft.be\/de\/wp-json\/wp\/v2\/pages\/1902"}],"wp:attachment":[{"href":"https:\/\/www.mecasoft.be\/de\/wp-json\/wp\/v2\/media?parent=1904"}],"curies":[{"name":"wp","href":"https:\/\/api.w.org\/{rel}","templated":true}]}}