{"id":1902,"date":"2021-07-23T11:36:05","date_gmt":"2021-07-23T09:36:05","guid":{"rendered":"https:\/\/www.mecasoft.be\/services\/"},"modified":"2024-05-02T12:04:57","modified_gmt":"2024-05-02T10:04:57","slug":"dienste","status":"publish","type":"page","link":"https:\/\/www.mecasoft.be\/de\/dienste\/","title":{"rendered":"Dienste"},"content":{"rendered":"<div class=\"wpb-content-wrapper\"><p>[vc_row css_animation=&#8220;fadeIn&#8220; bg_type=&#8220;image&#8220; parallax_style=&#8220;vcpb-default&#8220; bg_image_new=&#8220;id^6102|url^https:\/\/www.mecasoft.be\/wp-content\/uploads\/2024\/05\/MECASOFT-Bureau-etudes-mecaniques.jpg|caption^null|alt^null|title^MECASOFT-Bureau-etudes-mecaniques|description^null&#8220; bg_image_repeat=&#8220;no-repeat&#8220; css=&#8220;.vc_custom_1714643824739{margin-bottom: 20px !important;padding-top: 250px !important;padding-right: 30px !important;padding-bottom: 0px !important;padding-left: 30px !important;}&#8220;][vc_column width=&#8220;2\/3&#8243; css=&#8220;.vc_custom_1714643939020{padding: 30px !important;background-color: rgba(227,12,20,0.8) !important;*background-color: rgb(227,12,20) !important;}&#8220;][vc_column_text css=&#8220;.vc_custom_1639574763570{margin-bottom: 20px !important;}&#8220; el_class=&#8220;custom-white&#8220;]<\/p>\n<h2>Planungsb\u00fcro f\u00fcr mechanische Techniken<\/h2>\n<p>[\/vc_column_text]<style type=\"text\/css\" data-type=\"the7_shortcodes-inline-css\">#default-btn-ed27aa370ad4403cf727d39031c40c6b {\n  border-radius: 0px;\n  font-size: 18px;\n  line-height: 20px;\n}\n.btn-shadow#default-btn-ed27aa370ad4403cf727d39031c40c6b {\n  box-shadow: 0 1px 6px rgba(0,0,0,0.12);\n  transition: box-shadow 0.2s ease-out, opacity 0.45s;\n}\n.btn-shadow#default-btn-ed27aa370ad4403cf727d39031c40c6b:hover {\n  box-shadow: 0 5px 11px 0 rgba(0,0,0,0.18), 0 4px 15px 0 rgba(0,0,0,0.15);\n}\n.btn-3d#default-btn-ed27aa370ad4403cf727d39031c40c6b {\n  box-shadow: 0px 2px 0px 0px #141355;\n}\n.btn-3d#default-btn-ed27aa370ad4403cf727d39031c40c6b:hover {\n  box-shadow: 0px 2px 0px 0px #971c20;\n}\n.btn-flat#default-btn-ed27aa370ad4403cf727d39031c40c6b {\n  box-shadow: none;\n}\n.btn-flat#default-btn-ed27aa370ad4403cf727d39031c40c6b:hover {\n  box-shadow: none;\n}\n#default-btn-ed27aa370ad4403cf727d39031c40c6b.ico-right-side > i {\n  margin-right: 0px;\n  margin-left: 8px;\n}\n#default-btn-ed27aa370ad4403cf727d39031c40c6b > i {\n  margin-right: 8px;\n  font-size: 12px;\n}\n#default-btn-ed27aa370ad4403cf727d39031c40c6b:not(:hover) {\n  border-width: 0px;\n  background: #0f0e97 !important;\n  padding: 15px 24px 15px 24px;\n}\n#default-btn-ed27aa370ad4403cf727d39031c40c6b:hover {\n  border-width: 0px;\n  background: #e30d14 !important;\n  padding: 15px 24px 15px 24px;\n}\n#default-btn-ed27aa370ad4403cf727d39031c40c6b.ico-right-side > i {\n  margin-right: 0px;\n  margin-left: 8px;\n}\n#default-btn-ed27aa370ad4403cf727d39031c40c6b > i {\n  margin-right: 8px;\n}<\/style><a href=\"https:\/\/www.mecasoft.be\/de\/dienste\/planungsburo-fur-mechanische-techniken\/\" class=\"default-btn-shortcode dt-btn fadeInUp animate-element animation-builder link-hover-off btn-inline-left btn-flat \" id=\"default-btn-ed27aa370ad4403cf727d39031c40c6b\" title=\"Planungsb\u00fcro f\u00fcr mechanische Techniken\"><span>Mehr erfahren<\/span><\/a>[\/vc_column][\/vc_row][vc_row css_animation=&#8220;fadeIn&#8220; bg_type=&#8220;image&#8220; parallax_style=&#8220;vcpb-default&#8220; bg_image_new=&#8220;id^6098|url^https:\/\/www.mecasoft.be\/wp-content\/uploads\/2024\/05\/MECASOFT-Usinage-haute-precision.jpg|caption^null|alt^null|title^MECASOFT&#8211;Usinage-haute-precision|description^null&#8220; bg_image_repeat=&#8220;no-repeat&#8220; css=&#8220;.vc_custom_1714643868204{margin-bottom: 20px !important;padding-top: 250px !important;padding-right: 30px !important;padding-bottom: 0px !important;padding-left: 30px !important;}&#8220;][vc_column width=&#8220;2\/3&#8243; css=&#8220;.vc_custom_1714643996289{padding: 30px !important;background-color: rgba(227,12,20,0.8) !important;*background-color: rgb(227,12,20) !important;}&#8220;][vc_column_text css=&#8220;.vc_custom_1639574781487{margin-bottom: 20px !important;}&#8220; el_class=&#8220;custom-white&#8220;]<\/p>\n<h2>Hochpr\u00e4zise Bearbeitung<\/h2>\n<p>[\/vc_column_text]<style type=\"text\/css\" data-type=\"the7_shortcodes-inline-css\">#default-btn-8ea1142534a28c93f570374b5a4ee301 {\n  border-radius: 0px;\n  font-size: 18px;\n  line-height: 20px;\n}\n.btn-shadow#default-btn-8ea1142534a28c93f570374b5a4ee301 {\n  box-shadow: 0 1px 6px rgba(0,0,0,0.12);\n  transition: box-shadow 0.2s ease-out, opacity 0.45s;\n}\n.btn-shadow#default-btn-8ea1142534a28c93f570374b5a4ee301:hover {\n  box-shadow: 0 5px 11px 0 rgba(0,0,0,0.18), 0 4px 15px 0 rgba(0,0,0,0.15);\n}\n.btn-3d#default-btn-8ea1142534a28c93f570374b5a4ee301 {\n  box-shadow: 0px 2px 0px 0px #141355;\n}\n.btn-3d#default-btn-8ea1142534a28c93f570374b5a4ee301:hover {\n  box-shadow: 0px 2px 0px 0px #971c20;\n}\n.btn-flat#default-btn-8ea1142534a28c93f570374b5a4ee301 {\n  box-shadow: none;\n}\n.btn-flat#default-btn-8ea1142534a28c93f570374b5a4ee301:hover {\n  box-shadow: none;\n}\n#default-btn-8ea1142534a28c93f570374b5a4ee301.ico-right-side > i {\n  margin-right: 0px;\n  margin-left: 8px;\n}\n#default-btn-8ea1142534a28c93f570374b5a4ee301 > i {\n  margin-right: 8px;\n  font-size: 12px;\n}\n#default-btn-8ea1142534a28c93f570374b5a4ee301:not(:hover) {\n  border-width: 0px;\n  background: #0f0e97 !important;\n  padding: 15px 24px 15px 24px;\n}\n#default-btn-8ea1142534a28c93f570374b5a4ee301:hover {\n  border-width: 0px;\n  background: #e30d14 !important;\n  padding: 15px 24px 15px 24px;\n}\n#default-btn-8ea1142534a28c93f570374b5a4ee301.ico-right-side > i {\n  margin-right: 0px;\n  margin-left: 8px;\n}\n#default-btn-8ea1142534a28c93f570374b5a4ee301 > i {\n  margin-right: 8px;\n}<\/style><a href=\"https:\/\/www.mecasoft.be\/de\/dienste\/hochprazise-bearbeitung\/\" class=\"default-btn-shortcode dt-btn fadeInUp animate-element animation-builder link-hover-off btn-inline-left btn-flat \" id=\"default-btn-8ea1142534a28c93f570374b5a4ee301\" title=\"Hochpr\u00e4zise Bearbeitung\"><span>Mehr erfahren<\/span><\/a>[\/vc_column][\/vc_row][vc_row css_animation=&#8220;fadeIn&#8220; bg_type=&#8220;image&#8220; parallax_style=&#8220;vcpb-default&#8220; bg_image_new=&#8220;id^6106|url^https:\/\/www.mecasoft.be\/wp-content\/uploads\/2024\/05\/MECASOFT-controle-qualite.jpg|caption^null|alt^null|title^MECASOFT-controle-qualite|description^null&#8220; bg_image_repeat=&#8220;no-repeat&#8220; css=&#8220;.vc_custom_1714643915256{margin-bottom: 20px !important;padding-top: 250px !important;padding-right: 30px !important;padding-bottom: 0px !important;padding-left: 30px !important;}&#8220;][vc_column width=&#8220;2\/3&#8243; css=&#8220;.vc_custom_1714644009287{padding: 30px !important;background-color: rgba(227,12,20,0.8) !important;*background-color: rgb(227,12,20) !important;}&#8220;][vc_column_text css=&#8220;.vc_custom_1639574798616{margin-bottom: 20px !important;}&#8220; el_class=&#8220;custom-white&#8220;]<\/p>\n<h2>Qualit\u00e4tskontrolle<\/h2>\n<p>[\/vc_column_text]<style type=\"text\/css\" data-type=\"the7_shortcodes-inline-css\">#default-btn-9090a021ab56cc6cee3bc6fb50bb31e2 {\n  border-radius: 1px;\n  font-size: 18px;\n  line-height: 20px;\n}\n.btn-shadow#default-btn-9090a021ab56cc6cee3bc6fb50bb31e2 {\n  box-shadow: 0 1px 6px rgba(0,0,0,0.12);\n  transition: box-shadow 0.2s ease-out, opacity 0.45s;\n}\n.btn-shadow#default-btn-9090a021ab56cc6cee3bc6fb50bb31e2:hover {\n  box-shadow: 0 5px 11px 0 rgba(0,0,0,0.18), 0 4px 15px 0 rgba(0,0,0,0.15);\n}\n.btn-3d#default-btn-9090a021ab56cc6cee3bc6fb50bb31e2 {\n  box-shadow: 0px 2px 0px 0px #141355;\n}\n.btn-3d#default-btn-9090a021ab56cc6cee3bc6fb50bb31e2:hover {\n  box-shadow: 0px 2px 0px 0px #971c20;\n}\n.btn-flat#default-btn-9090a021ab56cc6cee3bc6fb50bb31e2 {\n  box-shadow: none;\n}\n.btn-flat#default-btn-9090a021ab56cc6cee3bc6fb50bb31e2:hover {\n  box-shadow: none;\n}\n#default-btn-9090a021ab56cc6cee3bc6fb50bb31e2.ico-right-side > i {\n  margin-right: 0px;\n  margin-left: 8px;\n}\n#default-btn-9090a021ab56cc6cee3bc6fb50bb31e2 > i {\n  margin-right: 8px;\n  font-size: 12px;\n}\n#default-btn-9090a021ab56cc6cee3bc6fb50bb31e2:not(:hover) {\n  border-width: 0px;\n  background: #0f0e97 !important;\n  padding: 15px 24px 15px 24px;\n}\n#default-btn-9090a021ab56cc6cee3bc6fb50bb31e2:hover {\n  border-width: 0px;\n  background: #e30d14 !important;\n  padding: 15px 24px 15px 24px;\n}\n#default-btn-9090a021ab56cc6cee3bc6fb50bb31e2.ico-right-side > i {\n  margin-right: 0px;\n  margin-left: 8px;\n}\n#default-btn-9090a021ab56cc6cee3bc6fb50bb31e2 > i {\n  margin-right: 8px;\n}<\/style><a href=\"https:\/\/www.mecasoft.be\/de\/dienste\/qualitatskontrolle\/\" class=\"default-btn-shortcode dt-btn fadeInUp animate-element animation-builder link-hover-off btn-inline-left btn-flat \" id=\"default-btn-9090a021ab56cc6cee3bc6fb50bb31e2\" title=\"Qualit\u00e4tskontrolle\"><span>Mehr erfahren<\/span><\/a>[\/vc_column][\/vc_row]<\/p>\n<\/div>","protected":false},"excerpt":{"rendered":"<p>[vc_row css_animation=&#8220;fadeIn&#8220; bg_type=&#8220;image&#8220; parallax_style=&#8220;vcpb-default&#8220; bg_image_new=&#8220;id^6102|url^https:\/\/www.mecasoft.be\/wp-content\/uploads\/2024\/05\/MECASOFT-Bureau-etudes-mecaniques.jpg|caption^null|alt^null|title^MECASOFT-Bureau-etudes-mecaniques|description^null&#8220; bg_image_repeat=&#8220;no-repeat&#8220; css=&#8220;.vc_custom_1714643824739{margin-bottom: 20px !important;padding-top: 250px !important;padding-right: 30px !important;padding-bottom: 0px !important;padding-left: 30px !important;}&#8220;][vc_column width=&#8220;2\/3&#8243; css=&#8220;.vc_custom_1714643939020{padding: 30px !important;background-color: rgba(227,12,20,0.8) !important;*background-color: rgb(227,12,20) !important;}&#8220;][vc_column_text css=&#8220;.vc_custom_1639574763570{margin-bottom: 20px !important;}&#8220; el_class=&#8220;custom-white&#8220;] Planungsb\u00fcro f\u00fcr mechanische Techniken [\/vc_column_text][\/vc_column][\/vc_row][vc_row css_animation=&#8220;fadeIn&#8220; bg_type=&#8220;image&#8220; parallax_style=&#8220;vcpb-default&#8220; bg_image_new=&#8220;id^6098|url^https:\/\/www.mecasoft.be\/wp-content\/uploads\/2024\/05\/MECASOFT-Usinage-haute-precision.jpg|caption^null|alt^null|title^MECASOFT&#8211;Usinage-haute-precision|description^null&#8220; bg_image_repeat=&#8220;no-repeat&#8220; css=&#8220;.vc_custom_1714643868204{margin-bottom: 20px !important;padding-top: 250px !important;padding-right: 30px !important;padding-bottom: 0px !important;padding-left: 30px !important;}&#8220;][vc_column width=&#8220;2\/3&#8243; css=&#8220;.vc_custom_1714643996289{padding: 30px !important;background-color: rgba(227,12,20,0.8)&hellip;<\/p>\n","protected":false},"author":1,"featured_media":0,"parent":0,"menu_order":3,"comment_status":"closed","ping_status":"closed","template":"","meta":{"footnotes":""},"class_list":["post-1902","page","type-page","status-publish","hentry","description-off"],"yoast_head":"<!-- This site is optimized with the Yoast SEO plugin v26.8 - https:\/\/yoast.com\/product\/yoast-seo-wordpress\/ -->\n<title>Dienstleistungen und Beratung f\u00fcr hochmoderne Zerspanung | Mecasoft<\/title>\n<meta name=\"description\" content=\"Begleitet Projekte zur mechanischen Bearbeitung von A bis Z: Ausarbeitung mit dem Konstruktionsb\u00fcro, Hochpr\u00e4zisionsschneiden und Qualit\u00e4tskontrolle.\" \/>\n<meta name=\"robots\" content=\"index, follow, max-snippet:-1, max-image-preview:large, max-video-preview:-1\" \/>\n<link rel=\"canonical\" href=\"https:\/\/www.mecasoft.be\/de\/dienste\/\" \/>\n<meta property=\"og:locale\" content=\"de_DE\" \/>\n<meta property=\"og:type\" content=\"article\" \/>\n<meta property=\"og:title\" content=\"Dienstleistungen und Beratung f\u00fcr hochmoderne Zerspanung | Mecasoft\" \/>\n<meta property=\"og:description\" content=\"Begleitet Projekte zur mechanischen Bearbeitung von A bis Z: Ausarbeitung mit dem Konstruktionsb\u00fcro, Hochpr\u00e4zisionsschneiden und Qualit\u00e4tskontrolle.\" \/>\n<meta property=\"og:url\" content=\"https:\/\/www.mecasoft.be\/de\/dienste\/\" \/>\n<meta property=\"og:site_name\" content=\"Mecasoft\" \/>\n<meta property=\"article:modified_time\" content=\"2024-05-02T10:04:57+00:00\" \/>\n<meta name=\"twitter:card\" content=\"summary_large_image\" \/>\n<meta name=\"twitter:label1\" content=\"Gesch\u00e4tzte Lesezeit\" \/>\n\t<meta name=\"twitter:data1\" content=\"1\u00a0Minute\" \/>\n<script type=\"application\/ld+json\" class=\"yoast-schema-graph\">{\"@context\":\"https:\/\/schema.org\",\"@graph\":[{\"@type\":\"WebPage\",\"@id\":\"https:\/\/www.mecasoft.be\/de\/dienste\/\",\"url\":\"https:\/\/www.mecasoft.be\/de\/dienste\/\",\"name\":\"Dienstleistungen und Beratung f\u00fcr hochmoderne Zerspanung | Mecasoft\",\"isPartOf\":{\"@id\":\"https:\/\/www.mecasoft.be\/#website\"},\"datePublished\":\"2021-07-23T09:36:05+00:00\",\"dateModified\":\"2024-05-02T10:04:57+00:00\",\"description\":\"Begleitet Projekte zur mechanischen Bearbeitung von A bis Z: Ausarbeitung mit dem Konstruktionsb\u00fcro, Hochpr\u00e4zisionsschneiden und Qualit\u00e4tskontrolle.\",\"breadcrumb\":{\"@id\":\"https:\/\/www.mecasoft.be\/de\/dienste\/#breadcrumb\"},\"inLanguage\":\"de\",\"potentialAction\":[{\"@type\":\"ReadAction\",\"target\":[\"https:\/\/www.mecasoft.be\/de\/dienste\/\"]}]},{\"@type\":\"BreadcrumbList\",\"@id\":\"https:\/\/www.mecasoft.be\/de\/dienste\/#breadcrumb\",\"itemListElement\":[{\"@type\":\"ListItem\",\"position\":1,\"name\":\"Accueil\",\"item\":\"https:\/\/www.mecasoft.be\/de\/\"},{\"@type\":\"ListItem\",\"position\":2,\"name\":\"Dienste\"}]},{\"@type\":\"WebSite\",\"@id\":\"https:\/\/www.mecasoft.be\/#website\",\"url\":\"https:\/\/www.mecasoft.be\/\",\"name\":\"Mecasoft\",\"description\":\"\",\"publisher\":{\"@id\":\"https:\/\/www.mecasoft.be\/#organization\"},\"potentialAction\":[{\"@type\":\"SearchAction\",\"target\":{\"@type\":\"EntryPoint\",\"urlTemplate\":\"https:\/\/www.mecasoft.be\/?s={search_term_string}\"},\"query-input\":{\"@type\":\"PropertyValueSpecification\",\"valueRequired\":true,\"valueName\":\"search_term_string\"}}],\"inLanguage\":\"de\"},{\"@type\":\"Organization\",\"@id\":\"https:\/\/www.mecasoft.be\/#organization\",\"name\":\"Mecasoft - Usinage de haute pr\u00e9cision\",\"url\":\"https:\/\/www.mecasoft.be\/\",\"logo\":{\"@type\":\"ImageObject\",\"inLanguage\":\"de\",\"@id\":\"https:\/\/www.mecasoft.be\/#\/schema\/logo\/image\/\",\"url\":\"https:\/\/www.mecasoft.be\/wp-content\/uploads\/2021\/07\/mecasoft-520.png\",\"contentUrl\":\"https:\/\/www.mecasoft.be\/wp-content\/uploads\/2021\/07\/mecasoft-520.png\",\"width\":520,\"height\":160,\"caption\":\"Mecasoft - Usinage de haute pr\u00e9cision\"},\"image\":{\"@id\":\"https:\/\/www.mecasoft.be\/#\/schema\/logo\/image\/\"}}]}<\/script>\n<!-- \/ Yoast SEO plugin. -->","yoast_head_json":{"title":"Dienstleistungen und Beratung f\u00fcr hochmoderne Zerspanung | Mecasoft","description":"Begleitet Projekte zur mechanischen Bearbeitung von A bis Z: Ausarbeitung mit dem Konstruktionsb\u00fcro, Hochpr\u00e4zisionsschneiden und Qualit\u00e4tskontrolle.","robots":{"index":"index","follow":"follow","max-snippet":"max-snippet:-1","max-image-preview":"max-image-preview:large","max-video-preview":"max-video-preview:-1"},"canonical":"https:\/\/www.mecasoft.be\/de\/dienste\/","og_locale":"de_DE","og_type":"article","og_title":"Dienstleistungen und Beratung f\u00fcr hochmoderne Zerspanung | Mecasoft","og_description":"Begleitet Projekte zur mechanischen Bearbeitung von A bis Z: Ausarbeitung mit dem Konstruktionsb\u00fcro, Hochpr\u00e4zisionsschneiden und Qualit\u00e4tskontrolle.","og_url":"https:\/\/www.mecasoft.be\/de\/dienste\/","og_site_name":"Mecasoft","article_modified_time":"2024-05-02T10:04:57+00:00","twitter_card":"summary_large_image","twitter_misc":{"Gesch\u00e4tzte Lesezeit":"1\u00a0Minute"},"schema":{"@context":"https:\/\/schema.org","@graph":[{"@type":"WebPage","@id":"https:\/\/www.mecasoft.be\/de\/dienste\/","url":"https:\/\/www.mecasoft.be\/de\/dienste\/","name":"Dienstleistungen und Beratung f\u00fcr hochmoderne Zerspanung | Mecasoft","isPartOf":{"@id":"https:\/\/www.mecasoft.be\/#website"},"datePublished":"2021-07-23T09:36:05+00:00","dateModified":"2024-05-02T10:04:57+00:00","description":"Begleitet Projekte zur mechanischen Bearbeitung von A bis Z: Ausarbeitung mit dem Konstruktionsb\u00fcro, Hochpr\u00e4zisionsschneiden und Qualit\u00e4tskontrolle.","breadcrumb":{"@id":"https:\/\/www.mecasoft.be\/de\/dienste\/#breadcrumb"},"inLanguage":"de","potentialAction":[{"@type":"ReadAction","target":["https:\/\/www.mecasoft.be\/de\/dienste\/"]}]},{"@type":"BreadcrumbList","@id":"https:\/\/www.mecasoft.be\/de\/dienste\/#breadcrumb","itemListElement":[{"@type":"ListItem","position":1,"name":"Accueil","item":"https:\/\/www.mecasoft.be\/de\/"},{"@type":"ListItem","position":2,"name":"Dienste"}]},{"@type":"WebSite","@id":"https:\/\/www.mecasoft.be\/#website","url":"https:\/\/www.mecasoft.be\/","name":"Mecasoft","description":"","publisher":{"@id":"https:\/\/www.mecasoft.be\/#organization"},"potentialAction":[{"@type":"SearchAction","target":{"@type":"EntryPoint","urlTemplate":"https:\/\/www.mecasoft.be\/?s={search_term_string}"},"query-input":{"@type":"PropertyValueSpecification","valueRequired":true,"valueName":"search_term_string"}}],"inLanguage":"de"},{"@type":"Organization","@id":"https:\/\/www.mecasoft.be\/#organization","name":"Mecasoft - Usinage de haute pr\u00e9cision","url":"https:\/\/www.mecasoft.be\/","logo":{"@type":"ImageObject","inLanguage":"de","@id":"https:\/\/www.mecasoft.be\/#\/schema\/logo\/image\/","url":"https:\/\/www.mecasoft.be\/wp-content\/uploads\/2021\/07\/mecasoft-520.png","contentUrl":"https:\/\/www.mecasoft.be\/wp-content\/uploads\/2021\/07\/mecasoft-520.png","width":520,"height":160,"caption":"Mecasoft - Usinage de haute pr\u00e9cision"},"image":{"@id":"https:\/\/www.mecasoft.be\/#\/schema\/logo\/image\/"}}]}},"jetpack_sharing_enabled":true,"_links":{"self":[{"href":"https:\/\/www.mecasoft.be\/de\/wp-json\/wp\/v2\/pages\/1902","targetHints":{"allow":["GET"]}}],"collection":[{"href":"https:\/\/www.mecasoft.be\/de\/wp-json\/wp\/v2\/pages"}],"about":[{"href":"https:\/\/www.mecasoft.be\/de\/wp-json\/wp\/v2\/types\/page"}],"author":[{"embeddable":true,"href":"https:\/\/www.mecasoft.be\/de\/wp-json\/wp\/v2\/users\/1"}],"replies":[{"embeddable":true,"href":"https:\/\/www.mecasoft.be\/de\/wp-json\/wp\/v2\/comments?post=1902"}],"version-history":[{"count":6,"href":"https:\/\/www.mecasoft.be\/de\/wp-json\/wp\/v2\/pages\/1902\/revisions"}],"predecessor-version":[{"id":6109,"href":"https:\/\/www.mecasoft.be\/de\/wp-json\/wp\/v2\/pages\/1902\/revisions\/6109"}],"wp:attachment":[{"href":"https:\/\/www.mecasoft.be\/de\/wp-json\/wp\/v2\/media?parent=1902"}],"curies":[{"name":"wp","href":"https:\/\/api.w.org\/{rel}","templated":true}]}}