{"id":1886,"date":"2021-07-23T09:13:05","date_gmt":"2021-07-23T07:13:05","guid":{"rendered":"https:\/\/www.mecasoft.be\/politique-de-confidentialite\/"},"modified":"2021-12-13T16:16:47","modified_gmt":"2021-12-13T15:16:47","slug":"datenschutz","status":"publish","type":"page","link":"https:\/\/www.mecasoft.be\/de\/datenschutz\/","title":{"rendered":"Datenschutz"},"content":{"rendered":"<div class=\"wpb-content-wrapper\"><p>[vc_row][vc_column][vc_column_text]<\/p>\n<h1>Datenschutzerkl\u00e4rung<\/h1>\n<p>&nbsp;<\/p>\n<h2>1. Wer sind wir?<\/h2>\n<p>&nbsp;<\/p>\n<p><strong>Mecasoft<\/strong><\/p>\n<p>Hochpr\u00e4zise Bearbeitung von Metallteilen.<\/p>\n<p>&nbsp;<\/p>\n<p><strong>Mission<\/strong><\/p>\n<p>Erf\u00fcllung der h\u00f6chsten Anforderungen der Hightech-Branchen.<\/p>\n<p>&nbsp;<\/p>\n<p><strong>Kontakt<\/strong><\/p>\n<p>Mecasoft<\/p>\n<p>Rue de la Molign\u00e9e 60<br \/>\n5537 ANHEE<br \/>\nBelgien<\/p>\n<p>+32 82 61 16 12<\/p>\n<p>contact@mecasoft.be<\/p>\n<p>BE 0429.711.384<\/p>\n<p>&nbsp;<\/p>\n<p>Mecasoft verpflichtet sich, die in Belgien und Europa geltenden Gesetze einzuhalten und unternimmt alle Anstrengungen, um eine unbefugte oder unrechtm\u00e4\u00dfige Nutzung Ihrer pers\u00f6nlichen Daten zu verhindern. Zu diesem Zweck verwenden wir geeignete Verfahren und Systeme, um sicherzustellen, dass nur Personen, die dazu berechtigt sind, auf Ihre Informationen zugreifen k\u00f6nnen. Au\u00dferdem m\u00f6chten wir Sie daran erinnern, dass diese Personen im Rahmen ihrer Funktion zur Verschwiegenheit verpflichtet sind.<\/p>\n<p>&nbsp;<\/p>\n<h2><strong>2. Warum verarbeiten wir Ihre personenbezogenen Daten?<\/strong><\/h2>\n<p>&nbsp;<\/p>\n<h3><strong>2.1.<\/strong> VERBREITUNG<strong> UND SAMMLUNG VON INFORMATIONEN UND BEARBEITUNG VON UNTERLAGEN<\/strong><\/h3>\n<p>&nbsp;<\/p>\n<h4>2.1.1 BEANTWORTUNG VON FRAGEN \u00dcBER DAS KONTAKTFORMULAR<\/h4>\n<p>&nbsp;<\/p>\n<p>Rechtm\u00e4\u00dfigkeit der Verarbeitung<\/p>\n<p>Wir verarbeiten diese personenbezogenen Daten, um die Sicherheit (der Informationen) und die reibungslose Funktion unserer Organisation zu gew\u00e4hrleisten.<\/p>\n<p>&nbsp;<\/p>\n<table width=\"683\">\n<tbody>\n<tr>\n<td width=\"195\"><strong>Welche personenbezogenen Daten werden erhoben?<\/strong><\/td>\n<td width=\"189\"><strong>Wie haben wir diese Daten erhalten?<\/strong><\/td>\n<td width=\"126\"><strong>Wie lange werden sie aufbewahrt?<\/strong><\/td>\n<td width=\"172\"><strong>Mit wem werden diese Daten geteilt?<\/strong><\/td>\n<\/tr>\n<tr>\n<td width=\"195\">Daten zur Identifizierung, Kontaktdaten und Daten, die sich auf die Anfrage, die Informationen oder die Bestellung beziehen<\/td>\n<td width=\"189\">Direkt von der (den) betroffenen Person(en) ODER indirekt von einer oder mehreren anderen Person(en)<\/td>\n<td width=\"126\">3 Jahre nach dem letzten Kontakt<\/td>\n<td width=\"172\">Subunternehmer, die sich um unsere ICT-Infrastruktur k\u00fcmmern<\/td>\n<\/tr>\n<\/tbody>\n<\/table>\n<p>&nbsp;<\/p>\n<p>Indirekt von einer oder mehreren anderen Personen: In einigen F\u00e4llen erhalten wir eine Anfrage \u00fcber eine andere Person, was bedeutet, dass wir folglich \u00fcber personenbezogene Daten von einer oder mehreren anderen Personen verf\u00fcgen k\u00f6nnen.<\/p>\n<p>&nbsp;<\/p>\n<h4>2.1.2. BEARBEITUNG EINER BESTELLUNG<\/h4>\n<p>&nbsp;<\/p>\n<p>Rechtm\u00e4\u00dfigkeit der Verarbeitung<\/p>\n<p>Wir verarbeiten diese personenbezogenen Daten, um die Sicherheit (der Informationen) und die reibungslose Funktion unserer Organisation zu gew\u00e4hrleisten.<\/p>\n<p>&nbsp;<\/p>\n<table width=\"709\">\n<tbody>\n<tr>\n<td width=\"189\"><strong>Welche personenbezogenen Daten werden erhoben?<\/strong><\/td>\n<td width=\"189\"><strong>Wie haben wir diese Daten erhalten?<\/strong><\/td>\n<td width=\"142\"><strong>Wie lange werden sie aufbewahrt?<\/strong><\/td>\n<td width=\"189\"><strong>Mit wem werden diese Daten geteilt?<\/strong><\/td>\n<\/tr>\n<tr>\n<td width=\"189\">Daten zur Identifizierung, Kontaktdaten und Daten, die sich auf die Anfrage, die Informationen oder die Bestellung beziehen<\/td>\n<td width=\"189\">Direkt von der (den) betroffenen Person(en) ODER indirekt von einer oder mehreren anderen Person(en)<\/td>\n<td width=\"142\">3 Jahre nach dem letzten Kontakt<\/td>\n<td width=\"189\">Subunternehmer, die sich um unsere ICT-Infrastruktur k\u00fcmmern<\/td>\n<\/tr>\n<\/tbody>\n<\/table>\n<p>&nbsp;<\/p>\n<p>Indirekt von einer oder mehreren anderen Personen: In einigen F\u00e4llen erhalten wir eine Anfrage \u00fcber eine andere Person, was bedeutet, dass wir folglich \u00fcber personenbezogene Daten von einer oder mehreren anderen Personen verf\u00fcgen k\u00f6nnen.<\/p>\n<p>&nbsp;<\/p>\n<h4>2.1.3. AUS\u00dcBUNG DER RECHTE DER BETROFFENEN PERSONEN IN BEZUG AUF DIE VON MECASOFT DURCHGEF\u00dcHRTEN VERARBEITUNGEN<\/h4>\n<p>&nbsp;<\/p>\n<p>Rechtm\u00e4\u00dfigkeit der Verarbeitung<br \/>\nWir verarbeiten diese personenbezogenen Daten, weil wir sie ben\u00f6tigen, um unsere gesetzlich festgelegten Aufgaben zu erf\u00fcllen.<\/p>\n<p>&nbsp;<\/p>\n<table width=\"699\">\n<tbody>\n<tr>\n<td width=\"214\"><strong>Welche personenbezogenen Daten werden erhoben?<\/strong><\/td>\n<td width=\"180\"><strong>Wie haben wir diese Daten erhalten?<\/strong><\/td>\n<td width=\"142\"><strong>Wie lange werden sie aufbewahrt?<\/strong><\/td>\n<td width=\"164\"><strong>Mit wem werden diese Daten geteilt?<\/strong><\/td>\n<\/tr>\n<tr>\n<td width=\"214\">Daten zur Identifizierung, Kontaktdaten und Daten, die sich auf die Anfrage, die Informationen oder die Bestellung beziehen<\/td>\n<td width=\"180\">Direkt von der betroffenen Person<\/td>\n<td width=\"142\">1 Jahr nach Bearbeitung der Unterlagen<\/td>\n<td width=\"164\">Subunternehmer, die sich um unsere ICT-Infrastruktur k\u00fcmmern<\/td>\n<\/tr>\n<\/tbody>\n<\/table>\n<p>&nbsp;<\/p>\n<h3>2.2. Verwaltung der Organisation<\/h3>\n<p>&nbsp;<\/p>\n<h4>2.2.1. INTERNETSEITE<\/h4>\n<p>&nbsp;<\/p>\n<p>Wenn Sie unsere Webseite besuchen, verarbeiten wir bestimmte personenbezogene Daten wie IP-Adressen und Cookies, um den ordnungsgem\u00e4\u00dfen Betrieb und die Sicherheit unserer Webseite zu gew\u00e4hrleisten.<\/p>\n<p>Die Verarbeitung der auf diese Weise erhaltenen personenbezogenen Daten beruht auf dem berechtigten Interesse im Hinblick auf die Sicherheit und die ordnungsgem\u00e4\u00dfe Funktion unserer Webseite und auf Ihrer Einwilligung im Hinblick auf die Analyse der Nutzung unserer Webseite. Au\u00dfer bei notwendigen Cookies bitten wir immer um Ihre Einwilligung. Nachfolgend finden Sie eine Aufstellung der Cookies, die auf unserer Webseite verwendet werden.<\/p>\n<p>&nbsp;<\/p>\n<p><strong>Cookies<\/strong><\/p>\n<p>Ein Cookie ist eine kleine Textdatei, die auf Ihrem Computer gespeichert werden kann, wenn Sie Webseiten besuchen. In einer Textdatei werden Informationen gespeichert, z. B. Ihre Sprachwahl f\u00fcr eine Webseite. Wenn Sie die Webseite zu einem sp\u00e4teren Zeitpunkt erneut besuchen, wird dieses Cookie an die betreffende Webseite zur\u00fcckgesendet. Auf diese Weise erkennt die Webseite Ihren Browser und kann sich z. B. Ihre Sprachwahl merken.<\/p>\n<p>Cookies haben normalerweise auch ein Ablaufdatum. Einige Cookies werden z. B. automatisch gel\u00f6scht, wenn Sie Ihren Browser schlie\u00dfen (sog. Sitzungscookies), w\u00e4hrend andere l\u00e4nger auf Ihrem Computer verbleiben, manchmal sogar bis Sie sie manuell l\u00f6schen (sog. permanente Cookies).<\/p>\n<p>&nbsp;<\/p>\n<p>Einwilligungsfenster \u00f6ffnen<\/p>\n<p>&nbsp;<\/p>\n<p><strong>Warum verwenden wir Cookies?<\/strong><\/p>\n<p>Mecasoft, der Betreiber dieser Webseite, verwendet auf www.mecasoft.be drei Arten von Cookies:<\/p>\n<ul>\n<li>Essenzielle Cookies;<\/li>\n<li>Funktionale Cookies;<\/li>\n<li>Analytische Cookies.<\/li>\n<\/ul>\n<p>&nbsp;<\/p>\n<p>Um den Inhalt seiner Webseite zu verwalten, setzt Mecasoft essenzielle und funktionelle Cookies. Diese Cookies sind notwendig, damit diese Webseite ordnungsgem\u00e4\u00df funktioniert. Es ist nicht m\u00f6glich, diese Cookies abzulehnen, wenn Sie unsere Webseite besuchen m\u00f6chten.<\/p>\n<p>&nbsp;<\/p>\n<p>Mecasoft verwendet dar\u00fcber hinaus auch \u201eGoogle Analytics\u201c zu analytischen Zwecken. Dieses Analysetool installiert Cookies, die wir verwenden, um die Besuche (den Datenverkehr) auf der Webseite zu quantifizieren. So k\u00f6nnen wir unter anderem feststellen, wie oft eine bestimmte Seite gelesen wurde. Wir verwenden diese Informationen nur, um den Inhalt unserer Webseite zu verbessern oder als Grundlage f\u00fcr eine neue Kampagne zu einem bestimmten Thema, das auf gro\u00dfes Interesse st\u00f6\u00dft. Die Verwendung dieser Cookies zu Analysezwecken bedarf Ihrer vorherigen Einwilligung. Diese Cookies werden daher erst nach Ihrer Einwilligung auf Ihrem Ger\u00e4t installiert.<\/p>\n<p>&nbsp;<\/p>\n<p><strong>Liste der analytischen Cookies<\/strong><\/p>\n<p>Sie k\u00f6nnen die unten aufgef\u00fchrten Cookies ablehnen, wenn Sie auf unserer Webseite surfen m\u00f6chten.<\/p>\n<p>&nbsp;<\/p>\n<table width=\"662\">\n<tbody>\n<tr>\n<td width=\"217\"><strong>Name<\/strong><\/td>\n<td width=\"104\"><strong>G\u00fcltigkeit<\/strong><\/td>\n<td width=\"340\"><strong>Ziel<\/strong><\/td>\n<\/tr>\n<tr>\n<td width=\"217\">ga = Google Universal Analytics<\/td>\n<td width=\"104\">2 Jahre<\/td>\n<td width=\"340\">Unterscheidung einzelner Nutzer durch Zuweisung einer zuf\u00e4llig generierten Nummer als Kunden-ID<\/td>\n<\/tr>\n<tr>\n<td width=\"217\">_gat = Google Universal Analytics<\/td>\n<td width=\"104\">1 Minute<\/p>\n<p>&nbsp;<\/td>\n<td width=\"340\">Reduzierung der Anzahl von Anfragen<\/td>\n<\/tr>\n<tr>\n<td width=\"217\">_gid = Google Universal Analytics<\/td>\n<td width=\"104\">24 Stunden<\/td>\n<td width=\"340\">Speichern und Aktualisieren eines eindeutigen Wertes f\u00fcr jede besuchte Seite<\/td>\n<\/tr>\n<\/tbody>\n<\/table>\n<p>&nbsp;<\/p>\n<p>&nbsp;<\/p>\n<p><strong>Wie kann ich sehen, welche Cookies auf meinem Ger\u00e4t installiert sind, und wie kann ich sie l\u00f6schen?<\/strong><\/p>\n<p>Wenn Sie wissen m\u00f6chten, welche Cookies auf Ihrem Ger\u00e4t installiert sind, oder wenn Sie diese l\u00f6schen m\u00f6chten, k\u00f6nnen Sie die Einstellungen in Ihrem Browser aufrufen. Weitere Erkl\u00e4rungen zur Vorgehensweise finden Sie \u00fcber die unten angegebenen Links.<\/p>\n<p>&nbsp;<\/p>\n<table width=\"984\">\n<tbody>\n<tr>\n<td width=\"151\"><strong>Firefox<\/strong><\/td>\n<td width=\"151\"><strong>Chrome<\/strong><\/td>\n<td width=\"151\"><strong>Safari<\/strong><\/td>\n<td width=\"151\"><strong>Internet Explorer<\/strong><\/td>\n<\/tr>\n<tr>\n<td width=\"151\"><a href=\"https:\/\/support.mozilla.org\/de\/kb\/cookies-informationen-websites-auf-ihrem-computer\">Firefox<\/a><\/td>\n<td width=\"151\"><a href=\"https:\/\/support.google.com\/chrome\/answer\/95647?hl=de\">Chrome<\/a><\/td>\n<td width=\"151\"><a href=\"https:\/\/support.apple.com\/de-de\/guide\/safari\/sfri11471\/mac\">Safari<\/a><\/td>\n<td width=\"151\"><a href=\"https:\/\/support.microsoft.com\/de-de\/windows\/l%C3%B6schen-und-verwalten-von-cookies-168dab11-0753-043d-7c16-ede5947fc64d\">Internet Explorer<\/a><\/td>\n<\/tr>\n<tr>\n<td width=\"151\">Firefox (mobil)<\/td>\n<td width=\"151\"><a href=\"https:\/\/support.google.com\/chrome\/answer\/95647?hl=de&amp;co=GENIE.Platform&amp;oco=1\">Chrome (mobil)<\/a><\/td>\n<td width=\"151\"><a href=\"https:\/\/support.apple.com\/de-de\/HT201265\">Safari (mobil)<\/a><\/td>\n<td width=\"151\"><a href=\"https:\/\/support.microsoft.com\/de-de\/microsoft-edge\/cookies-in-microsoft-edge-l%C3%B6schen-63947406-40ac-c3b8-57b9-2a946a29ae09\">Microsoft Edge<\/a><\/td>\n<\/tr>\n<\/tbody>\n<\/table>\n<p>&nbsp;<\/p>\n<p>Verwenden Sie einen anderen Browser? \u00dcberpr\u00fcfen Sie, ob die Vorgehensweise f\u00fcr Ihren Browser auf der Webseite aufgef\u00fchrt ist\u00a0<a href=\"http:\/\/www.allaboutcookies.org\/manage-cookies\">www.allaboutcookies.org\/manage-cookies<\/a>. Diese Seite ist nur in englischer Sprache verf\u00fcgbar.<\/p>\n<p>&nbsp;<\/p>\n<h4>2.2.2. EXTERNE LINKS<\/h4>\n<p>&nbsp;<\/p>\n<p>Die Mecasoft-Webseite f\u00fchrt externe Links an, um bestimmte Informationen zu dokumentieren. Die Aktivierung dieser Links liegt in der Verantwortung des Nutzers. Wir empfehlen jedoch, die Datenschutzerkl\u00e4rung sowie die Cookie-Richtlinie der jeweiligen Seite zu lesen.<\/p>\n<p>&nbsp;<\/p>\n<h4>2.2.3. NEWSLETTER<\/h4>\n<p>&nbsp;<\/p>\n<p>Einwilligung<br \/>\nWir verarbeiten diese personenbezogenen Daten, um die (Informations-)Sicherheit und das reibungslose Funktionieren unserer Organisation zu gew\u00e4hrleisten.<\/p>\n<p>&nbsp;<\/p>\n<table width=\"699\">\n<tbody>\n<tr>\n<td width=\"189\"><strong>Welche personenbezogenen Daten werden erhoben?<\/strong><\/td>\n<td width=\"198\"><strong>Wie haben wir diese Daten erhalten?<\/strong><\/td>\n<td width=\"130\"><strong>Wie lange werden sie aufbewahrt?<\/strong><\/td>\n<td width=\"182\"><strong>Mit wem werden diese Daten geteilt?<\/strong><\/td>\n<\/tr>\n<tr>\n<td width=\"189\">Identifikationsdaten und Kontaktdaten<\/p>\n<p>&nbsp;<\/td>\n<td width=\"198\">Direkt von der betroffenen Person<\/td>\n<td width=\"130\">Bis zum Widerruf der Einwilligung<\/p>\n<p>&nbsp;<\/td>\n<td width=\"182\">Subunternehmer, die sich um unsere ICT-Infrastruktur k\u00fcmmern<\/td>\n<\/tr>\n<\/tbody>\n<\/table>\n<p>&nbsp;<\/p>\n<p>Sofern Sie vorher Ihre ausdr\u00fcckliche Einwilligung erteilt haben, d\u00fcrfen wir Ihnen Newsletter per E-Mail senden. Falls Sie unseren Newsletter nicht mehr erhalten m\u00f6chten, haben Sie jedoch jederzeit die M\u00f6glichkeit, sich \u00fcber die darin enthaltene Abmeldeoption vom Newsletter abzumelden.<\/p>\n<p>&nbsp;<\/p>\n<h2><strong>3. Welche Rechte haben Sie und wie k\u00f6nnen Sie sie aus\u00fcben?<\/strong><\/h2>\n<p>&nbsp;<\/p>\n<p>Wenn Sie eine Beschwerde, eine Frage oder ein Problem bez\u00fcglich der Art und Weise haben, wie wir Ihre personenbezogenen Daten verwenden, wenden Sie sich bitte an uns.<\/p>\n<p>&nbsp;<\/p>\n<p>Mecasoft<\/p>\n<p>Rue de la Molign\u00e9e 60<br \/>\n5537 ANHEE<br \/>\nBelgien<\/p>\n<p>+32 82 61 16 12<\/p>\n<p>contact@mecasoft.be<\/p>\n<p>Wenn Sie sich mit uns in Verbindung setzen, um Ihre Rechte auszu\u00fcben, werden wir Ihnen innerhalb eines Monats antworten. In Ausnahmef\u00e4llen kann diese Frist verl\u00e4ngert werden (bis zu maximal 3 Monaten), aber wir werden Ihnen dann innerhalb eines Monats den Grund daf\u00fcr mitteilen. Ob Sie Ihre Rechte aus\u00fcben k\u00f6nnen oder nicht, h\u00e4ngt von der Verarbeitung und der Rechtsgrundlage ab.<\/p>\n<p>&nbsp;<\/p>\n<p>Achten Sie darauf, dass Sie immer klar formulieren, welches Recht Sie aus\u00fcben m\u00f6chten und wie Sie die Informationen erhalten m\u00f6chten (z. B. per E-Mail, per Post, m\u00fcndlich, etc.). Ber\u00fccksichtigen Sie, dass wir in manchen F\u00e4llen zus\u00e4tzliche Informationen ben\u00f6tigen. Wir wollen sicherstellen, dass wir der richtigen Person helfen.<\/p>\n<p>&nbsp;<\/p>\n<h3>3.1. RECHT AUF AUSKUNFT<\/h3>\n<p>Sie haben das Recht, die bei uns gespeicherten personenbezogenen Daten abzufragen. Wir k\u00f6nnen Ihnen kostenlos eine Kopie davon zur Verf\u00fcgung stellen; allerdings ist dies nicht bei allen Dokumenten m\u00f6glich. Wir wollen n\u00e4mlich auch die Rechte und Freiheiten anderer respektieren.<\/p>\n<p>&nbsp;<\/p>\n<h3>3.2. RECHT AUF BERICHTIGUNG<\/h3>\n<p>Sind Sie der Meinung, dass Ihre Daten nicht korrekt oder aktuell sind? Sie haben das Recht, deren Berichtigung von uns zu verlangen.<\/p>\n<p>&nbsp;<\/p>\n<h3>3.3. WIDERSPRUCHSRECHT<\/h3>\n<p>Sie haben das Recht, von uns zu verlangen, die Verarbeitung Ihrer personenbezogenen Daten einzustellen.<\/p>\n<p>&nbsp;<\/p>\n<h3>3.4. RECHT AUF EINSCHR\u00c4NKUNG DER VERARBEITUNG<\/h3>\n<p>Sie k\u00f6nnen von uns verlangen, die Verarbeitung Ihrer personenbezogenen Daten einzuschr\u00e4nken, z. B. wenn wir die Richtigkeit Ihrer personenbezogenen Daten \u00fcberpr\u00fcfen.<\/p>\n<p>&nbsp;<\/p>\n<h3>3.5. RECHT AUF VERGESSENWERDEN ODER L\u00d6SCHUNG<\/h3>\n<p>Sie haben das Recht, uns aufzufordern, Ihre personenbezogenen Daten zu l\u00f6schen. Wenn wir gesetzlich verpflichtet sind, bestimmte personenbezogene Daten zu speichern, k\u00f6nnen wir dieser Aufforderung jedoch nicht nachkommen.<\/p>\n<p>&nbsp;<\/p>\n<h3>3.6. RECHT AUF WIDERRUF IHRER EINWILLIGUNG<\/h3>\n<p>Im Falle der Verarbeitung personenbezogener Daten, die auf Ihrer Einwilligung beruhen, kann diese Einwilligung widerrufen werden.<\/p>\n<p>&nbsp;<\/p>\n<h3>3.7. RECHT AUF BESCHWERDE BEI DER AUFSICHTSBEH\u00d6RDE<\/h3>\n<p>Wenn Sie der Ansicht sind, dass die Verarbeitung der Sie betreffenden personenbezogenen Daten gegen die EU-Datenschutzverordnung verst\u00f6\u00dft, haben Sie das Recht, sich bei einer Aufsichtsbeh\u00f6rde zu beschweren.<\/p>\n<p>&nbsp;<\/p>\n<p>Datenschutzbeh\u00f6rde<\/p>\n<p>Rue de la Presse, 35<\/p>\n<p>1000 Br\u00fcssel<\/p>\n<p>&nbsp;<\/p>\n<h2>4. Anwendungsbereich der Datenschutzrichtlinie<\/h2>\n<p>&nbsp;<\/p>\n<p>Sofern nicht anders angegeben, soll diese Datenschutzrichtlinie f\u00fcr alle Mecasoft-Webseiten, -Anwendungen, -Tools, etc. gelten, sowie f\u00fcr alle Dienstleistungen, die wir anbieten und auf die ausdr\u00fccklich verwiesen wird.<\/p>\n<p>&nbsp;<\/p>\n<p>Wir m\u00f6chten Sie darauf hinweisen, dass sich unsere Datenschutzrichtlinie im Laufe der Zeit \u00e4ndern kann. Jede \u00c4nderung gilt dann unmittelbar nach ihrer Ver\u00f6ffentlichung. Aus diesem Grund empfehlen wir Ihnen, sie regelm\u00e4\u00dfig abzurufen.<\/p>\n<p>&nbsp;<\/p>\n<p>Au\u00dfer in F\u00e4llen, in denen dies gesetzlich vorgeschrieben ist, oder in F\u00e4llen, in denen die Weitergabe Ihrer Daten erforderlich ist, um Ihre Anfrage zu bearbeiten oder unsere Aufgaben wie unter Punkt 3 beschrieben weiterzuf\u00fchren (Weitergabe an Beh\u00f6rden, Weitergabe an unsere Auftragnehmer, etc.), geben wir keine Ihrer personenbezogenen Daten an Dritte weiter, ohne vorher Ihre Einwilligung eingeholt zu haben. Au\u00dferdem achten wir bei der Weitergabe Ihrer Daten an andere Stellen stets darauf, dass wir nur die personenbezogenen Daten \u00fcbermitteln, die f\u00fcr den Zweck der Verarbeitung, f\u00fcr den Sie vorgesehen sind, unbedingt erforderlich sind.[\/vc_column_text][\/vc_column][\/vc_row]<\/p>\n<\/div>","protected":false},"excerpt":{"rendered":"<p>[vc_row][vc_column][vc_column_text] Datenschutzerkl\u00e4rung &nbsp; 1. Wer sind wir? &nbsp; Mecasoft Hochpr\u00e4zise Bearbeitung von Metallteilen. &nbsp; Mission Erf\u00fcllung der h\u00f6chsten Anforderungen der Hightech-Branchen. &nbsp; Kontakt Mecasoft Rue de la Molign\u00e9e 60 5537 ANHEE Belgien +32 82 61 16 12 contact@mecasoft.be BE 0429.711.384 &nbsp; Mecasoft verpflichtet sich, die in Belgien und Europa geltenden Gesetze einzuhalten und unternimmt alle&hellip;<\/p>\n","protected":false},"author":1,"featured_media":0,"parent":0,"menu_order":101,"comment_status":"closed","ping_status":"closed","template":"","meta":{"footnotes":""},"class_list":["post-1886","page","type-page","status-publish","hentry","description-off"],"yoast_head":"<!-- This site is optimized with the Yoast SEO plugin v26.8 - https:\/\/yoast.com\/product\/yoast-seo-wordpress\/ -->\n<title>Datenschutz | Mecasoft<\/title>\n<meta name=\"description\" content=\"Informieren Sie sich \u00fcber unsere Datenschutzbestimmungen.\" \/>\n<meta name=\"robots\" content=\"index, follow, max-snippet:-1, max-image-preview:large, max-video-preview:-1\" \/>\n<link rel=\"canonical\" href=\"https:\/\/www.mecasoft.be\/de\/datenschutz\/\" \/>\n<meta property=\"og:locale\" content=\"de_DE\" \/>\n<meta property=\"og:type\" content=\"article\" \/>\n<meta property=\"og:title\" content=\"Datenschutz | Mecasoft\" \/>\n<meta property=\"og:description\" content=\"Informieren Sie sich \u00fcber unsere Datenschutzbestimmungen.\" \/>\n<meta property=\"og:url\" content=\"https:\/\/www.mecasoft.be\/de\/datenschutz\/\" \/>\n<meta property=\"og:site_name\" content=\"Mecasoft\" \/>\n<meta property=\"article:modified_time\" content=\"2021-12-13T15:16:47+00:00\" \/>\n<meta name=\"twitter:card\" content=\"summary_large_image\" \/>\n<meta name=\"twitter:label1\" content=\"Gesch\u00e4tzte Lesezeit\" \/>\n\t<meta name=\"twitter:data1\" content=\"8\u00a0Minuten\" \/>\n<script type=\"application\/ld+json\" class=\"yoast-schema-graph\">{\"@context\":\"https:\/\/schema.org\",\"@graph\":[{\"@type\":\"WebPage\",\"@id\":\"https:\/\/www.mecasoft.be\/de\/datenschutz\/\",\"url\":\"https:\/\/www.mecasoft.be\/de\/datenschutz\/\",\"name\":\"Datenschutz | Mecasoft\",\"isPartOf\":{\"@id\":\"https:\/\/www.mecasoft.be\/#website\"},\"datePublished\":\"2021-07-23T07:13:05+00:00\",\"dateModified\":\"2021-12-13T15:16:47+00:00\",\"description\":\"Informieren Sie sich \u00fcber unsere Datenschutzbestimmungen.\",\"breadcrumb\":{\"@id\":\"https:\/\/www.mecasoft.be\/de\/datenschutz\/#breadcrumb\"},\"inLanguage\":\"de\",\"potentialAction\":[{\"@type\":\"ReadAction\",\"target\":[\"https:\/\/www.mecasoft.be\/de\/datenschutz\/\"]}]},{\"@type\":\"BreadcrumbList\",\"@id\":\"https:\/\/www.mecasoft.be\/de\/datenschutz\/#breadcrumb\",\"itemListElement\":[{\"@type\":\"ListItem\",\"position\":1,\"name\":\"Accueil\",\"item\":\"https:\/\/www.mecasoft.be\/de\/\"},{\"@type\":\"ListItem\",\"position\":2,\"name\":\"Datenschutz\"}]},{\"@type\":\"WebSite\",\"@id\":\"https:\/\/www.mecasoft.be\/#website\",\"url\":\"https:\/\/www.mecasoft.be\/\",\"name\":\"Mecasoft\",\"description\":\"\",\"publisher\":{\"@id\":\"https:\/\/www.mecasoft.be\/#organization\"},\"potentialAction\":[{\"@type\":\"SearchAction\",\"target\":{\"@type\":\"EntryPoint\",\"urlTemplate\":\"https:\/\/www.mecasoft.be\/?s={search_term_string}\"},\"query-input\":{\"@type\":\"PropertyValueSpecification\",\"valueRequired\":true,\"valueName\":\"search_term_string\"}}],\"inLanguage\":\"de\"},{\"@type\":\"Organization\",\"@id\":\"https:\/\/www.mecasoft.be\/#organization\",\"name\":\"Mecasoft - Usinage de haute pr\u00e9cision\",\"url\":\"https:\/\/www.mecasoft.be\/\",\"logo\":{\"@type\":\"ImageObject\",\"inLanguage\":\"de\",\"@id\":\"https:\/\/www.mecasoft.be\/#\/schema\/logo\/image\/\",\"url\":\"https:\/\/www.mecasoft.be\/wp-content\/uploads\/2021\/07\/mecasoft-520.png\",\"contentUrl\":\"https:\/\/www.mecasoft.be\/wp-content\/uploads\/2021\/07\/mecasoft-520.png\",\"width\":520,\"height\":160,\"caption\":\"Mecasoft - Usinage de haute pr\u00e9cision\"},\"image\":{\"@id\":\"https:\/\/www.mecasoft.be\/#\/schema\/logo\/image\/\"}}]}<\/script>\n<!-- \/ Yoast SEO plugin. -->","yoast_head_json":{"title":"Datenschutz | Mecasoft","description":"Informieren Sie sich \u00fcber unsere Datenschutzbestimmungen.","robots":{"index":"index","follow":"follow","max-snippet":"max-snippet:-1","max-image-preview":"max-image-preview:large","max-video-preview":"max-video-preview:-1"},"canonical":"https:\/\/www.mecasoft.be\/de\/datenschutz\/","og_locale":"de_DE","og_type":"article","og_title":"Datenschutz | Mecasoft","og_description":"Informieren Sie sich \u00fcber unsere Datenschutzbestimmungen.","og_url":"https:\/\/www.mecasoft.be\/de\/datenschutz\/","og_site_name":"Mecasoft","article_modified_time":"2021-12-13T15:16:47+00:00","twitter_card":"summary_large_image","twitter_misc":{"Gesch\u00e4tzte Lesezeit":"8\u00a0Minuten"},"schema":{"@context":"https:\/\/schema.org","@graph":[{"@type":"WebPage","@id":"https:\/\/www.mecasoft.be\/de\/datenschutz\/","url":"https:\/\/www.mecasoft.be\/de\/datenschutz\/","name":"Datenschutz | Mecasoft","isPartOf":{"@id":"https:\/\/www.mecasoft.be\/#website"},"datePublished":"2021-07-23T07:13:05+00:00","dateModified":"2021-12-13T15:16:47+00:00","description":"Informieren Sie sich \u00fcber unsere Datenschutzbestimmungen.","breadcrumb":{"@id":"https:\/\/www.mecasoft.be\/de\/datenschutz\/#breadcrumb"},"inLanguage":"de","potentialAction":[{"@type":"ReadAction","target":["https:\/\/www.mecasoft.be\/de\/datenschutz\/"]}]},{"@type":"BreadcrumbList","@id":"https:\/\/www.mecasoft.be\/de\/datenschutz\/#breadcrumb","itemListElement":[{"@type":"ListItem","position":1,"name":"Accueil","item":"https:\/\/www.mecasoft.be\/de\/"},{"@type":"ListItem","position":2,"name":"Datenschutz"}]},{"@type":"WebSite","@id":"https:\/\/www.mecasoft.be\/#website","url":"https:\/\/www.mecasoft.be\/","name":"Mecasoft","description":"","publisher":{"@id":"https:\/\/www.mecasoft.be\/#organization"},"potentialAction":[{"@type":"SearchAction","target":{"@type":"EntryPoint","urlTemplate":"https:\/\/www.mecasoft.be\/?s={search_term_string}"},"query-input":{"@type":"PropertyValueSpecification","valueRequired":true,"valueName":"search_term_string"}}],"inLanguage":"de"},{"@type":"Organization","@id":"https:\/\/www.mecasoft.be\/#organization","name":"Mecasoft - Usinage de haute pr\u00e9cision","url":"https:\/\/www.mecasoft.be\/","logo":{"@type":"ImageObject","inLanguage":"de","@id":"https:\/\/www.mecasoft.be\/#\/schema\/logo\/image\/","url":"https:\/\/www.mecasoft.be\/wp-content\/uploads\/2021\/07\/mecasoft-520.png","contentUrl":"https:\/\/www.mecasoft.be\/wp-content\/uploads\/2021\/07\/mecasoft-520.png","width":520,"height":160,"caption":"Mecasoft - Usinage de haute pr\u00e9cision"},"image":{"@id":"https:\/\/www.mecasoft.be\/#\/schema\/logo\/image\/"}}]}},"jetpack_sharing_enabled":true,"_links":{"self":[{"href":"https:\/\/www.mecasoft.be\/de\/wp-json\/wp\/v2\/pages\/1886","targetHints":{"allow":["GET"]}}],"collection":[{"href":"https:\/\/www.mecasoft.be\/de\/wp-json\/wp\/v2\/pages"}],"about":[{"href":"https:\/\/www.mecasoft.be\/de\/wp-json\/wp\/v2\/types\/page"}],"author":[{"embeddable":true,"href":"https:\/\/www.mecasoft.be\/de\/wp-json\/wp\/v2\/users\/1"}],"replies":[{"embeddable":true,"href":"https:\/\/www.mecasoft.be\/de\/wp-json\/wp\/v2\/comments?post=1886"}],"version-history":[{"count":5,"href":"https:\/\/www.mecasoft.be\/de\/wp-json\/wp\/v2\/pages\/1886\/revisions"}],"predecessor-version":[{"id":1891,"href":"https:\/\/www.mecasoft.be\/de\/wp-json\/wp\/v2\/pages\/1886\/revisions\/1891"}],"wp:attachment":[{"href":"https:\/\/www.mecasoft.be\/de\/wp-json\/wp\/v2\/media?parent=1886"}],"curies":[{"name":"wp","href":"https:\/\/api.w.org\/{rel}","templated":true}]}}